{"id":29170,"date":"2025-12-25T17:11:06","date_gmt":"2025-12-25T17:11:06","guid":{"rendered":"https:\/\/www.infinitri.be\/?post_type=product&#038;p=29170"},"modified":"2026-04-04T17:32:48","modified_gmt":"2026-04-04T16:32:48","slug":"compressport-aero-socks","status":"publish","type":"product","link":"https:\/\/www.infinitri.be\/nl\/product\/compressport-aero-socks\/","title":{"rendered":"Compressport - aero sokken"},"content":{"rendered":"<p><!--themify_builder_static--><\/p>\n<h1 style=\"text-align: center\">Beschrijving \u2699<\/h1>\n<p>R\u00e9unissant les technologies de nos mod\u00e8les de chaussettes les plus performants, la toute nouvelle chaussette Aero Sock porte les performances multisports \u00e0 un tout autre niveau, avec une vitesse d\u00e9fiant l&#8217;air. Test\u00e9 et optimis\u00e9 en soufflerie, le tissu avant pr\u00e9sente des lignes structur\u00e9es pour augmenter la turbulence de la couche limite (surface) et gagner plus d&#8217;une minute sur une course cycliste Ironman de 180 km. Nos tout nouveaux Aero.dots forment une ligne allant de la mall\u00e9ole \u00e0 la couture, dirigeant le flux d&#8217;air pour r\u00e9duire les turbulences \u00e0 l&#8217;arri\u00e8re de la chaussette, diminuer la tra\u00een\u00e9e et \u00e9conomiser quelques watts suppl\u00e9mentaires. La structure du pied suit le design de la chaussette de course Ultralight, avec des mailles l\u00e9g\u00e8res qui \u00e9vacuent la transpiration pour une ventilation et une thermor\u00e9gulation optimales dans des conditions chaudes.\u00a0<br \/>\n<img fetchpriority=\"high\" decoding=\"async\" src=\"https:\/\/infinitri.be\/wp-content\/uploads\/2023\/02\/aero-socks-black-red-1-545x545.jpg\" width=\"545\" height=\"545\" title=\"aero-socks-black-red (1)\" alt=\"aero-socks-black-red (1)\" \/><\/p>\n<h1>Technische specificaties<\/h1>\n<p>Des performances a\u00e9rodynamiques \u00e9prouv\u00e9es, avec un mat\u00e9riau structur\u00e9 et la technologie Aero.dot pour r\u00e9duire la tra\u00een\u00e9e et augmenter la vitesse.<\/p>\n<p>Une thermor\u00e9gulation et une ventilation maximales gr\u00e2ce \u00e0 des panneaux en maille l\u00e9g\u00e8re, pour garder vos pieds au frais.<\/p>\n<p>Tissu ultral\u00e9ger autour du pied et du mollet pour une ventilation et un confort performants lors des courses en conditions chaudes<\/p>\n<p>    <em style=\"color:#000000\"><\/em> <\/p>\n<p style=\"text-align: left\">SCHOKABSORPTIE \u2605<\/p>\n<p>    <em style=\"color:#000000\"><\/em> <\/p>\n<p>BESCHERMING \u2605\u2605<\/p>\n<p>    <em style=\"color:#000000\"><\/em> <\/p>\n<p style=\"text-align: left\">ADEMEND VERMOGEN \u2605\u2605<\/p>\n<p>    <em style=\"color:#000000\"><\/em> <\/p>\n<p>SUPPORT \u2605\u2605<\/p>\n<h1 style=\"text-align: center\">Materiaal \ud83d\udc56<\/h1>\n<p>96% Polyamide, 4% Elastane<\/p>\n<p><img decoding=\"async\" src=\"https:\/\/www.compressport.com\/inter\/img\/prods_entretien.png\" \/><\/p>\n<p><img decoding=\"async\" src=\"https:\/\/infinitri.be\/wp-content\/uploads\/2023\/02\/aero-socks-white-lime-1-545x545.jpg\" width=\"545\" height=\"545\" title=\"aero-socks-white-lime (1)\" alt=\"aero-socks-white-lime (1)\" \/><br \/>\n<img decoding=\"async\" src=\"https:\/\/infinitri.be\/wp-content\/uploads\/2023\/02\/aero-socks-black-red-2-545x545.jpg\" width=\"545\" height=\"545\" title=\"aero-socks-black-red (2)\" alt=\"aero-socks-black-red (2)\" \/><\/p>\n<h1 style=\"text-align: center\">Meer info\ud83d\udca1<\/h1>\n<p style=\"text-align: left\">La bo\u00eete \u00e0 orteils revue et \u00e9largie apporte plus de confort et une meilleure proprioception \u00e0 votre course, tandis qu&#8217;un tricot sp\u00e9cial autour du talon offre un soutien doux lorsque le rythme s&#8217;acc\u00e9l\u00e8re. Un l\u00e9ger soutien de la vo\u00fbte plantaire emp\u00eache le tissu de se tordre et d&#8217;irriter, avec un rembourrage suppl\u00e9mentaire en \u00e9ponge sur le gros orteil pour vous \u00e9viter les ongles noirs et les contusions. Sous le pied, un motif astucieux compos\u00e9 de 50 % de 3D.Dots et de 50 % de Flat.Dots amortit les chocs et renforce l&#8217;adh\u00e9rence de la chaussure. Il fournit \u00e9galement une micro-stimulation douce pour augmenter le retour veineux et retarder la fatigue, tandis que la ventilation est \u00e9galement am\u00e9lior\u00e9e car l&#8217;air circule entre les points. \u00c0 l&#8217;arri\u00e8re de la chaussette, une maille ultral\u00e9g\u00e8re prend soin de la thermor\u00e9gulation sans ajouter de poids et une bande d&#8217;Achille compl\u00e8te en technologie \u00e0 pois offre un soutien rassurant dans toutes les disciplines. La coupe est plus haute que celle de nos mod\u00e8les trail et running pour une performance a\u00e9rodynamique optimale tout en restant dans les limites de l&#8217;UCI. Des inserts en silicone autour de la couture emp\u00eachent le mat\u00e9riau de glisser vers le bas lorsque vous passez du v\u00e9lo \u00e0 la course. La chaussette la plus rapide du lot, la r\u00e9volutionnaire Aero Sock est pr\u00eate \u00e0 devenir votre nouvelle chaussure de choix, de votre tri local aux champs de lave de Kona.<\/p>\n<p><!--\/themify_builder_static--><\/p>","protected":false},"excerpt":{"rendered":"<p>Chaussette a\u00e9rodynamique l\u00e9g\u00e8re et a\u00e9r\u00e9e, \u00e0 coupe haute, pour battre le chrono sur le v\u00e9lo et lors des \u00e9preuves multisports.<\/p>","protected":false},"featured_media":29191,"comment_status":"open","ping_status":"closed","template":"","meta":[],"product_brand":[329],"product_cat":[40,173,37,59],"product_tag":[],"class_list":{"0":"post-29170","1":"product","2":"type-product","3":"status-publish","4":"has-post-thumbnail","6":"product_brand-compressport","7":"product_cat-accessoires","8":"product_cat-chaussettes-cyclisme","9":"product_cat-cyclisme","10":"product_cat-triathlon","11":"zank_product_brands-compressport","12":"nt-post-class","13":"","19":"first","20":"instock","21":"taxable","22":"shipping-taxable","23":"purchasable","24":"product-type-variable"},"_links":{"self":[{"href":"https:\/\/www.infinitri.be\/nl\/wp-json\/wp\/v2\/product\/29170","targetHints":{"allow":["GET"]}}],"collection":[{"href":"https:\/\/www.infinitri.be\/nl\/wp-json\/wp\/v2\/product"}],"about":[{"href":"https:\/\/www.infinitri.be\/nl\/wp-json\/wp\/v2\/types\/product"}],"replies":[{"embeddable":true,"href":"https:\/\/www.infinitri.be\/nl\/wp-json\/wp\/v2\/comments?post=29170"}],"wp:featuredmedia":[{"embeddable":true,"href":"https:\/\/www.infinitri.be\/nl\/wp-json\/wp\/v2\/media\/29191"}],"wp:attachment":[{"href":"https:\/\/www.infinitri.be\/nl\/wp-json\/wp\/v2\/media?parent=29170"}],"wp:term":[{"taxonomy":"product_brand","embeddable":true,"href":"https:\/\/www.infinitri.be\/nl\/wp-json\/wp\/v2\/product_brand?post=29170"},{"taxonomy":"product_cat","embeddable":true,"href":"https:\/\/www.infinitri.be\/nl\/wp-json\/wp\/v2\/product_cat?post=29170"},{"taxonomy":"product_tag","embeddable":true,"href":"https:\/\/www.infinitri.be\/nl\/wp-json\/wp\/v2\/product_tag?post=29170"}],"curies":[{"name":"wp","href":"https:\/\/api.w.org\/{rel}","templated":true}]}}