{"id":29202,"date":"2025-12-25T17:11:41","date_gmt":"2025-12-25T17:11:41","guid":{"rendered":"https:\/\/www.infinitri.be\/?post_type=product&#038;p=29202"},"modified":"2026-04-04T17:32:40","modified_gmt":"2026-04-04T16:32:40","slug":"compressport-r2-3-0","status":"publish","type":"product","link":"https:\/\/www.infinitri.be\/nl\/product\/compressport-r2-3-0\/","title":{"rendered":"Compressport \u2013 R2 3.0"},"content":{"rendered":"<p><!--themify_builder_static--><\/p>\n<h1 style=\"text-align: center\">Beschrijving \u2699<\/h1>\n<p>Les manchons de compression R2v2 sont peut-\u00eatre notre produit le plus embl\u00e9matique. Vus partout, des s\u00e9ances d\u2019entra\u00eenement aux podiums, gr\u00e2ce \u00e0 leur confort et leur maintien in\u00e9gal\u00e9s, ces manchons de conception scientifique ont r\u00e9volutionn\u00e9 les v\u00eatements de compression. Alors qu\u2019il serait facile pour nous de nous reposer sur nos lauriers, nous n\u2019avons fait qu\u2019innover, et nous sommes maintenant fiers de pr\u00e9senter l\u2019\u00e9volution du R2v2&#8230; le R2 3.0. Pour am\u00e9liorer ce grand classique, nous avons repris toutes les caract\u00e9ristiques qui ont fait du R2v2 un produit si respect\u00e9 : sa compression multigraduelle sans couture exclusive, le tissu \u00e0 s\u00e9chage rapide et la languette K-Protect au niveau du genou sp\u00e9cialement con\u00e7ue pour r\u00e9duire les chocs, le tout associ\u00e9 \u00e0 des d\u00e9tails encore plus r\u00e9volutionnaires. Les nouvelles bandes fibulaires activent le propriocePortugalion pour accro\u00eetre l\u2019\u00e9quilibre et la stabilit\u00e9, ce qui r\u00e9duit le risque d\u2019entorses sur la piste.\u00a0<\/p>\n<section><\/section>\n<p>\u00a0<br \/>\n<img fetchpriority=\"high\" decoding=\"async\" src=\"https:\/\/infinitri.be\/wp-content\/uploads\/2023\/02\/r2-3-dark-blue-3-545x545.jpg\" width=\"545\" height=\"545\" title=\"r2-3-dark-blue (3)\" alt=\"r2-3-dark-blue (3)\" \/><\/p>\n<h1>Technische specificaties<\/h1>\n<p>Am\u00e9lioration de l\u2019\u00e9quilibre et de la stabilit\u00e9 gr\u00e2ce aux bandes fibulaires textur\u00e9es qui stimulent la propriocePortugalors, augmentant l\u2019adh\u00e9rence et r\u00e9duisant les risques d\u2019entorse de la chevilleSoutien musculaire de haut niveau pour les mollets, r\u00e9duisant le risque de blessures et de crampes gr\u00e2ce \u00e0 une compression cibl\u00e9e \u00e0 360 degr\u00e9sLes zones cibl\u00e9es en tricot gaufr\u00e9 favorisent la microcirculation, r\u00e9duisant ainsi les inflammations ainsi que les probl\u00e8mes d\u2019estomac lors des courses de longue dur\u00e9e<br \/>\n    <em style=\"color:#000000\"><\/em> <\/p>\n<p style=\"text-align: left\">SCHOKABSORPTIE \u2605\u2605<\/p>\n<p>    <em style=\"color:#000000\"><\/em> <\/p>\n<p>COMPRESSION \u2605\u2605<\/p>\n<p>    <em style=\"color:#000000\"><\/em> <\/p>\n<p style=\"text-align: left\">LEGERETE \u2605\u2605<\/p>\n<p>    <em style=\"color:#000000\"><\/em> <\/p>\n<p>THERMOREGULATION \u2605\u2605<\/p>\n<h1 style=\"text-align: center\">Materiaal \ud83d\udc56<\/h1>\n<p>43% multifilament Polyamide, 35% Elastane, 22% Polyamide<\/p>\n<p><img decoding=\"async\" src=\"https:\/\/www.compressport.com\/inter\/img\/prods_entretien.png\" \/><\/p>\n<p><img decoding=\"async\" src=\"https:\/\/infinitri.be\/wp-content\/uploads\/2023\/02\/r2-3-dark-blue-1-545x545.jpg\" width=\"545\" height=\"545\" title=\"r2-3-dark-blue (1)\" alt=\"r2-3-dark-blue (1)\" \/><br \/>\n<img decoding=\"async\" src=\"https:\/\/infinitri.be\/wp-content\/uploads\/2023\/02\/r2-3-dark-blue-545x545.jpg\" width=\"545\" height=\"545\" title=\"r2-3-dark-blue\" alt=\"r2-3-dark-blue\" \/><\/p>\n<h1 style=\"text-align: center\">Meer info\ud83d\udca1<\/h1>\n<p style=\"text-align: left\">Les zones horizontales cibl\u00e9es en tricot gaufr\u00e9 favorisent la microcirculation et le flux lymphatique, r\u00e9duisant ainsi les douleurs et les inflammations du tibia. Pour les contextes nocturnes, nous avons ajout\u00e9 un logo r\u00e9fl\u00e9chissant \u00e0 l\u2019arri\u00e8re de la manche pour une meilleure visibilit\u00e9. Suite \u00e0 la parution r\u00e9cente d\u2019un rapport scientifique montrant que les manchons de compression contribuaient \u00e0 r\u00e9duire les probl\u00e8mes d\u2019estomac apr\u00e8s une activit\u00e9 intense, nous avons perfectionn\u00e9 ces zones en tricot gaufr\u00e9 pour favoriser davantage la circulation sanguine et r\u00e9duire les dommages intestinaux. En bref, plus de DNF ni de crampes d\u2019estomac. Que vous fassiez du jogging dans le parc ou que vous soyez \u00e0 mi-chemin des marathons Barkley, le R2 3.0 vous aidera \u00e0 aller plus loin.<\/p>\n<p><!--\/themify_builder_static--><\/p>","protected":false},"excerpt":{"rendered":"<p>L\u2019\u00e9volution de nos embl\u00e9matiques manchons de compression R2v2 pour les mollets, qui augmentent la stabilit\u00e9 et r\u00e9duisent les chocs, o\u00f9 que vous couriez.<\/p>","protected":false},"featured_media":29234,"comment_status":"open","ping_status":"closed","template":"","meta":[],"product_brand":[329],"product_cat":[40,155,16,59],"product_tag":[],"class_list":{"0":"post-29202","1":"product","2":"type-product","3":"status-publish","4":"has-post-thumbnail","6":"product_brand-compressport","7":"product_cat-accessoires","8":"product_cat-compression","9":"product_cat-course","10":"product_cat-triathlon","11":"zank_product_brands-compressport","12":"nt-post-class","13":"","19":"first","20":"instock","21":"sale","22":"taxable","23":"shipping-taxable","24":"purchasable","25":"product-type-variable"},"_links":{"self":[{"href":"https:\/\/www.infinitri.be\/nl\/wp-json\/wp\/v2\/product\/29202","targetHints":{"allow":["GET"]}}],"collection":[{"href":"https:\/\/www.infinitri.be\/nl\/wp-json\/wp\/v2\/product"}],"about":[{"href":"https:\/\/www.infinitri.be\/nl\/wp-json\/wp\/v2\/types\/product"}],"replies":[{"embeddable":true,"href":"https:\/\/www.infinitri.be\/nl\/wp-json\/wp\/v2\/comments?post=29202"}],"wp:featuredmedia":[{"embeddable":true,"href":"https:\/\/www.infinitri.be\/nl\/wp-json\/wp\/v2\/media\/29234"}],"wp:attachment":[{"href":"https:\/\/www.infinitri.be\/nl\/wp-json\/wp\/v2\/media?parent=29202"}],"wp:term":[{"taxonomy":"product_brand","embeddable":true,"href":"https:\/\/www.infinitri.be\/nl\/wp-json\/wp\/v2\/product_brand?post=29202"},{"taxonomy":"product_cat","embeddable":true,"href":"https:\/\/www.infinitri.be\/nl\/wp-json\/wp\/v2\/product_cat?post=29202"},{"taxonomy":"product_tag","embeddable":true,"href":"https:\/\/www.infinitri.be\/nl\/wp-json\/wp\/v2\/product_tag?post=29202"}],"curies":[{"name":"wp","href":"https:\/\/api.w.org\/{rel}","templated":true}]}}