{"id":29564,"date":"2025-12-25T17:22:04","date_gmt":"2025-12-25T17:22:04","guid":{"rendered":"https:\/\/www.infinitri.be\/?post_type=product&#038;p=29564"},"modified":"2026-04-04T18:45:14","modified_gmt":"2026-04-04T17:45:14","slug":"huub-lacets-transition-noir","status":"publish","type":"product","link":"https:\/\/www.infinitri.be\/nl\/product\/huub-lacets-transition-noir\/","title":{"rendered":"Huub - Transition veters zwart"},"content":{"rendered":"<h4 class=\"key-features\">DESCRIPTIF<\/h4>\n<div class=\"app-translate-text__content color-text--apple custom-scroll-bar app-translate-text__content_font-size_14\" dir=\"ltr\">LACETS NOIRS HUUB<\/div>\n<div class=\"app-translate-text__content color-text--apple custom-scroll-bar app-translate-text__content_font-size_14\" dir=\"ltr\"><\/div>\n<div class=\"app-translate-text__content color-text--apple custom-scroll-bar app-translate-text__content_font-size_14\" dir=\"ltr\">Nous savons que lors d\u2019un triathlon chaque seconde compte. La derni\u00e8re chose que vous voulez faire en T2 est de t\u00e2tonner avec vos lacets. Ces HUUB Elastic Lace Locks vous permettront d\u2019\u00e9conomiser des secondes de transition vitales et de vous faire sortir sur la sc\u00e8ne de course plus rapidement.<\/div>\n<div class=\"app-translate-text__content color-text--apple custom-scroll-bar app-translate-text__content_font-size_14\" dir=\"ltr\"><\/div>\n<div class=\"app-translate-text__content color-text--apple custom-scroll-bar app-translate-text__content_font-size_14\" dir=\"ltr\"><\/div>\n<div class=\"app-translate-text__content color-text--apple custom-scroll-bar app-translate-text__content_font-size_14\" dir=\"ltr\">Caract\u00e9ristiques des lacets noirs HUUB :<\/div>\n<div class=\"app-translate-text__content color-text--apple custom-scroll-bar app-translate-text__content_font-size_14\" dir=\"ltr\"><\/div>\n<div class=\"app-translate-text__content color-text--apple custom-scroll-bar app-translate-text__content_font-size_14\" dir=\"ltr\"><\/div>\n<div class=\"app-translate-text__content color-text--apple custom-scroll-bar app-translate-text__content_font-size_14\" dir=\"ltr\">&#8211; Installation facile<\/div>\n<div class=\"app-translate-text__content color-text--apple custom-scroll-bar app-translate-text__content_font-size_14\" dir=\"ltr\">&#8211; Taille unique pour tous (juniors et adultes)<\/div>\n<div class=\"app-translate-text__content color-text--apple custom-scroll-bar app-translate-text__content_font-size_14\" dir=\"ltr\">&#8211; Id\u00e9al pour une utilisation occasionnelle, d\u2019entra\u00eenement ou de course<\/div>\n<div class=\"app-translate-text__content color-text--apple custom-scroll-bar app-translate-text__content_font-size_14\" dir=\"ltr\">&#8211; Nos lacets \u00e9lastiques se conforment \u00e0 votre pied pour un ajustement personnalis\u00e9<\/div>","protected":false},"excerpt":{"rendered":"<p>Lacets id\u00e9al pour vos transitions rapide<\/p>","protected":false},"featured_media":29591,"comment_status":"open","ping_status":"closed","template":"","meta":[],"product_brand":[286],"product_cat":[40,139,16,59],"product_tag":[],"class_list":{"0":"post-29564","1":"product","2":"type-product","3":"status-publish","4":"has-post-thumbnail","6":"product_brand-huub","7":"product_cat-accessoires","8":"product_cat-accessoires-running","9":"product_cat-course","10":"product_cat-triathlon","11":"zank_product_brands-huub","12":"nt-post-class","13":"","19":"first","20":"instock","21":"taxable","22":"shipping-taxable","23":"purchasable","24":"product-type-simple"},"_links":{"self":[{"href":"https:\/\/www.infinitri.be\/nl\/wp-json\/wp\/v2\/product\/29564","targetHints":{"allow":["GET"]}}],"collection":[{"href":"https:\/\/www.infinitri.be\/nl\/wp-json\/wp\/v2\/product"}],"about":[{"href":"https:\/\/www.infinitri.be\/nl\/wp-json\/wp\/v2\/types\/product"}],"replies":[{"embeddable":true,"href":"https:\/\/www.infinitri.be\/nl\/wp-json\/wp\/v2\/comments?post=29564"}],"wp:featuredmedia":[{"embeddable":true,"href":"https:\/\/www.infinitri.be\/nl\/wp-json\/wp\/v2\/media\/29591"}],"wp:attachment":[{"href":"https:\/\/www.infinitri.be\/nl\/wp-json\/wp\/v2\/media?parent=29564"}],"wp:term":[{"taxonomy":"product_brand","embeddable":true,"href":"https:\/\/www.infinitri.be\/nl\/wp-json\/wp\/v2\/product_brand?post=29564"},{"taxonomy":"product_cat","embeddable":true,"href":"https:\/\/www.infinitri.be\/nl\/wp-json\/wp\/v2\/product_cat?post=29564"},{"taxonomy":"product_tag","embeddable":true,"href":"https:\/\/www.infinitri.be\/nl\/wp-json\/wp\/v2\/product_tag?post=29564"}],"curies":[{"name":"wp","href":"https:\/\/api.w.org\/{rel}","templated":true}]}}