{"id":29590,"date":"2025-12-25T17:22:05","date_gmt":"2025-12-25T17:22:05","guid":{"rendered":"https:\/\/www.infinitri.be\/?post_type=product&#038;p=29590"},"modified":"2026-04-04T17:29:42","modified_gmt":"2026-04-04T16:29:42","slug":"arena-g-kikko-pro-swimsuit-jr-swim-tech-l-maillot-fille","status":"publish","type":"product","link":"https:\/\/www.infinitri.be\/nl\/product\/arena-g-kikko-pro-swimsuit-jr-swim-tech-l-maillot-fille\/","title":{"rendered":"Arena - G Kikko Pro Zwempak Jr Swim Tech L meisjeszwempak"},"content":{"rendered":"<p>Le maillot de bain durable et r\u00e9sistant au chlore arena Kikko Pro Swim Tech Lining pour filles de la ligne Performance d\u2019arena est id\u00e9al pour les nageuses comp\u00e9titrices et les nageuses r\u00e9guli\u00e8res, qui nagent souvent en piscine. Ce mod\u00e8le est con\u00e7u selon une nouvelle interpr\u00e9tation de la ligne Diamonds d\u2019arena. Le tissu MaxLife Eco ultra-r\u00e9sistant au chlore avec protection UV int\u00e9gr\u00e9e UPF 50+ est durable et s\u00e8che tr\u00e8s rapidement. Cette nouvelle version \u00e9co-responsable du tissu arena MaxLife contient au moins 50% de polyester recycl\u00e9\u00a0 \u00e0 partir de bouteilles en plastique PET. Le dos ouvert garantit une libert\u00e9 de mouvement maximale et une excellente sensation sur l\u2019eau, tout en r\u00e9duisant la tra\u00een\u00e9e. Comporte une doublure confortable. Tous les composants de ce tissu certifie STANDARD 100 by OEKO-TEX ont \u00e9t\u00e9 soumis \u00e0 des contr\u00f4les sur les substances dangereuses afin de garantir un article sans danger pour la sante humaine. Ces contr\u00f4les sont r\u00e9alis\u00e9s dans les instituts de notre partenaire OEKO-TEX ind\u00e9pendant en fonction d\u2019un ensemble complet de crit\u00e8res d\u2019essai.<\/p>","protected":false},"excerpt":{"rendered":"<p>&nbsp;<\/p>\n<p>Maillot fille Kikko Maw life dos ouvert .<\/p>\n<p>Disponible en 2 coloris, noir ou bleu<\/p>","protected":false},"featured_media":29609,"comment_status":"open","ping_status":"closed","template":"","meta":[],"product_brand":[326],"product_cat":[86,41],"product_tag":[],"class_list":{"0":"post-29590","1":"product","2":"type-product","3":"status-publish","4":"has-post-thumbnail","6":"product_brand-arena","7":"product_cat-maillots","8":"product_cat-natation","9":"zank_product_brands-arena","10":"nt-post-class","11":"","17":"first","18":"instock","19":"taxable","20":"shipping-taxable","21":"purchasable","22":"product-type-variable"},"_links":{"self":[{"href":"https:\/\/www.infinitri.be\/nl\/wp-json\/wp\/v2\/product\/29590","targetHints":{"allow":["GET"]}}],"collection":[{"href":"https:\/\/www.infinitri.be\/nl\/wp-json\/wp\/v2\/product"}],"about":[{"href":"https:\/\/www.infinitri.be\/nl\/wp-json\/wp\/v2\/types\/product"}],"replies":[{"embeddable":true,"href":"https:\/\/www.infinitri.be\/nl\/wp-json\/wp\/v2\/comments?post=29590"}],"wp:featuredmedia":[{"embeddable":true,"href":"https:\/\/www.infinitri.be\/nl\/wp-json\/wp\/v2\/media\/29609"}],"wp:attachment":[{"href":"https:\/\/www.infinitri.be\/nl\/wp-json\/wp\/v2\/media?parent=29590"}],"wp:term":[{"taxonomy":"product_brand","embeddable":true,"href":"https:\/\/www.infinitri.be\/nl\/wp-json\/wp\/v2\/product_brand?post=29590"},{"taxonomy":"product_cat","embeddable":true,"href":"https:\/\/www.infinitri.be\/nl\/wp-json\/wp\/v2\/product_cat?post=29590"},{"taxonomy":"product_tag","embeddable":true,"href":"https:\/\/www.infinitri.be\/nl\/wp-json\/wp\/v2\/product_tag?post=29590"}],"curies":[{"name":"wp","href":"https:\/\/api.w.org\/{rel}","templated":true}]}}