{"id":30326,"date":"2025-12-26T14:23:22","date_gmt":"2025-12-26T14:23:22","guid":{"rendered":"https:\/\/www.infinitri.be\/?post_type=product&#038;p=30326"},"modified":"2026-04-04T18:47:30","modified_gmt":"2026-04-04T17:47:30","slug":"compressport-6p-trucker-cap-sugar","status":"publish","type":"product","link":"https:\/\/www.infinitri.be\/nl\/product\/compressport-6p-trucker-cap-sugar\/","title":{"rendered":"Compressport-6P Trucker pet Suiker"},"content":{"rendered":"<p>Adoptez un style classique avec une pointe de modernit\u00e9 en enfilant la nouvelle Trucker 6P Cap. Inspir\u00e9 de la casquette de baseball, cet accessoire tendance conjugue fonctionnalit\u00e9 avec un look sportif et d\u00e9contract\u00e9. La grande visi\u00e8re incurv\u00e9e prot\u00e8ge vos yeux du soleil et retient les m\u00e8ches rebelles, tandis que le panneau arri\u00e8re est en mesh ripstop durable pour une respirabilit\u00e9 optimale et un style originel. Les panneaux lat\u00e9raux sont en toile robuste pour offrir \u00e0 la casquette une structure solide et intemporelle. \u00c0 l\u2019avant, un \u00e9cusson rectangulaire affirm\u00e9 accueille le logo Racing de Compressport. La casquette est facilement ajustable gr\u00e2ce \u00e0 la fermeture \u00ab snapback \u00bb traditionnelle. Que vous alliez au briefing de la course, \u00e0 l`after ou simplement en ville, la Trucker 6P Cap sera le compl\u00e9ment parfait de votre tenue de choix Compressport.<\/p>","protected":false},"excerpt":{"rendered":"<p>Casquette tendance en toile avec visi\u00e8re incurv\u00e9e.<\/p>","protected":false},"featured_media":30372,"comment_status":"open","ping_status":"closed","template":"","meta":[],"product_brand":[329],"product_cat":[40,156,16,59],"product_tag":[],"class_list":{"0":"post-30326","1":"product","2":"type-product","3":"status-publish","4":"has-post-thumbnail","6":"product_brand-compressport","7":"product_cat-accessoires","8":"product_cat-casquettes-visieres-headband","9":"product_cat-course","10":"product_cat-triathlon","11":"zank_product_brands-compressport","12":"nt-post-class","13":"","19":"first","20":"instock","21":"taxable","22":"shipping-taxable","23":"purchasable","24":"product-type-simple"},"_links":{"self":[{"href":"https:\/\/www.infinitri.be\/nl\/wp-json\/wp\/v2\/product\/30326","targetHints":{"allow":["GET"]}}],"collection":[{"href":"https:\/\/www.infinitri.be\/nl\/wp-json\/wp\/v2\/product"}],"about":[{"href":"https:\/\/www.infinitri.be\/nl\/wp-json\/wp\/v2\/types\/product"}],"replies":[{"embeddable":true,"href":"https:\/\/www.infinitri.be\/nl\/wp-json\/wp\/v2\/comments?post=30326"}],"wp:featuredmedia":[{"embeddable":true,"href":"https:\/\/www.infinitri.be\/nl\/wp-json\/wp\/v2\/media\/30372"}],"wp:attachment":[{"href":"https:\/\/www.infinitri.be\/nl\/wp-json\/wp\/v2\/media?parent=30326"}],"wp:term":[{"taxonomy":"product_brand","embeddable":true,"href":"https:\/\/www.infinitri.be\/nl\/wp-json\/wp\/v2\/product_brand?post=30326"},{"taxonomy":"product_cat","embeddable":true,"href":"https:\/\/www.infinitri.be\/nl\/wp-json\/wp\/v2\/product_cat?post=30326"},{"taxonomy":"product_tag","embeddable":true,"href":"https:\/\/www.infinitri.be\/nl\/wp-json\/wp\/v2\/product_tag?post=30326"}],"curies":[{"name":"wp","href":"https:\/\/api.w.org\/{rel}","templated":true}]}}