{"id":30450,"date":"2025-12-26T14:26:56","date_gmt":"2025-12-26T14:26:56","guid":{"rendered":"https:\/\/www.infinitri.be\/?post_type=product&#038;p=30450"},"modified":"2026-04-04T18:39:58","modified_gmt":"2026-04-04T17:39:58","slug":"arena-spikyiii-backpack-45-navy-neon-yellow","status":"publish","type":"product","link":"https:\/\/www.infinitri.be\/nl\/product\/arena-spikyiii-backpack-45-navy-neon-yellow\/","title":{"rendered":"Arena - SpikyIII Rugzak 45 Navy neon geel"},"content":{"rendered":"<p>Spacieux, chic et confortable au porte, le sac \u00e0 dos arena Spiky III 45 est sp\u00e9cialement con\u00e7u pour les nageurs. Avec son compartiment principal \u00e0 chargement par le haut, ses trois poches zipp\u00e9es, ses poches lat\u00e9rales en mesh et son sac \u00e9tanche ind\u00e9pendant pour v\u00eatements mouilles, il garantit une excellente capacite de rangement pour tous vos \u00e9quipements d\u2019entra\u00eenement. Il dispose de compartiments en mesh et sa mati\u00e8re hydrofuge prot\u00e8ge le contenu de l\u2019humidit\u00e9. Son empi\u00e8cement dos respirant et ses bretelles ergonomiques garantissent un confort optimal. Le fond renforce prot\u00e8ge le contenu des sols mouilles.<\/p>\n<p>Afmetingen: 50x36x 27cm, 45L<\/p>","protected":false},"excerpt":{"rendered":"<p>Sac natation 45 litres Navy Neon Yellow<\/p>","protected":false},"featured_media":30480,"comment_status":"open","ping_status":"closed","template":"","meta":[],"product_brand":[326],"product_cat":[40,41,58],"product_tag":[],"class_list":{"0":"post-30450","1":"product","2":"type-product","3":"status-publish","4":"has-post-thumbnail","6":"product_brand-arena","7":"product_cat-accessoires","8":"product_cat-natation","9":"product_cat-sacs","10":"zank_product_brands-arena","11":"nt-post-class","12":"","18":"first","19":"instock","20":"sale","21":"taxable","22":"shipping-taxable","23":"purchasable","24":"product-type-simple"},"_links":{"self":[{"href":"https:\/\/www.infinitri.be\/nl\/wp-json\/wp\/v2\/product\/30450","targetHints":{"allow":["GET"]}}],"collection":[{"href":"https:\/\/www.infinitri.be\/nl\/wp-json\/wp\/v2\/product"}],"about":[{"href":"https:\/\/www.infinitri.be\/nl\/wp-json\/wp\/v2\/types\/product"}],"replies":[{"embeddable":true,"href":"https:\/\/www.infinitri.be\/nl\/wp-json\/wp\/v2\/comments?post=30450"}],"wp:featuredmedia":[{"embeddable":true,"href":"https:\/\/www.infinitri.be\/nl\/wp-json\/wp\/v2\/media\/30480"}],"wp:attachment":[{"href":"https:\/\/www.infinitri.be\/nl\/wp-json\/wp\/v2\/media?parent=30450"}],"wp:term":[{"taxonomy":"product_brand","embeddable":true,"href":"https:\/\/www.infinitri.be\/nl\/wp-json\/wp\/v2\/product_brand?post=30450"},{"taxonomy":"product_cat","embeddable":true,"href":"https:\/\/www.infinitri.be\/nl\/wp-json\/wp\/v2\/product_cat?post=30450"},{"taxonomy":"product_tag","embeddable":true,"href":"https:\/\/www.infinitri.be\/nl\/wp-json\/wp\/v2\/product_tag?post=30450"}],"curies":[{"name":"wp","href":"https:\/\/api.w.org\/{rel}","templated":true}]}}