{"id":30865,"date":"2025-12-26T14:47:13","date_gmt":"2025-12-26T14:47:13","guid":{"rendered":"https:\/\/www.infinitri.be\/?post_type=product&#038;p=30865"},"modified":"2026-04-04T17:29:18","modified_gmt":"2026-04-04T16:29:18","slug":"arena-powerskin-carbon-air%c2%b2-edition-limitee-caiman-femme","status":"publish","type":"product","link":"https:\/\/www.infinitri.be\/nl\/product\/arena-powerskin-carbon-air%c2%b2-edition-limitee-caiman-femme\/","title":{"rendered":"Arena &#8211; Powerskin Carbon Air\u00b2 &#8211; Edition limit\u00e9e ca\u00efman &#8211; Femme"},"content":{"rendered":"<p>&nbsp;<\/p>\n<p><!--themify_builder_static-->\u00a0<\/p>\n<h1 style=\"text-align: center\" data-content-type=\"text\" data-appearance=\"default\" data-element=\"main\" data-pb-style=\"WTSTT5E\">POWERSKIN CARBON AIR\u00b2<\/h1>\n<h3 style=\"text-align: center\" data-content-type=\"text\" data-appearance=\"default\" data-element=\"main\" data-pb-style=\"WTSTT5E\">COMPRESSIE IS NOG NOOIT ZO LEUK GEWEEST.<\/h3>\n<p><iframe title=\"arena Powerskin Carbon-Air\u00b2 uitgelegd (Eng)\" width=\"960\" height=\"540\" src=\"https:\/\/www.youtube.com\/embed\/vVI3i8aixpY?feature=oembed\" frameborder=\"0\" allow=\"accelerometer; autoplay; clipboard-write; encrypted-media; gyroscope; picture-in-picture; web-share\" referrerpolicy=\"strict-origin-when-cross-origin\" allowfullscreen><\/iframe><br \/>\n<img decoding=\"async\" src=\"https:\/\/infinitri.be\/wp-content\/uploads\/2023\/02\/logo-fina-approved-200px.webp\" title=\"logo-fina-goedgekeurd-200px\" alt=\"logo-fina-approved-200px\" \/><br \/>\n<img decoding=\"async\" src=\"https:\/\/infinitri.be\/wp-content\/uploads\/2023\/02\/arena-carbon-air-positive-logo-2021.webp\" title=\"arena-koolstof-lucht-positief-logo-2021\" alt=\"arena-carbon-air-positive-logo-2021\" \/><br \/>\n<img decoding=\"async\" src=\"https:\/\/infinitri.be\/wp-content\/uploads\/2023\/02\/ARENA-LOGO-NEW-HORIZONTAL-BLACK-WHITE-POSITIVE-1024x724-336x75.jpg\" width=\"336\" height=\"75\" title=\"ARENA-LOGO-NIEUW-HORIZONTAAL-ZWART-WIT-POSITIEF\" alt=\"ARENA-LOGO-NEW-HORIZONTAL-BLACK-WHITE-POSITIVE\" \/><br \/>\n<img fetchpriority=\"high\" decoding=\"async\" src=\"https:\/\/infinitri.be\/wp-content\/uploads\/2023\/10\/CAIMANO-PHOTOSHOOTING-2023_002-1024x683-580x600.webp\" width=\"580\" height=\"600\" title=\"CAIMANO-PHOTOSHOOTING-2023_002\" alt=\"CAIMANO-PHOTOSHOOTING-2023_002\" \/><\/p>\n<p><b>COMPRESSIE<\/b><\/p>\n<p>Comfortabele stof met carbon strepen<\/p>\n<p>Horizontale carbon banden hechten op een kritisch rekpunt om compressie, core stability en kracht te bieden waar en wanneer dat nodig is. Intelligente, lichtere compressie met het comfort van een tweede huid.<\/p>\n<p style=\"text-align: left\"><b>TWEEDE-HUID-EFFECT<\/b><\/p>\n<p>Constructie uit \u00e9\u00e9n stukDankzij het ontbreken van meerdere naden biedt de Carbon-Air2 superieur comfort en absorbeert minder water, wat resulteert in minder weerstand en een geavanceerd hydrodynamisch effect. Hij is ook gemakkelijker aan te trekken.<\/p>\n<p><img decoding=\"async\" src=\"https:\/\/infinitri.be\/wp-content\/uploads\/2023\/10\/CAIMANO-PHOTOSHOOTING-2023_003-1024x683-600x628.webp\" width=\"600\" height=\"628\" title=\"CAIMANO-PHOTOSHOOTING-2023_003\" alt=\"CAIMANO-PHOTOSHOOTING-2023_003\" \/><br \/>\n<img loading=\"lazy\" decoding=\"async\" src=\"https:\/\/infinitri.be\/wp-content\/uploads\/2023\/10\/CAIMANO-PHOTOSHOOT-FW23-1024x683-580x600.webp\" width=\"580\" height=\"600\" title=\"CAIMANO-PHOTOSHOOT-FW23\" alt=\"CAIMANO-PHOTOSHOOT-FW23\" \/><\/p>\n<h3><strong>OPNIEUW ONTWORPEN VOOR MEER VRIJHEID<\/strong><\/h3>\n<p>Binnenvoering.<\/p>\n<p>De binnenvoering bestaat uit drie afzonderlijke panelen voor meer bewegingsvrijheid. Het resultaat is minder compressie op de borst (damespakken), minder druk op de heupen en meer flexibiliteit.<\/p>\n<p><!--\/themify_builder_static--><\/p>","protected":false},"excerpt":{"rendered":"<p>Edition limit\u00e9e de la Carbon-Air2 qui pr\u00e9sente deux grandes am\u00e9liorations : la doublure interne est con\u00e7ue avec 3 panneaux s\u00e9par\u00e9s, offrant une plus grande libert\u00e9 de mouvement pour un poids r\u00e9duit. La nouvelle structure d&#8217;un seul tenant offre un meilleur ajustement et de meilleures sensations pour un maillot qui est comme une seconde peau. Carbon-Air2 est fabriqu\u00e9 avec le m\u00eame textile tisse \u00e9prouv\u00e9 que le Carbon-Air original, avec des bandes Carbon horizontales. On retrouve ainsi tous les avantages de ce tissu : l\u00e9g\u00e8rete, compression, faible r\u00e9sistance. Gr\u00e2ce \u00e0 toutes ces qualit\u00e9s, le nouveau Carbon-Air2 est plus l\u00e9ger, flexible et confortable.<\/p>","protected":false},"featured_media":30907,"comment_status":"open","ping_status":"closed","template":"","meta":[],"product_brand":[326],"product_cat":[60,126,41],"product_tag":[204],"class_list":{"0":"post-30865","1":"product","2":"type-product","3":"status-publish","4":"has-post-thumbnail","6":"product_brand-arena","7":"product_cat-fina","8":"product_cat-maillot-competition","9":"product_cat-natation","10":"product_tag-edition-limitee-caiman","11":"zank_product_brands-arena","12":"nt-post-class","13":"","19":"first","20":"instock","21":"sale","22":"taxable","23":"shipping-taxable","24":"purchasable","25":"product-type-variable","26":"has-default-attributes"},"_links":{"self":[{"href":"https:\/\/www.infinitri.be\/nl\/wp-json\/wp\/v2\/product\/30865","targetHints":{"allow":["GET"]}}],"collection":[{"href":"https:\/\/www.infinitri.be\/nl\/wp-json\/wp\/v2\/product"}],"about":[{"href":"https:\/\/www.infinitri.be\/nl\/wp-json\/wp\/v2\/types\/product"}],"replies":[{"embeddable":true,"href":"https:\/\/www.infinitri.be\/nl\/wp-json\/wp\/v2\/comments?post=30865"}],"wp:featuredmedia":[{"embeddable":true,"href":"https:\/\/www.infinitri.be\/nl\/wp-json\/wp\/v2\/media\/30907"}],"wp:attachment":[{"href":"https:\/\/www.infinitri.be\/nl\/wp-json\/wp\/v2\/media?parent=30865"}],"wp:term":[{"taxonomy":"product_brand","embeddable":true,"href":"https:\/\/www.infinitri.be\/nl\/wp-json\/wp\/v2\/product_brand?post=30865"},{"taxonomy":"product_cat","embeddable":true,"href":"https:\/\/www.infinitri.be\/nl\/wp-json\/wp\/v2\/product_cat?post=30865"},{"taxonomy":"product_tag","embeddable":true,"href":"https:\/\/www.infinitri.be\/nl\/wp-json\/wp\/v2\/product_tag?post=30865"}],"curies":[{"name":"wp","href":"https:\/\/api.w.org\/{rel}","templated":true}]}}