{"id":31093,"date":"2025-12-26T15:05:42","date_gmt":"2025-12-26T15:05:42","guid":{"rendered":"https:\/\/www.infinitri.be\/?post_type=product&#038;p=31093"},"modified":"2026-04-04T17:28:54","modified_gmt":"2026-04-04T16:28:54","slug":"arena-g-starsfish-lightdrop-back-rose-white-fille","status":"publish","type":"product","link":"https:\/\/www.infinitri.be\/nl\/product\/arena-g-starsfish-lightdrop-back-rose-white-fille\/","title":{"rendered":"Arena - G sterrenhemel Rug roze wit - Meisje"},"content":{"rendered":"<p>Profitez de l\u2019eau dans ce maillot de bain arena Starfish Lightdrop Back pour filles, ultra durable, r\u00e9sistant au chlore et super style, de la ligne arena Performance. Ce maillot une-pi\u00e8ce est id\u00e9al pour les nageuses comp\u00e9titrices et les nageuses r\u00e9guli\u00e8res<br \/>\nDe ultrachloorbestendige MaxLife Eco-stof met ge\u00efntegreerde UPF 50+ UV-bescherming is duurzaam en droogt zeer snel. Deze nieuwe medeverantwoordelijke versie van arenaMaxLife stof bevat minstens 50% polyester gerecycled uit PET plastic flessen. Bovendien komt het uit een geoptimaliseerd productieproces om energie te besparen, CO\u00b2-uitstoot te verminderen en waterverbruik te minimaliseren. De open rug en slanke schouderbanden zorgen voor maximale bewegingsvrijheid, uitstekend gevoel in het water en minder weerstand. Voorzien van een comfortabele voering aan de voorkant. Alle onderdelen van deze STANDARD 100 by OEKO-TEX gecertificeerde stof zijn getest op gevaarlijke stoffen om te garanderen dat het product veilig is voor de menselijke gezondheid. Deze controles worden uitgevoerd in de instituten van onze onafhankelijke OEKO-TEX partner volgens een complete set testcriteria.<\/p>","protected":false},"excerpt":{"rendered":"<p>Arena Max life eco meisjestrui<br \/>\nGemiddelde snede<\/p>","protected":false},"featured_media":31145,"comment_status":"open","ping_status":"closed","template":"","meta":[],"product_brand":[326],"product_cat":[86,41],"product_tag":[],"class_list":{"0":"post-31093","1":"product","2":"type-product","3":"status-publish","4":"has-post-thumbnail","6":"product_brand-arena","7":"product_cat-maillots","8":"product_cat-natation","9":"zank_product_brands-arena","10":"nt-post-class","11":"","17":"first","18":"instock","19":"taxable","20":"shipping-taxable","21":"purchasable","22":"product-type-variable"},"_links":{"self":[{"href":"https:\/\/www.infinitri.be\/nl\/wp-json\/wp\/v2\/product\/31093","targetHints":{"allow":["GET"]}}],"collection":[{"href":"https:\/\/www.infinitri.be\/nl\/wp-json\/wp\/v2\/product"}],"about":[{"href":"https:\/\/www.infinitri.be\/nl\/wp-json\/wp\/v2\/types\/product"}],"replies":[{"embeddable":true,"href":"https:\/\/www.infinitri.be\/nl\/wp-json\/wp\/v2\/comments?post=31093"}],"wp:featuredmedia":[{"embeddable":true,"href":"https:\/\/www.infinitri.be\/nl\/wp-json\/wp\/v2\/media\/31145"}],"wp:attachment":[{"href":"https:\/\/www.infinitri.be\/nl\/wp-json\/wp\/v2\/media?parent=31093"}],"wp:term":[{"taxonomy":"product_brand","embeddable":true,"href":"https:\/\/www.infinitri.be\/nl\/wp-json\/wp\/v2\/product_brand?post=31093"},{"taxonomy":"product_cat","embeddable":true,"href":"https:\/\/www.infinitri.be\/nl\/wp-json\/wp\/v2\/product_cat?post=31093"},{"taxonomy":"product_tag","embeddable":true,"href":"https:\/\/www.infinitri.be\/nl\/wp-json\/wp\/v2\/product_tag?post=31093"}],"curies":[{"name":"wp","href":"https:\/\/api.w.org\/{rel}","templated":true}]}}