{"id":31165,"date":"2025-12-26T15:08:28","date_gmt":"2025-12-26T15:08:28","guid":{"rendered":"https:\/\/www.infinitri.be\/?post_type=product&#038;p=31165"},"modified":"2026-04-16T18:22:13","modified_gmt":"2026-04-16T17:22:13","slug":"arena-google-case-purple-black","status":"publish","type":"product","link":"https:\/\/www.infinitri.be\/nl\/product\/arena-google-case-purple-black\/","title":{"rendered":"Arena - google hoesje paars zwart"},"content":{"rendered":"<p><!--themify_builder_static--><!--\/themify_builder_static--><\/p>","protected":false},"excerpt":{"rendered":"<p>L\u2019\u00e9tui \u00e0 lunettes rigide arena est ideal pour ranger et transporter vos lunettes de mani\u00e8re s\u00fbre et prot\u00e9g\u00e9e. L\u2019\u00e9tui s\u2019attache facilement \u00e0 un sac ou sac \u00e0 dos gr\u00e2ce au mousqueton int\u00e9gr\u00e9.<\/p>","protected":false},"featured_media":31169,"comment_status":"open","ping_status":"closed","template":"","meta":[],"product_brand":[326],"product_cat":[40,57,41],"product_tag":[],"class_list":{"0":"post-31165","1":"product","2":"type-product","3":"status-publish","4":"has-post-thumbnail","6":"product_brand-arena","7":"product_cat-accessoires","8":"product_cat-accessoires-natation","9":"product_cat-natation","10":"zank_product_brands-arena","11":"nt-post-class","12":"","18":"first","19":"instock","20":"taxable","21":"shipping-taxable","22":"purchasable","23":"product-type-simple"},"_links":{"self":[{"href":"https:\/\/www.infinitri.be\/nl\/wp-json\/wp\/v2\/product\/31165","targetHints":{"allow":["GET"]}}],"collection":[{"href":"https:\/\/www.infinitri.be\/nl\/wp-json\/wp\/v2\/product"}],"about":[{"href":"https:\/\/www.infinitri.be\/nl\/wp-json\/wp\/v2\/types\/product"}],"replies":[{"embeddable":true,"href":"https:\/\/www.infinitri.be\/nl\/wp-json\/wp\/v2\/comments?post=31165"}],"wp:featuredmedia":[{"embeddable":true,"href":"https:\/\/www.infinitri.be\/nl\/wp-json\/wp\/v2\/media\/31169"}],"wp:attachment":[{"href":"https:\/\/www.infinitri.be\/nl\/wp-json\/wp\/v2\/media?parent=31165"}],"wp:term":[{"taxonomy":"product_brand","embeddable":true,"href":"https:\/\/www.infinitri.be\/nl\/wp-json\/wp\/v2\/product_brand?post=31165"},{"taxonomy":"product_cat","embeddable":true,"href":"https:\/\/www.infinitri.be\/nl\/wp-json\/wp\/v2\/product_cat?post=31165"},{"taxonomy":"product_tag","embeddable":true,"href":"https:\/\/www.infinitri.be\/nl\/wp-json\/wp\/v2\/product_tag?post=31165"}],"curies":[{"name":"wp","href":"https:\/\/api.w.org\/{rel}","templated":true}]}}