{"id":31174,"date":"2025-12-26T15:08:53","date_gmt":"2025-12-26T15:08:53","guid":{"rendered":"https:\/\/www.infinitri.be\/?post_type=product&#038;p=31174"},"modified":"2026-04-04T17:28:54","modified_gmt":"2026-04-04T16:28:54","slug":"arena-camo-kikko-swimsuit-challenge-back-soft-green","status":"publish","type":"product","link":"https:\/\/www.infinitri.be\/nl\/product\/arena-camo-kikko-swimsuit-challenge-back-soft-green\/","title":{"rendered":"Arena - Camo Kikko badpak Challenge Rug zachtgroen"},"content":{"rendered":"<p>De ultrachloorbestendige MaxLife Eco-stof met ge\u00efntegreerde UPF 50+ UV-bescherming is duurzaam en droogt zeer snel. Deze nieuwe eco-verantwoorde versie van de arenaMaxLife stof bevat minstens 50% polyester gerecycled uit PET plastic flessen. Bovendien komt het uit een geoptimaliseerd productieproces dat energie bespaart, CO? uitstoot vermindert en waterverbruik minimaliseert. De open rug, smalle bandjes en hoge snit garanderen maximale bewegingsvrijheid, een uitstekend gevoel op het water en minder weerstand. Alle bestanddelen van deze STANDARD 100 by OEKO-TEX gecertificeerde stof zijn gecontroleerd op gevaarlijke stoffen om een artikel te garanderen dat veilig is voor de menselijke gezondheid. Deze controles worden uitgevoerd in de instituten van onze onafhankelijke OEKO-TEX partner volgens een uitgebreide set testcriteria.<\/p>\n<p><!--themify_builder_static-->    <em><\/em> <\/p>\n<h3> Chloorbestendig <\/h3>\n<p>Ja<\/p>\n<p>    <em><\/em> <\/p>\n<h3> Materiaal <\/h3>\n<p>\u00a0MaxLife Eco<\/p>\n<p>    <em><\/em> <\/p>\n<h3> Terug <\/h3>\n<p>Uitdaging terug<\/p>\n<p>    <em><\/em> <\/p>\n<h3> Snijden <\/h3>\n<p>Hoog gesneden<\/p>\n<p>    <em><\/em> <\/p>\n<h3> Voering <\/h3>\n<p>Voering voor<\/p>\n<p>    <em><\/em> <\/p>\n<h3> Trainingsintensiteit <\/h3>\n<p>Intensief zwemmen<\/p>\n<p><!--\/themify_builder_static--><\/p>","protected":false},"excerpt":{"rendered":"<p>Le maillot de bain tendance, ultra-durable et r\u00e9sistant au chlore arena camo kikko Challenge Back de la ligne Performance d\u2019arena est id\u00e9al pour les nageuses comp\u00e9titrices et les nageuses r\u00e9guli\u00e8res, qui nagent souvent en piscine.<\/p>","protected":false},"featured_media":31191,"comment_status":"open","ping_status":"closed","template":"","meta":[],"product_brand":[326],"product_cat":[86,41],"product_tag":[],"class_list":{"0":"post-31174","1":"product","2":"type-product","3":"status-publish","4":"has-post-thumbnail","6":"product_brand-arena","7":"product_cat-maillots","8":"product_cat-natation","9":"zank_product_brands-arena","10":"nt-post-class","11":"","17":"first","18":"instock","19":"taxable","20":"shipping-taxable","21":"purchasable","22":"product-type-variable"},"_links":{"self":[{"href":"https:\/\/www.infinitri.be\/nl\/wp-json\/wp\/v2\/product\/31174","targetHints":{"allow":["GET"]}}],"collection":[{"href":"https:\/\/www.infinitri.be\/nl\/wp-json\/wp\/v2\/product"}],"about":[{"href":"https:\/\/www.infinitri.be\/nl\/wp-json\/wp\/v2\/types\/product"}],"replies":[{"embeddable":true,"href":"https:\/\/www.infinitri.be\/nl\/wp-json\/wp\/v2\/comments?post=31174"}],"wp:featuredmedia":[{"embeddable":true,"href":"https:\/\/www.infinitri.be\/nl\/wp-json\/wp\/v2\/media\/31191"}],"wp:attachment":[{"href":"https:\/\/www.infinitri.be\/nl\/wp-json\/wp\/v2\/media?parent=31174"}],"wp:term":[{"taxonomy":"product_brand","embeddable":true,"href":"https:\/\/www.infinitri.be\/nl\/wp-json\/wp\/v2\/product_brand?post=31174"},{"taxonomy":"product_cat","embeddable":true,"href":"https:\/\/www.infinitri.be\/nl\/wp-json\/wp\/v2\/product_cat?post=31174"},{"taxonomy":"product_tag","embeddable":true,"href":"https:\/\/www.infinitri.be\/nl\/wp-json\/wp\/v2\/product_tag?post=31174"}],"curies":[{"name":"wp","href":"https:\/\/api.w.org\/{rel}","templated":true}]}}