{"id":31216,"date":"2025-12-26T15:10:58","date_gmt":"2025-12-26T15:10:58","guid":{"rendered":"https:\/\/www.infinitri.be\/?post_type=product&#038;p=31216"},"modified":"2026-04-16T18:23:20","modified_gmt":"2026-04-16T17:23:20","slug":"arena-ankle-band-black","status":"publish","type":"product","link":"https:\/\/www.infinitri.be\/nl\/product\/arena-ankle-band-black\/","title":{"rendered":"Arena - enkelband Zwart"},"content":{"rendered":"","protected":false},"excerpt":{"rendered":"<p>L\u2019accessoire d\u2019entra\u00eenement Ankle Band Pro, confortable et unisexe, est id\u00e9al pour les nageurs comp\u00e9titeurs. Il maintient les chevilles ensemble, permettant aux nageurs de se concentrer sur la traction et sur l\u2019alignement du corps. Cet accessoire d\u2019entra\u00eenement est tr\u00e8s facile \u00e0 enfiler et \u00e0 retirer. Silicone doux et confortable, maintien ferme et stable. Coupe universelle. Dimensions: 6 x 18 x 0,3cm.<\/p>","protected":false},"featured_media":31254,"comment_status":"open","ping_status":"closed","template":"","meta":[],"product_brand":[326],"product_cat":[40,57,41],"product_tag":[],"class_list":{"0":"post-31216","1":"product","2":"type-product","3":"status-publish","4":"has-post-thumbnail","6":"product_brand-arena","7":"product_cat-accessoires","8":"product_cat-accessoires-natation","9":"product_cat-natation","10":"zank_product_brands-arena","11":"nt-post-class","12":"","18":"first","19":"instock","20":"taxable","21":"shipping-taxable","22":"purchasable","23":"product-type-simple"},"_links":{"self":[{"href":"https:\/\/www.infinitri.be\/nl\/wp-json\/wp\/v2\/product\/31216","targetHints":{"allow":["GET"]}}],"collection":[{"href":"https:\/\/www.infinitri.be\/nl\/wp-json\/wp\/v2\/product"}],"about":[{"href":"https:\/\/www.infinitri.be\/nl\/wp-json\/wp\/v2\/types\/product"}],"replies":[{"embeddable":true,"href":"https:\/\/www.infinitri.be\/nl\/wp-json\/wp\/v2\/comments?post=31216"}],"wp:featuredmedia":[{"embeddable":true,"href":"https:\/\/www.infinitri.be\/nl\/wp-json\/wp\/v2\/media\/31254"}],"wp:attachment":[{"href":"https:\/\/www.infinitri.be\/nl\/wp-json\/wp\/v2\/media?parent=31216"}],"wp:term":[{"taxonomy":"product_brand","embeddable":true,"href":"https:\/\/www.infinitri.be\/nl\/wp-json\/wp\/v2\/product_brand?post=31216"},{"taxonomy":"product_cat","embeddable":true,"href":"https:\/\/www.infinitri.be\/nl\/wp-json\/wp\/v2\/product_cat?post=31216"},{"taxonomy":"product_tag","embeddable":true,"href":"https:\/\/www.infinitri.be\/nl\/wp-json\/wp\/v2\/product_tag?post=31216"}],"curies":[{"name":"wp","href":"https:\/\/api.w.org\/{rel}","templated":true}]}}