{"id":31223,"date":"2025-12-26T15:10:58","date_gmt":"2025-12-26T15:10:58","guid":{"rendered":"https:\/\/www.infinitri.be\/?post_type=product&#038;p=31223"},"modified":"2026-04-04T17:28:38","modified_gmt":"2026-04-04T16:28:38","slug":"arena-powerskin-st-2-0-ltddos-ouvert-fille","status":"publish","type":"product","link":"https:\/\/www.infinitri.be\/nl\/product\/arena-powerskin-st-2-0-ltddos-ouvert-fille\/","title":{"rendered":"Arena &#8211; Powerskin St 2.0  LTDdos ouvert &#8211; Fille"},"content":{"rendered":"<p><!--themify_builder_static--><\/p>\n<h2>zorg ervoor met\u2019<br \/>Onderhoud<\/h2>\n<p>Om ervoor te zorgen dat je Arena zwempak lang optimaal blijft presteren, raden we je aan de volgende voorzorgsmaatregelen te nemen:<\/p>\n<ul>\n<li>Onmiddellijk na gebruik afspoelen in niet-gechloreerd water.<\/li>\n<li>Laat natte zwemkleding niet voor langere tijd achter in een tas of andere afgesloten ruimte.<\/li>\n<li>Stel natte zwemkleding in een tas of andere verpakking niet bloot aan direct zonlicht.<\/li>\n<li>Wassen met producten die geschikt zijn voor delicate kleding. .<\/li>\n<li>Aan de lucht drogen, niet in de buurt van warmtebronnen.<\/li>\n<\/ul>\n<p><!--\/themify_builder_static--><\/p>","protected":false},"excerpt":{"rendered":"<p>Approuve par la FINA, ce maillot de competition pour fille \u00e0 dos nu fus\u00e8le le corps des \u00e9paules aux genoux. Le tissu ext\u00e9rieur a une \u00e9lasticit\u00e9 accrue et la doublure de compression r\u00e9sistante assurent une libert\u00e9 de mouvement totale et un soutien musculaire cibl\u00e9. Les coutures plates ergonomiques strat\u00e9giquement plac\u00e9es maintiennent la portance du corps dans l&#8217;eau. La bretelle centrale renforc\u00e9e avec de nouveaux mat\u00e9riaux am\u00e9liore le soutien et le confort des \u00e9paules et du haut du dos.<\/p>","protected":false},"featured_media":31261,"comment_status":"open","ping_status":"closed","template":"","meta":[],"product_brand":[326],"product_cat":[60,126,41],"product_tag":[],"class_list":{"0":"post-31223","1":"product","2":"type-product","3":"status-publish","4":"has-post-thumbnail","6":"product_brand-arena","7":"product_cat-fina","8":"product_cat-maillot-competition","9":"product_cat-natation","10":"zank_product_brands-arena","11":"nt-post-class","12":"","18":"first","19":"instock","20":"sale","21":"taxable","22":"shipping-taxable","23":"purchasable","24":"product-type-variable"},"_links":{"self":[{"href":"https:\/\/www.infinitri.be\/nl\/wp-json\/wp\/v2\/product\/31223","targetHints":{"allow":["GET"]}}],"collection":[{"href":"https:\/\/www.infinitri.be\/nl\/wp-json\/wp\/v2\/product"}],"about":[{"href":"https:\/\/www.infinitri.be\/nl\/wp-json\/wp\/v2\/types\/product"}],"replies":[{"embeddable":true,"href":"https:\/\/www.infinitri.be\/nl\/wp-json\/wp\/v2\/comments?post=31223"}],"wp:featuredmedia":[{"embeddable":true,"href":"https:\/\/www.infinitri.be\/nl\/wp-json\/wp\/v2\/media\/31261"}],"wp:attachment":[{"href":"https:\/\/www.infinitri.be\/nl\/wp-json\/wp\/v2\/media?parent=31223"}],"wp:term":[{"taxonomy":"product_brand","embeddable":true,"href":"https:\/\/www.infinitri.be\/nl\/wp-json\/wp\/v2\/product_brand?post=31223"},{"taxonomy":"product_cat","embeddable":true,"href":"https:\/\/www.infinitri.be\/nl\/wp-json\/wp\/v2\/product_cat?post=31223"},{"taxonomy":"product_tag","embeddable":true,"href":"https:\/\/www.infinitri.be\/nl\/wp-json\/wp\/v2\/product_tag?post=31223"}],"curies":[{"name":"wp","href":"https:\/\/api.w.org\/{rel}","templated":true}]}}