{"id":31286,"date":"2025-12-26T15:12:47","date_gmt":"2025-12-26T15:12:47","guid":{"rendered":"https:\/\/www.infinitri.be\/?post_type=product&#038;p=31286"},"modified":"2026-04-04T17:33:54","modified_gmt":"2026-04-04T16:33:54","slug":"fusion-maillot-manches-longues-thermique-gris","status":"publish","type":"product","link":"https:\/\/www.infinitri.be\/nl\/product\/fusion-maillot-manches-longues-thermique-gris\/","title":{"rendered":"Fusion- Thermische trui lange mouw Grijs"},"content":{"rendered":"<p><!--themify_builder_static--><\/p>\n<h1 style=\"text-align: center\">Beschrijving \u2699<\/h1>\n<p>Avec son support en polaire gratt\u00e9e, votre maillot de cyclisme offre une performance unique de haute isolation &#8211; malgr\u00e9 son faible poids &#8211; et s&#8217;adapte thermiquement aux besoins de votre corps. Il \u00e9vacue activement la transpiration, est antibact\u00e9rien et respirant, et offre une protection contre les UV (UPF 50+).<\/p>\n<p>Le maillot de cyclisme poss\u00e8de trois poches arri\u00e8re pouvant accueillir un gilet, une veste, etc. Il est dot\u00e9 d&#8217;une fermeture \u00e9clair compl\u00e8te et de logos r\u00e9fl\u00e9chissants sur les manches et les poches arri\u00e8re. La coupe est ajust\u00e9e sans \u00eatre trop serr\u00e9e. Recommand\u00e9 pour l&#8217;entra\u00eenement cycliste.<\/p>\n<p><img fetchpriority=\"high\" decoding=\"async\" class=\"alignnone wp-image-26048\" src=\"https:\/\/infinitri.be\/wp-content\/uploads\/2024\/02\/Mens-Thermal-Cycling-Jersey_0044_Grey_3f_v1-5698385-225x300.webp\" alt=\"\" width=\"403\" height=\"537\" \/><\/p>\n<h1>Technische specificaties<\/h1>\n<ul>\n<li>Int\u00e9rieur isolant en polaire douce et confortable<\/li>\n<li>Hautement extensible et bien ajust\u00e9<\/li>\n<li>Finition avec poign\u00e9e \u00e9lastique en silicone<\/li>\n<li>Fermeture \u00e0 glissi\u00e8re YKK sur toute la longueur, divisible, avec doublure coupe-vent<\/li>\n<li>Logo r\u00e9fl\u00e9chissant 3M sur la clavicule et la poche arri\u00e8re<\/li>\n<li>Fusion Powerlock : coutures \u00e0 points nou\u00e9s<\/li>\n<li>Stof geproduceerd in Itali\u00eb<\/li>\n<li>Fabriqu\u00e9 dans l&#8217;atelier de couture de Fusion en Lituanie<\/li>\n<li>Produit certifi\u00e9 STANDARD 100 par OEKO-TEX\u00ae ; cela signifie que tous les composants tels que les tissus, les fils, les transferts, les fermetures \u00e9clair, les \u00e9lastiques, les \u00e9tiquettes, etc. ont \u00e9t\u00e9 test\u00e9s et approuv\u00e9s conform\u00e9ment \u00e0 la norme. Num\u00e9ro de certificat FUSION : 20170K1267 AITEX<br \/>\nMati\u00e8re : 86% Polyamide, 14% Elasthanne<\/li>\n<\/ul>\n<p>&nbsp;<\/p>\n<p>WINDBESCHERMING \u2605\u2605\u2605\u2605<\/p>\n<p>&nbsp;<\/p>\n<p>REGENBESCHERMING \u2605\u2605\u2605\u2605<\/p>\n<p>&nbsp;<\/p>\n<p style=\"text-align: center\">LICHTHEID \u2605\u2605<\/p>\n<p>&nbsp;<\/p>\n<p>SLIM FIT \u2605\u2605\u2605<\/p>\n<p>&nbsp;<\/p>\n<p>COMPRESSIENIVEAU \u2605\u2605<\/p>\n<h1 style=\"text-align: center\">Materiaal \ud83d\udc56<\/h1>\n<p style=\"text-align: left\">86% polyamide,\u00a0 14% \u00e9lasthanne<\/p>\n<p style=\"text-align: left\">Utilisation de 5\u00b0C \u00e0 10\u00b0C<\/p>\n<p>&nbsp;<\/p>\n<h1 style=\"text-align: center\">Onderhoudstips \ud83d\udca1<\/h1>\n<p>Was het voor het eerste gebruik. Als u bij de eerste wasbeurt een beetje azijn toevoegt, blijft de kleur helderder en gaat deze langer mee.<\/p>\n<p>Was uw sportkleding op maximaal 40 \u00b0C. Gebruik geen wasmiddel of bleekmiddel.<\/p>\n<p>Het gebruik van reinigingsmiddel beperkt het transport van vocht uit het product.<\/p>\n<p>Laat uw FUSION-sportkleding aan de lucht drogen. Doe het niet in de droogtrommel.<\/p>\n<p>Let op scherpe voorwerpen, randen en klittenband van rugzakken, riemen en dergelijke, die tegen de stof en naden van uw kleding schuren. Dit kan de stof en naden van uw FUSION-sportkleding beschadigen.<\/p>\n<h1 style=\"text-align: center\">Wat is mijn maat?<\/h1>\n<p><img decoding=\"async\" title=\"Hot-ls-cycling-jersey-size\" src=\"https:\/\/infinitri.be\/wp-content\/uploads\/2023\/02\/Hot-ls-cycling-jersey-size.png\" alt=\"Hot-ls-cycling-jersey-size\" \/><br \/>\n<img decoding=\"async\" title=\"fusie-logo-uitgebreid\" src=\"https:\/\/infinitri.be\/wp-content\/uploads\/2023\/01\/fusion-logo-expanded.svg\" alt=\"fusion-logo-expanded\" width=\"545\" height=\"545\" \/><!--\/themify_builder_static--><\/p>","protected":false},"excerpt":{"rendered":"<p>Maillot de cyclisme \u00e0 manches longues pour l&#8217;entra\u00eenement par temps froid. Un maillot de cyclisme \u00e0 manches longues vraiment chaud pour l&#8217;entra\u00eenement par temps froid &#8211; pour les hommes et les femmes. Ce produit est de taille NORMALE, ce qui signifie que vous devez commander la taille que vous utilisez normalement dans d&#8217;autres marques de v\u00eatements de sport.<\/p>","protected":false},"featured_media":31314,"comment_status":"open","ping_status":"closed","template":"","meta":[],"product_brand":[331],"product_cat":[37,38],"product_tag":[],"class_list":{"0":"post-31286","1":"product","2":"type-product","3":"status-publish","4":"has-post-thumbnail","6":"product_brand-fusion","7":"product_cat-cyclisme","8":"product_cat-vestes-et-coupe-vent","9":"zank_product_brands-fusion","10":"nt-post-class","11":"","17":"first","18":"instock","19":"taxable","20":"shipping-taxable","21":"purchasable","22":"product-type-variable"},"_links":{"self":[{"href":"https:\/\/www.infinitri.be\/nl\/wp-json\/wp\/v2\/product\/31286","targetHints":{"allow":["GET"]}}],"collection":[{"href":"https:\/\/www.infinitri.be\/nl\/wp-json\/wp\/v2\/product"}],"about":[{"href":"https:\/\/www.infinitri.be\/nl\/wp-json\/wp\/v2\/types\/product"}],"replies":[{"embeddable":true,"href":"https:\/\/www.infinitri.be\/nl\/wp-json\/wp\/v2\/comments?post=31286"}],"wp:featuredmedia":[{"embeddable":true,"href":"https:\/\/www.infinitri.be\/nl\/wp-json\/wp\/v2\/media\/31314"}],"wp:attachment":[{"href":"https:\/\/www.infinitri.be\/nl\/wp-json\/wp\/v2\/media?parent=31286"}],"wp:term":[{"taxonomy":"product_brand","embeddable":true,"href":"https:\/\/www.infinitri.be\/nl\/wp-json\/wp\/v2\/product_brand?post=31286"},{"taxonomy":"product_cat","embeddable":true,"href":"https:\/\/www.infinitri.be\/nl\/wp-json\/wp\/v2\/product_cat?post=31286"},{"taxonomy":"product_tag","embeddable":true,"href":"https:\/\/www.infinitri.be\/nl\/wp-json\/wp\/v2\/product_tag?post=31286"}],"curies":[{"name":"wp","href":"https:\/\/api.w.org\/{rel}","templated":true}]}}