{"id":33126,"date":"2025-12-26T15:27:07","date_gmt":"2025-12-26T15:27:07","guid":{"rendered":"https:\/\/www.infinitri.be\/?post_type=product&#038;p=33126"},"modified":"2026-04-04T17:34:43","modified_gmt":"2026-04-04T16:34:43","slug":"huub-trifonction-pinnacle-homme","status":"publish","type":"product","link":"https:\/\/www.infinitri.be\/nl\/product\/huub-trifonction-pinnacle-homme\/","title":{"rendered":"Huub - Heren Pinnacle Tri-Function"},"content":{"rendered":"<p>Le Pinnacle Trisuit s&#8217;ajoute \u00e0 la famille Pinnacle. Une combinaison o\u00f9 le confort et l&#8217;a\u00e9rodynamisme tout au long de la journ\u00e9e rencontrent la polyvalence. Con\u00e7u \u00e0 partir d&#8217;ann\u00e9es de recherche approfondie sur ce qui vous permet d&#8217;aller plus vite et combinant les besoins du triathl\u00e8te quotidien.<\/p>\n<p>La trifonction Pinnacle poursuit le changement de paradigme observ\u00e9 dans l&#8217;Anemoi II et l&#8217;\u00e9tend \u00e0 l&#8217;ensemble de notre offre trifonction. Les tissus ont \u00e9t\u00e9 sp\u00e9cifiquement choisis dans la matrice de tissus de HUUB pour garantir que non seulement les tissus les plus rapides sont utilis\u00e9s, mais \u00e9galement ceux qui dissipent le mieux la chaleur, aidant ainsi \u00e0 contr\u00f4ler la temp\u00e9rature corporelle centrale par temps chaud.<\/p>\n<p>DETAILS :<\/p>\n<p>Tissus s\u00e9lectionn\u00e9s dans la matrice de tissus compl\u00e8te de HUUB<br \/>\nConception Arms Neutral\u2122 pour un confort de nage et une efficacit\u00e9 a\u00e9rodynamique<br \/>\n2 poches a\u00e9ro arri\u00e8re<br \/>\nConstruction zipp\u00e9e ouverte sur le devant<br \/>\nChamois profil\u00e9<br \/>\nBras et jambes plus longs pour des avantages a\u00e9rodynamiques<br \/>\nFermeture \u00e9clair Camlock<\/p>","protected":false},"excerpt":{"rendered":"<p>Le Pinnacle Trisuit s&#8217;ajoute \u00e0 la famille Pinnacle. Une combinaison o\u00f9 le confort et l&#8217;a\u00e9rodynamisme tout au long de la journ\u00e9e rencontrent la polyvalence. Con\u00e7u \u00e0 partir d&#8217;ann\u00e9es de recherche approfondie sur ce qui vous permet d&#8217;aller plus vite et combinant les besoins du triathl\u00e8te quotidien. La trifonction Pinnacle poursuit le changement de paradigme observ\u00e9&#8230;<\/p>","protected":false},"featured_media":33153,"comment_status":"open","ping_status":"closed","template":"","meta":[],"product_brand":[286],"product_cat":[59,242],"product_tag":[],"class_list":{"0":"post-33126","1":"product","2":"type-product","3":"status-publish","4":"has-post-thumbnail","6":"product_brand-huub","7":"product_cat-triathlon","8":"product_cat-trisuits","9":"zank_product_brands-huub","10":"nt-post-class","11":"","14":"excerpt-none","17":"first","18":"instock","19":"taxable","20":"shipping-taxable","21":"purchasable","22":"product-type-variable"},"_links":{"self":[{"href":"https:\/\/www.infinitri.be\/nl\/wp-json\/wp\/v2\/product\/33126","targetHints":{"allow":["GET"]}}],"collection":[{"href":"https:\/\/www.infinitri.be\/nl\/wp-json\/wp\/v2\/product"}],"about":[{"href":"https:\/\/www.infinitri.be\/nl\/wp-json\/wp\/v2\/types\/product"}],"replies":[{"embeddable":true,"href":"https:\/\/www.infinitri.be\/nl\/wp-json\/wp\/v2\/comments?post=33126"}],"wp:featuredmedia":[{"embeddable":true,"href":"https:\/\/www.infinitri.be\/nl\/wp-json\/wp\/v2\/media\/33153"}],"wp:attachment":[{"href":"https:\/\/www.infinitri.be\/nl\/wp-json\/wp\/v2\/media?parent=33126"}],"wp:term":[{"taxonomy":"product_brand","embeddable":true,"href":"https:\/\/www.infinitri.be\/nl\/wp-json\/wp\/v2\/product_brand?post=33126"},{"taxonomy":"product_cat","embeddable":true,"href":"https:\/\/www.infinitri.be\/nl\/wp-json\/wp\/v2\/product_cat?post=33126"},{"taxonomy":"product_tag","embeddable":true,"href":"https:\/\/www.infinitri.be\/nl\/wp-json\/wp\/v2\/product_tag?post=33126"}],"curies":[{"name":"wp","href":"https:\/\/api.w.org\/{rel}","templated":true}]}}