{"id":33200,"date":"2025-12-26T15:30:50","date_gmt":"2025-12-26T15:30:50","guid":{"rendered":"https:\/\/www.infinitri.be\/?post_type=product&#038;p=33200"},"modified":"2026-04-04T17:34:35","modified_gmt":"2026-04-04T16:34:35","slug":"huub-aura-2-femme-sky","status":"publish","type":"product","link":"https:\/\/www.infinitri.be\/nl\/product\/huub-aura-2-femme-sky\/","title":{"rendered":"Huub - Aura 2- Femme Hemel"},"content":{"rendered":"<p>LE CHOIX INCONTOURNABLE DES FEMMES DE L&#8217;\u00c9LITE MONDIALE<\/p>\n<p>Nous avons pens\u00e9 qu&#8217;il \u00e9tait temps que la combinaison de natation f\u00e9minine soit plus qu&#8217;une combinaison masculine sculpt\u00e9e, con\u00e7ue avec des courbes et des motifs qui s&#8217;adaptent simplement \u00e0 la forme de la femme. Nous avons pris le temps d&#8217;\u00e9tudier de plus pr\u00e8s les besoins de l&#8217;athl\u00e8te f\u00e9minine en natation.<\/p>\n<p>Mesdames, vous \u00eates diff\u00e9rentes, oui, ne dites pas que nous ne sommes pas une bande d&#8217;intellos ici \u00e0 HUUB. Nous savons que vous \u00eates plus intelligentes, plus brillantes et totalement plus attentionn\u00e9es que vos coll\u00e8gues masculins. Mais nous avons \u00e9galement not\u00e9 quelques autres diff\u00e9rences : Vous avez des muscles moins denses, vous avez beaucoup moins tendance \u00e0 avoir un style de nage qui fait couler les jambes et vous n&#8217;avez certainement pas besoin de ces combinaisons qui ressemblent \u00e0 celles des super-h\u00e9ros.<\/p>\n<p>Les niveaux de flottabilit\u00e9 uniques de la combinaison HUUB Aura permettent au nageur de maintenir un coup de pied efficace et une position sur la ligne de flottaison con\u00e7ue pour maximiser le flux autour du corps et am\u00e9liorer la vitesse de nage en ne soulevant pas le corps trop haut hors de l&#8217;eau.<\/p>\n<p>La technologie Arms Neutral exclusive et en instance de brevet offre une libert\u00e9 de rotation totalement in\u00e9gal\u00e9e.<\/p>\n<p>Neopreen van hoge kwaliteit.<\/p>\n<p>Ritssluiting voor de snelste overgangen.<\/p>\n<p>Bordure de cou press\u00e9e pour plus de confort.<\/p>\n<p>Profil de flottabilit\u00e9 unique pour les femmes.<\/p>\n<p>Choisie et affin\u00e9e par les nageuses les plus rapides du triathlon.<\/p>\n<p>Nous avons pos\u00e9 des questions et effectu\u00e9 des tests pour d\u00e9couvrir qu&#8217;une combinaison de plong\u00e9e pour femmes doit \u00eatre plus qu&#8217;une combinaison de plong\u00e9e pour hommes remodel\u00e9e.<\/p>\n<p>N\u00e9opr\u00e8ne 90% &#8211; Nylon 10%<\/p>\n<p><!--themify_builder_static--><!--\/themify_builder_static--><\/p>","protected":false},"excerpt":{"rendered":"<p>Le choix incontournable de l&#8217;\u00e9lite mondiale<\/p>","protected":false},"featured_media":33226,"comment_status":"open","ping_status":"closed","template":"","meta":[],"product_brand":[286],"product_cat":[130,141,59],"product_tag":[],"class_list":{"0":"post-33200","1":"product","2":"type-product","3":"status-publish","4":"has-post-thumbnail","6":"product_brand-huub","7":"product_cat-combinaison-neoprene","8":"product_cat-outlet","9":"product_cat-triathlon","10":"zank_product_brands-huub","11":"nt-post-class","12":"","18":"first","19":"instock","20":"sale","21":"taxable","22":"shipping-taxable","23":"purchasable","24":"product-type-variable"},"_links":{"self":[{"href":"https:\/\/www.infinitri.be\/nl\/wp-json\/wp\/v2\/product\/33200","targetHints":{"allow":["GET"]}}],"collection":[{"href":"https:\/\/www.infinitri.be\/nl\/wp-json\/wp\/v2\/product"}],"about":[{"href":"https:\/\/www.infinitri.be\/nl\/wp-json\/wp\/v2\/types\/product"}],"replies":[{"embeddable":true,"href":"https:\/\/www.infinitri.be\/nl\/wp-json\/wp\/v2\/comments?post=33200"}],"wp:featuredmedia":[{"embeddable":true,"href":"https:\/\/www.infinitri.be\/nl\/wp-json\/wp\/v2\/media\/33226"}],"wp:attachment":[{"href":"https:\/\/www.infinitri.be\/nl\/wp-json\/wp\/v2\/media?parent=33200"}],"wp:term":[{"taxonomy":"product_brand","embeddable":true,"href":"https:\/\/www.infinitri.be\/nl\/wp-json\/wp\/v2\/product_brand?post=33200"},{"taxonomy":"product_cat","embeddable":true,"href":"https:\/\/www.infinitri.be\/nl\/wp-json\/wp\/v2\/product_cat?post=33200"},{"taxonomy":"product_tag","embeddable":true,"href":"https:\/\/www.infinitri.be\/nl\/wp-json\/wp\/v2\/product_tag?post=33200"}],"curies":[{"name":"wp","href":"https:\/\/api.w.org\/{rel}","templated":true}]}}