{"id":33247,"date":"2025-12-26T15:36:47","date_gmt":"2025-12-26T15:36:47","guid":{"rendered":"https:\/\/www.infinitri.be\/?post_type=product&#038;p=33247"},"modified":"2026-04-04T18:45:21","modified_gmt":"2026-04-04T17:45:21","slug":"huub-thomas-lurz-lunettes-de-natation-red-silver-mirror","status":"publish","type":"product","link":"https:\/\/www.infinitri.be\/nl\/product\/huub-thomas-lurz-lunettes-de-natation-red-silver-mirror\/","title":{"rendered":"Huub - Thomas Lurz - Zwembril rood zilver spiegel"},"content":{"rendered":"<p><strong>Caract\u00e9ristiques\u00a0:<\/strong><\/p>\n<p>&#8211; Construction unique de l&#8217;objectif pour une vision p\u00e9riph\u00e9rique am\u00e9lior\u00e9e.<br \/>\n-Monture et bracelet en silicone souple de haute technologie.<br \/>\n-Lentilles en polycarbonate antibu\u00e9e, hydrodynamique et r\u00e9sistante aux rayures.<br \/>\n-Les verres miroirs aident \u00e0 r\u00e9duire les reflets.<\/p>","protected":false},"excerpt":{"rendered":"<p>&nbsp;<\/p>\n<p>Des lunettes de course fines et raffin\u00e9es offrant une tra\u00een\u00e9e r\u00e9duite et une vision p\u00e9riph\u00e9rique \u00e9tonnante, avec une lentille finie en miroir.<\/p>\n<p>Cr\u00e9\u00e9es en partenariat avec le plus grand nageur masculin en eau libre de tous les temps, Thomas Lurz<\/p>","protected":false},"featured_media":33280,"comment_status":"open","ping_status":"closed","template":"","meta":[],"product_brand":[286],"product_cat":[40,54,56,59],"product_tag":[],"class_list":{"0":"post-33247","1":"product","2":"type-product","3":"status-publish","4":"has-post-thumbnail","6":"product_brand-huub","7":"product_cat-accessoires","8":"product_cat-lunettes","9":"product_cat-lunettes-triathlon","10":"product_cat-triathlon","11":"zank_product_brands-huub","12":"nt-post-class","13":"","19":"first","20":"instock","21":"taxable","22":"shipping-taxable","23":"purchasable","24":"product-type-simple"},"_links":{"self":[{"href":"https:\/\/www.infinitri.be\/nl\/wp-json\/wp\/v2\/product\/33247","targetHints":{"allow":["GET"]}}],"collection":[{"href":"https:\/\/www.infinitri.be\/nl\/wp-json\/wp\/v2\/product"}],"about":[{"href":"https:\/\/www.infinitri.be\/nl\/wp-json\/wp\/v2\/types\/product"}],"replies":[{"embeddable":true,"href":"https:\/\/www.infinitri.be\/nl\/wp-json\/wp\/v2\/comments?post=33247"}],"wp:featuredmedia":[{"embeddable":true,"href":"https:\/\/www.infinitri.be\/nl\/wp-json\/wp\/v2\/media\/33280"}],"wp:attachment":[{"href":"https:\/\/www.infinitri.be\/nl\/wp-json\/wp\/v2\/media?parent=33247"}],"wp:term":[{"taxonomy":"product_brand","embeddable":true,"href":"https:\/\/www.infinitri.be\/nl\/wp-json\/wp\/v2\/product_brand?post=33247"},{"taxonomy":"product_cat","embeddable":true,"href":"https:\/\/www.infinitri.be\/nl\/wp-json\/wp\/v2\/product_cat?post=33247"},{"taxonomy":"product_tag","embeddable":true,"href":"https:\/\/www.infinitri.be\/nl\/wp-json\/wp\/v2\/product_tag?post=33247"}],"curies":[{"name":"wp","href":"https:\/\/api.w.org\/{rel}","templated":true}]}}