{"id":35367,"date":"2025-12-26T21:09:36","date_gmt":"2025-12-26T21:09:36","guid":{"rendered":"https:\/\/www.infinitri.be\/?post_type=product&#038;p=35367"},"modified":"2026-04-04T17:31:36","modified_gmt":"2026-04-04T16:31:36","slug":"racing-ss-tshirt-homme-black-safe-yellow","status":"publish","type":"product","link":"https:\/\/www.infinitri.be\/nl\/product\/racing-ss-tshirt-homme-black-safe-yellow\/","title":{"rendered":"Racing SS Tshirt Heren Zwart Veilig Geel"},"content":{"rendered":"<p>\u2018-Compressport Pro Racing T-shirt: Ontworpen voor wedstrijdlopers, biedt het een onge\u00ebvenaarde lichtheid voor optimale prestaties.<br \/>\n-Maximale ventilatie: Stof met zuurstofmotief en strategische openingen voor een effici\u00ebnte verdamping van zweet.<br \/>\n-Bescherming en comfort: zachte stof die niet schuurt tegen de tepels, platte naden en ronde halslijn om irritatie te minimaliseren.<br \/>\n-Mobilit\u00e9 et visibilit\u00e9 : Manches en satin pour am\u00e9liorer les mouvements et d\u00e9tails r\u00e9fl\u00e9chissants pour une meilleure visibilit\u00e9 lors des courses nocturnes.<\/p>","protected":false},"excerpt":{"rendered":"<p>Le Compressport Racing SS Shirt est le top absolu en mati\u00e8re de maillots de course. Ultral\u00e9ger, ventilation et confort maximum.<\/p>","protected":false},"featured_media":35428,"comment_status":"open","ping_status":"closed","template":"","meta":[],"product_brand":[329],"product_cat":[16,29],"product_tag":[],"class_list":{"0":"post-35367","1":"product","2":"type-product","3":"status-publish","4":"has-post-thumbnail","6":"product_brand-compressport","7":"product_cat-course","8":"product_cat-vestes-et-t-shirts","9":"zank_product_brands-compressport","10":"nt-post-class","11":"","17":"first","18":"instock","19":"taxable","20":"shipping-taxable","21":"purchasable","22":"product-type-variable"},"_links":{"self":[{"href":"https:\/\/www.infinitri.be\/nl\/wp-json\/wp\/v2\/product\/35367","targetHints":{"allow":["GET"]}}],"collection":[{"href":"https:\/\/www.infinitri.be\/nl\/wp-json\/wp\/v2\/product"}],"about":[{"href":"https:\/\/www.infinitri.be\/nl\/wp-json\/wp\/v2\/types\/product"}],"replies":[{"embeddable":true,"href":"https:\/\/www.infinitri.be\/nl\/wp-json\/wp\/v2\/comments?post=35367"}],"wp:featuredmedia":[{"embeddable":true,"href":"https:\/\/www.infinitri.be\/nl\/wp-json\/wp\/v2\/media\/35428"}],"wp:attachment":[{"href":"https:\/\/www.infinitri.be\/nl\/wp-json\/wp\/v2\/media?parent=35367"}],"wp:term":[{"taxonomy":"product_brand","embeddable":true,"href":"https:\/\/www.infinitri.be\/nl\/wp-json\/wp\/v2\/product_brand?post=35367"},{"taxonomy":"product_cat","embeddable":true,"href":"https:\/\/www.infinitri.be\/nl\/wp-json\/wp\/v2\/product_cat?post=35367"},{"taxonomy":"product_tag","embeddable":true,"href":"https:\/\/www.infinitri.be\/nl\/wp-json\/wp\/v2\/product_tag?post=35367"}],"curies":[{"name":"wp","href":"https:\/\/api.w.org\/{rel}","templated":true}]}}