{"id":35374,"date":"2025-12-26T21:09:37","date_gmt":"2025-12-26T21:09:37","guid":{"rendered":"https:\/\/www.infinitri.be\/?post_type=product&#038;p=35374"},"modified":"2026-04-23T20:41:24","modified_gmt":"2026-04-23T19:41:24","slug":"arena-powerskin-st-leopard-limited-next-jammer-garcon","status":"publish","type":"product","link":"https:\/\/www.infinitri.be\/nl\/product\/arena-powerskin-st-leopard-limited-next-jammer-garcon\/","title":{"rendered":"Arena &#8211;  Powerskin ST Leopard  Limited Next Jammer &#8211; Gar\u00e7on"},"content":{"rendered":"<p>Edition limit\u00e9e exclusive de la couleur. Plongez dans la prochaine g\u00e9n\u00e9ration et contribuez \u00e0 la r\u00e9duction des d\u00e9chets \u00e0 chaque mouvement.<\/p>\n<p>Kenmerken :<\/p>\n<ul>\n<li>60 % van de stof is afkomstig van materialen die bestemd zijn om gestort te worden.<\/li>\n<li>De verbeterde stof absorbeert minder water en is 20 % lichter dan de vorige ST 2.0.<\/li>\n<li>Het verbeterde geheugen van de stof zorgt voor langdurige compressie en prestaties.<\/li>\n<li>De stofsamenstelling is bestand tegen uitrekken en verbetert de duurzaamheid.<\/li>\n<li>Het versterkte ontwerp van de schouderbanden biedt meer comfort en duurzaamheid op modellen met open rug.<\/li>\n<li>Eerste duurzame racepak goedgekeurd door <strong>FINA<\/strong>.<\/li>\n<p><!--themify_builder_static--><iframe title=\"Het allereerste FINA-goedgekeurde racepak gemaakt van gerecyclede stof: arena Powerskin ST NEXT\" width=\"960\" height=\"540\" src=\"https:\/\/www.youtube.com\/embed\/4FmvfvPoPFo?feature=oembed\" frameborder=\"0\" allow=\"accelerometer; autoplay; clipboard-write; encrypted-media; gyroscope; picture-in-picture; web-share\" referrerpolicy=\"strict-origin-when-cross-origin\" allowfullscreen><\/iframe><!--\/themify_builder_static--><\/p>","protected":false},"excerpt":{"rendered":"<p>Arena introduceert met trots de POWERSKIN ST NEXT, het eerste duurzame racepak ooit. Alles wat je zo geweldig vond aan de ST 2.0 is nu lichter, sneller en groener.<\/p>\n<p>Naast de voordelen op het gebied van duurzaamheid heeft de POWERSKIN ST Next Jammer Junior ook indrukwekkende prestatieverbeteringen. Om te beginnen is het pak 20 % lichter dan de ST 2.0 dankzij een lagere waterabsorptie. Het pak heeft ook een verbeterd weefselgeheugen, waardoor de compressie en prestaties langer meegaan.<\/p>\n<p>&nbsp;<\/p>","protected":false},"featured_media":35443,"comment_status":"open","ping_status":"closed","template":"","meta":[],"product_brand":[326],"product_cat":[60,126,41],"product_tag":[],"class_list":{"0":"post-35374","1":"product","2":"type-product","3":"status-publish","4":"has-post-thumbnail","6":"product_brand-arena","7":"product_cat-fina","8":"product_cat-maillot-competition","9":"product_cat-natation","10":"zank_product_brands-arena","11":"nt-post-class","12":"","18":"first","19":"instock","20":"taxable","21":"shipping-taxable","22":"purchasable","23":"product-type-variable"},"_links":{"self":[{"href":"https:\/\/www.infinitri.be\/nl\/wp-json\/wp\/v2\/product\/35374","targetHints":{"allow":["GET"]}}],"collection":[{"href":"https:\/\/www.infinitri.be\/nl\/wp-json\/wp\/v2\/product"}],"about":[{"href":"https:\/\/www.infinitri.be\/nl\/wp-json\/wp\/v2\/types\/product"}],"replies":[{"embeddable":true,"href":"https:\/\/www.infinitri.be\/nl\/wp-json\/wp\/v2\/comments?post=35374"}],"wp:featuredmedia":[{"embeddable":true,"href":"https:\/\/www.infinitri.be\/nl\/wp-json\/wp\/v2\/media\/35443"}],"wp:attachment":[{"href":"https:\/\/www.infinitri.be\/nl\/wp-json\/wp\/v2\/media?parent=35374"}],"wp:term":[{"taxonomy":"product_brand","embeddable":true,"href":"https:\/\/www.infinitri.be\/nl\/wp-json\/wp\/v2\/product_brand?post=35374"},{"taxonomy":"product_cat","embeddable":true,"href":"https:\/\/www.infinitri.be\/nl\/wp-json\/wp\/v2\/product_cat?post=35374"},{"taxonomy":"product_tag","embeddable":true,"href":"https:\/\/www.infinitri.be\/nl\/wp-json\/wp\/v2\/product_tag?post=35374"}],"curies":[{"name":"wp","href":"https:\/\/api.w.org\/{rel}","templated":true}]}}