{"id":35494,"date":"2025-12-26T21:16:55","date_gmt":"2025-12-26T21:16:55","guid":{"rendered":"https:\/\/www.infinitri.be\/?post_type=product&#038;p=35494"},"modified":"2026-04-04T17:34:26","modified_gmt":"2026-04-04T16:34:26","slug":"huub-peaks-jambieres-velo","status":"publish","type":"product","link":"https:\/\/www.infinitri.be\/nl\/product\/huub-peaks-jambieres-velo\/","title":{"rendered":"Huub Peaks Fietsbroek"},"content":{"rendered":"<p><\/p>\n<p><span>We weten dat je het grootste deel van je trainingstijd op de fiets doorbrengt en we weten ook wat je van je uitrusting verwacht. Bij HUUB waarderen we de tijd die je erin steekt en daarom is onze nieuwe fietslijn ontwikkeld met de beste input, fabrieken en ontwerpers om ervoor te zorgen dat jouw grootste trainingsinzet wordt verzorgd op de manier die je verwacht van HUUB. We kunnen niet trotser zijn op deze lijn en weten dat onze \u00abcut to ride\u00bb lijn van fietskleding alles zal waarmaken, van comfort en pasvorm tot zeem en pasvorm.<\/span><\/p>\n<ul>\n<li><span>De essenti\u00eble elementen van een EHBO-kit of een kit voor vroege starters<\/span><\/li>\n<li><span>Zachte, geborstelde stof om koude rillingen te voorkomen als het weer onverwachts verandert.<\/span><\/li>\n<li><span>Platte naden<\/span><\/li>\n<\/ul>\n<p>\u00a0<\/p>\n<p><span><a href=\"https:\/\/huubdesign.com\/pages\/refund-policy\">Garantie-informatie<\/a><\/span><\/p>\n<ul><\/ul>\n<h4><\/h4>","protected":false},"excerpt":{"rendered":"<p>Nous savons que vous passez la plus grande partie de votre temps d&#8217;entra\u00eenement sur le v\u00e9lo, et nous savons aussi ce que vous attendez de votre \u00e9quipement. Chez HUUB, nous appr\u00e9cions le temps que vous y consacrez, c&#8217;est pourquoi notre nouvelle gamme cycliste a \u00e9t\u00e9 d\u00e9velopp\u00e9e avec les meilleurs intrants, usines et designers pour s&#8217;assurer&#8230;<\/p>","protected":false},"featured_media":35541,"comment_status":"open","ping_status":"closed","template":"","meta":[],"product_brand":[286],"product_cat":[40,140,37,15],"product_tag":[],"class_list":{"0":"post-35494","1":"product","2":"type-product","3":"status-publish","4":"has-post-thumbnail","6":"product_brand-huub","7":"product_cat-accessoires","8":"product_cat-accessoires-cyclisme","9":"product_cat-cyclisme","10":"product_cat-non-classe","11":"zank_product_brands-huub","12":"nt-post-class","13":"","16":"excerpt-none","19":"first","20":"instock","21":"taxable","22":"shipping-taxable","23":"purchasable","24":"product-type-variable","25":"has-default-attributes"},"_links":{"self":[{"href":"https:\/\/www.infinitri.be\/nl\/wp-json\/wp\/v2\/product\/35494","targetHints":{"allow":["GET"]}}],"collection":[{"href":"https:\/\/www.infinitri.be\/nl\/wp-json\/wp\/v2\/product"}],"about":[{"href":"https:\/\/www.infinitri.be\/nl\/wp-json\/wp\/v2\/types\/product"}],"replies":[{"embeddable":true,"href":"https:\/\/www.infinitri.be\/nl\/wp-json\/wp\/v2\/comments?post=35494"}],"wp:featuredmedia":[{"embeddable":true,"href":"https:\/\/www.infinitri.be\/nl\/wp-json\/wp\/v2\/media\/35541"}],"wp:attachment":[{"href":"https:\/\/www.infinitri.be\/nl\/wp-json\/wp\/v2\/media?parent=35494"}],"wp:term":[{"taxonomy":"product_brand","embeddable":true,"href":"https:\/\/www.infinitri.be\/nl\/wp-json\/wp\/v2\/product_brand?post=35494"},{"taxonomy":"product_cat","embeddable":true,"href":"https:\/\/www.infinitri.be\/nl\/wp-json\/wp\/v2\/product_cat?post=35494"},{"taxonomy":"product_tag","embeddable":true,"href":"https:\/\/www.infinitri.be\/nl\/wp-json\/wp\/v2\/product_tag?post=35494"}],"curies":[{"name":"wp","href":"https:\/\/api.w.org\/{rel}","templated":true}]}}