{"id":36013,"date":"2025-12-27T10:47:36","date_gmt":"2025-12-27T10:47:36","guid":{"rendered":"https:\/\/www.infinitri.be\/?post_type=product&#038;p=36013"},"modified":"2026-04-04T18:45:06","modified_gmt":"2026-04-04T17:45:06","slug":"aphotic-ii-swim-goggle-yellow-photochromatic","status":"publish","type":"product","link":"https:\/\/www.infinitri.be\/nl\/product\/aphotic-ii-swim-goggle-yellow-photochromatic\/","title":{"rendered":"Aphotic II zwembril geel \u2013 fotochromatisch"},"content":{"rendered":"<p>De \u2019Aphotic II\u00ab zet de zoektocht naar \u00bbperfectie\u00ab voort door enkele kleine wijzigingen aan te brengen aan onze best verkochte duikbril van de afgelopen 10 jaar, de Aphotic. De tweede generatie is voorzien van een ratel voor het afstellen van de band, waardoor deze gemakkelijker kan worden aangepast. De siliconenband is bovendien voorzien van ribbels voor een betere grip en veiligheid.<\/p>\n<p>Zwembrillen zijn waarschijnlijk het belangrijkste stuk uitrusting op de dag van de wedstrijd. Een stuk uitrusting dat velen van ons als vanzelfsprekend beschouwen, maar zonder welke al onze voorbereiding en training voor niets zijn geweest. Het is tijd om je zwembril serieus te nemen en te begrijpen wat je nodig hebt op de dag van de wedstrijd.<\/p>\n<p>Zou het niet geweldig zijn als de meeste evenementen halverwege de dag zouden beginnen, wanneer de zon hoog staat, iedereen warm is en het licht zo goed is als maar kan? Helaas maken de duur van de wedstrijden en de sluitingstijden van de wegen dat een start om 7 uur 's ochtends niet ongebruikelijk is, en zoals we allemaal weten, is het licht 30 minuten na het startschot heel anders, en nog meer naarmate de ochtend vordert.<\/p>\n<p>\u00abAphotic\u00bb van HUUB, onze eerste zwembril die tijdens het zwemmen dankzij fotochromatische technologie donkerder of lichter wordt zonder dat u het merkt. Een zelfregulerende lens die het comfort en zicht biedt dat nodig is om uw zicht te maximaliseren en u te helpen bij het zwemmen.<\/p>\n<p>Het heldere \u00abfotochromatische\u00bb zicht vergemakkelijkt het zien en stelt u in staat om obstakels en andere zwemmers te ontwijken, zelfs wanneer u met de zon in uw gezicht of met uw rug naar de zon zwemt.<\/p>\n<p>Deze ongelooflijke lenzen passen perfect en hebben slechts 160 seconden nodig om van helder naar donker over te schakelen, waardoor ze bij elke bocht en elke boei ultieme prestaties leveren.<\/p>\n<p>Speciale gepatenteerde fotochromatische kleurstoffen activeren de lens of maken deze donkerder wanneer deze wordt blootgesteld aan ultraviolette straling van zonlicht. Wanneer het UV-licht afneemt, worden de lenzen donkerder. Wanneer de lichtomstandigheden veranderen, wordt de tint aangepast, zodat u altijd de juiste tint hebt op het juiste moment.<\/p>\n<p>Ontworpen om zich perfect aan te passen aan het gezicht met een aangepaste dichtheid van siliconen en TPR voor een perfecte pasvorm en een vederlicht gevoel, zelfs bij de meest interessante gezichtsprofielen. Om goed te kunnen zwemmen, heb je een comfortabele pasvorm nodig en moet je zoveel mogelijk kunnen zien terwijl je zoveel mogelijk licht blokkeert wanneer de zon hoog staat of de reflectie van het water optimaal is.<\/p>\n<p>\u2013 Materiaal van het oculair: PC<\/p>\n<p>\u2013 Materiaal van de afdichting: siliconen<\/p>\n<p>\u2013 Materiaal van de riem: siliconen<\/p>","protected":false},"excerpt":{"rendered":"<p>L&#8217;\u00ab Aphotic II \u00bb poursuit la recherche de la \u00ab perfection \u00bb en apportant quelques petites modifications \u00e0 notre masque le plus vendu depuis 10 ans, l&#8217;Aphotic. La deuxi\u00e8me g\u00e9n\u00e9ration est dot\u00e9e d&#8217;un cliquet de r\u00e9glage de la sangle, ce qui facilite l&#8217;ajustement. La sangle en silicone pr\u00e9sente \u00e9galement des stries pour am\u00e9liorer le maintien&#8230;<\/p>","protected":false},"featured_media":36046,"comment_status":"open","ping_status":"closed","template":"","meta":[],"product_brand":[286],"product_cat":[55,56,59],"product_tag":[259,303],"class_list":{"0":"post-36013","1":"product","2":"type-product","3":"status-publish","4":"has-post-thumbnail","6":"product_brand-huub","7":"product_cat-lunettes-natation","8":"product_cat-lunettes-triathlon","9":"product_cat-triathlon","10":"product_tag-2025brochure","11":"product_tag-newfor2025","12":"zank_product_brands-huub","13":"nt-post-class","14":"","17":"excerpt-none","20":"first","21":"instock","22":"taxable","23":"shipping-taxable","24":"purchasable","25":"product-type-simple"},"_links":{"self":[{"href":"https:\/\/www.infinitri.be\/nl\/wp-json\/wp\/v2\/product\/36013","targetHints":{"allow":["GET"]}}],"collection":[{"href":"https:\/\/www.infinitri.be\/nl\/wp-json\/wp\/v2\/product"}],"about":[{"href":"https:\/\/www.infinitri.be\/nl\/wp-json\/wp\/v2\/types\/product"}],"replies":[{"embeddable":true,"href":"https:\/\/www.infinitri.be\/nl\/wp-json\/wp\/v2\/comments?post=36013"}],"wp:featuredmedia":[{"embeddable":true,"href":"https:\/\/www.infinitri.be\/nl\/wp-json\/wp\/v2\/media\/36046"}],"wp:attachment":[{"href":"https:\/\/www.infinitri.be\/nl\/wp-json\/wp\/v2\/media?parent=36013"}],"wp:term":[{"taxonomy":"product_brand","embeddable":true,"href":"https:\/\/www.infinitri.be\/nl\/wp-json\/wp\/v2\/product_brand?post=36013"},{"taxonomy":"product_cat","embeddable":true,"href":"https:\/\/www.infinitri.be\/nl\/wp-json\/wp\/v2\/product_cat?post=36013"},{"taxonomy":"product_tag","embeddable":true,"href":"https:\/\/www.infinitri.be\/nl\/wp-json\/wp\/v2\/product_tag?post=36013"}],"curies":[{"name":"wp","href":"https:\/\/api.w.org\/{rel}","templated":true}]}}