{"id":36296,"date":"2025-12-27T11:00:25","date_gmt":"2025-12-27T11:00:25","guid":{"rendered":"https:\/\/www.infinitri.be\/?post_type=product&#038;p=36296"},"modified":"2026-04-04T17:35:55","modified_gmt":"2026-04-04T16:35:55","slug":"huub-manta-ray-open-water-swim-goggle-clear","status":"publish","type":"product","link":"https:\/\/www.infinitri.be\/nl\/product\/huub-manta-ray-open-water-swim-goggle-clear\/","title":{"rendered":"Huub-Manta Ray Open Water Swim Goggle \u2013 Clear"},"content":{"rendered":"<p>Le masque pour l&#8217;entra\u00eenement \u00e0 la nage en eau libre et les nageurs de loisir qui recherchent une protection oculaire dans un masque extr\u00eamement confortable. Visibilit\u00e9 et clart\u00e9 accrues gr\u00e2ce \u00e0 des verres plus larges.<\/p>\n<p>Les joints externes en silicone hypoallerg\u00e9nique offrent un ajustement tr\u00e8s fin pour sceller compl\u00e8tement le visage pour les nages de loisir ou d&#8217;entra\u00eenement \u00e0 un rythme plus rapide. Le joint plus large, qui est ext\u00e9rieur \u00e0 la lentille, assure un ajustement plus confortable, avec moins de pression et sans fuite. Facilement ajustable pour s&#8217;adapter \u00e0 tous les visages et \u00e0 tous les contours, avec un traitement antibu\u00e9e pour une visibilit\u00e9 tout au long de la journ\u00e9e.<\/p>\n<p>Disponible en lentille photochromatique pour un ajustement de la teinte tout au long de la journ\u00e9e, la lentille s&#8217;assombrit ou s&#8217;\u00e9claircit en fonction des changements de lumi\u00e8re.<\/p>\n<p>&nbsp;<\/p>\n<p>Kenmerken :<\/p>\n<ul>\n<li>Joints en silicone hypoallerg\u00e9nique<\/li>\n<li>Grande vision p\u00e9riph\u00e9rique<\/li>\n<li>Technologie d&#8217;ajustement rapide<\/li>\n<li>Lentilles en polycarbonate UVA\/UVB<\/li>\n<li>Rev\u00eatement antibu\u00e9e<\/li>\n<li>Conception \u00e0 profil bas<\/li>\n<\/ul>","protected":false},"excerpt":{"rendered":"<p>Le masque pour l&#8217;entra\u00eenement \u00e0 la nage en eau libre et les nageurs de loisir qui recherchent une protection oculaire dans un masque extr\u00eamement confortable. Visibilit\u00e9 et clart\u00e9 accrues gr\u00e2ce \u00e0 des verres plus larges. Les joints externes en silicone hypoallerg\u00e9nique offrent un ajustement tr\u00e8s fin pour sceller compl\u00e8tement le visage pour les nages de&#8230;<\/p>","protected":false},"featured_media":36361,"comment_status":"open","ping_status":"closed","template":"","meta":[],"product_brand":[286],"product_cat":[56,59],"product_tag":[259,261,318,202,267,279,268,269,275,280,276,271,272,273,277],"class_list":{"0":"post-36296","1":"product","2":"type-product","3":"status-publish","4":"has-post-thumbnail","6":"product_brand-huub","7":"product_cat-lunettes-triathlon","8":"product_cat-triathlon","9":"product_tag-2025brochure","10":"product_tag-4882active","11":"product_tag-collectionmanta-ray","12":"product_tag-gendermens","13":"product_tag-genderwomens","14":"product_tag-mens-swim","15":"product_tag-muuvrfull","16":"product_tag-notpodium24","17":"product_tag-notss","18":"product_tag-outlaw","19":"product_tag-swim-all","20":"product_tag-triathlon-all","21":"product_tag-triathlon-mens","22":"product_tag-triathlon-womens","23":"product_tag-womens-swim","24":"zank_product_brands-huub","25":"nt-post-class","26":"","29":"excerpt-none","32":"first","33":"instock","34":"taxable","35":"shipping-taxable","36":"purchasable","37":"product-type-simple"},"_links":{"self":[{"href":"https:\/\/www.infinitri.be\/nl\/wp-json\/wp\/v2\/product\/36296","targetHints":{"allow":["GET"]}}],"collection":[{"href":"https:\/\/www.infinitri.be\/nl\/wp-json\/wp\/v2\/product"}],"about":[{"href":"https:\/\/www.infinitri.be\/nl\/wp-json\/wp\/v2\/types\/product"}],"replies":[{"embeddable":true,"href":"https:\/\/www.infinitri.be\/nl\/wp-json\/wp\/v2\/comments?post=36296"}],"wp:featuredmedia":[{"embeddable":true,"href":"https:\/\/www.infinitri.be\/nl\/wp-json\/wp\/v2\/media\/36361"}],"wp:attachment":[{"href":"https:\/\/www.infinitri.be\/nl\/wp-json\/wp\/v2\/media?parent=36296"}],"wp:term":[{"taxonomy":"product_brand","embeddable":true,"href":"https:\/\/www.infinitri.be\/nl\/wp-json\/wp\/v2\/product_brand?post=36296"},{"taxonomy":"product_cat","embeddable":true,"href":"https:\/\/www.infinitri.be\/nl\/wp-json\/wp\/v2\/product_cat?post=36296"},{"taxonomy":"product_tag","embeddable":true,"href":"https:\/\/www.infinitri.be\/nl\/wp-json\/wp\/v2\/product_tag?post=36296"}],"curies":[{"name":"wp","href":"https:\/\/api.w.org\/{rel}","templated":true}]}}