{"id":36589,"date":"2025-12-27T11:47:53","date_gmt":"2025-12-27T11:47:53","guid":{"rendered":"https:\/\/www.infinitri.be\/?post_type=product&#038;p=36589"},"modified":"2026-04-04T18:45:14","modified_gmt":"2026-04-04T17:45:14","slug":"huub-transition-ii-bag-fluo-yellow","status":"publish","type":"product","link":"https:\/\/www.infinitri.be\/nl\/product\/huub-transition-ii-bag-fluo-yellow\/","title":{"rendered":"Huub \u2013 Transition II Bag Fluo yellow"},"content":{"rendered":"","protected":false},"excerpt":{"rendered":"<p>Le sac de transition pr\u00e9f\u00e9r\u00e9 des triathl\u00e8tes a fait peau neuve. L&#8217;\u00e9norme sac d&#8217;un volume de 40 litres permet de ranger tout votre \u00e9quipement de triathlon &#8211; il dispose d&#8217;un rangement \u00e9tanche pour les combinaisons HUUB, de compartiments de rangement pour les chaussures et les casques, et de multiples poches pour toutes vos autres affaires.<\/p>","protected":false},"featured_media":36623,"comment_status":"open","ping_status":"closed","template":"","meta":[],"product_brand":[286],"product_cat":[40,137,141,58,59],"product_tag":[],"class_list":{"0":"post-36589","1":"product","2":"type-product","3":"status-publish","4":"has-post-thumbnail","6":"product_brand-huub","7":"product_cat-accessoires","8":"product_cat-accessoires-eau-libre","9":"product_cat-outlet","10":"product_cat-sacs","11":"product_cat-triathlon","12":"zank_product_brands-huub","13":"nt-post-class","14":"","20":"first","21":"instock","22":"sale","23":"taxable","24":"shipping-taxable","25":"purchasable","26":"product-type-simple"},"_links":{"self":[{"href":"https:\/\/www.infinitri.be\/nl\/wp-json\/wp\/v2\/product\/36589","targetHints":{"allow":["GET"]}}],"collection":[{"href":"https:\/\/www.infinitri.be\/nl\/wp-json\/wp\/v2\/product"}],"about":[{"href":"https:\/\/www.infinitri.be\/nl\/wp-json\/wp\/v2\/types\/product"}],"replies":[{"embeddable":true,"href":"https:\/\/www.infinitri.be\/nl\/wp-json\/wp\/v2\/comments?post=36589"}],"wp:featuredmedia":[{"embeddable":true,"href":"https:\/\/www.infinitri.be\/nl\/wp-json\/wp\/v2\/media\/36623"}],"wp:attachment":[{"href":"https:\/\/www.infinitri.be\/nl\/wp-json\/wp\/v2\/media?parent=36589"}],"wp:term":[{"taxonomy":"product_brand","embeddable":true,"href":"https:\/\/www.infinitri.be\/nl\/wp-json\/wp\/v2\/product_brand?post=36589"},{"taxonomy":"product_cat","embeddable":true,"href":"https:\/\/www.infinitri.be\/nl\/wp-json\/wp\/v2\/product_cat?post=36589"},{"taxonomy":"product_tag","embeddable":true,"href":"https:\/\/www.infinitri.be\/nl\/wp-json\/wp\/v2\/product_tag?post=36589"}],"curies":[{"name":"wp","href":"https:\/\/api.w.org\/{rel}","templated":true}]}}