{"id":36634,"date":"2025-12-27T11:54:26","date_gmt":"2025-12-27T11:54:26","guid":{"rendered":"https:\/\/www.infinitri.be\/?post_type=product&#038;p=36634"},"modified":"2026-04-04T17:35:39","modified_gmt":"2026-04-04T16:35:39","slug":"aegis-x-wetsuit-womens","status":"publish","type":"product","link":"https:\/\/www.infinitri.be\/nl\/product\/aegis-x-wetsuit-womens\/","title":{"rendered":"Aegis X Wetsuit - Dames"},"content":{"rendered":"<p data-mce-fragment=\"1\">Tous les fabricants d&#8217;articles de sport ont un produit qui est trop bon pour \u00eatre remplac\u00e9 et qui offre tant d&#8217;avantages qu&#8217;il a m\u00e9rit\u00e9 une place de choix dans leur gamme.<\/p>\n<p>Pour HUUB, Aegis est le produit qui a toujours \u00e9t\u00e9 l\u00e0, qui a toujours fourni des performances \u00e9tonnantes, des retours d&#8217;exp\u00e9rience \u00e9tonnants et une valeur incroyable. Aegis X incorpore des technologies \u00e9prouv\u00e9es et test\u00e9es ainsi que des recherches scientifiques qui garantissent vos performances et votre plaisir de nager.<\/p>\n<p><span>L&#8217;Aegis X est une version am\u00e9lior\u00e9e de la combinaison de plong\u00e9e r\u00e9put\u00e9e pour d\u00e9passer les attentes, offrant bien plus que ce que son prix sugg\u00e8re. La grande flexibilit\u00e9 du haut du corps et la flottabilit\u00e9 accrue du bas des jambes s\u00e9duisent \u00e0 la fois les triathl\u00e8tes et les nageurs en eau libre, offrant l&#8217;\u00e9quilibre parfait entre confort et performance pour maximiser votre potentiel.<\/span><\/p>\n<p data-mce-fragment=\"1\">La derni\u00e8re version de cette combinaison pr\u00e9sente de nombreuses caract\u00e9ristiques que l&#8217;on ne trouvait auparavant que dans nos combinaisons haut de gamme qui ont battu des records, ainsi qu&#8217;un rapport qualit\u00e9\/prix in\u00e9gal\u00e9. <\/p>\n<ul data-mce-fragment=\"1\">\n<li data-mce-fragment=\"1\"><span data-mce-fragment=\"1\">Le X-O Skeleton\u2122 exclusif \u00e0 HUUB pour un alignement du corps et une efficacit\u00e9 de la nage exceptionnels.<br data-mce-fragment=\"1\"><\/span><\/li>\n<li data-mce-fragment=\"1\"><span data-mce-fragment=\"1\">Mod\u00e8les de panneaux sup\u00e9rieurs pour la Rotational Freedom\u2122 et la facilit\u00e9 de la course.<br data-mce-fragment=\"1\"><\/span><\/li>\n<li data-mce-fragment=\"1\"><span data-mce-fragment=\"1\">S\u00e9lectionner les panneaux et les doublures en n\u00e9opr\u00e8ne afin d&#8217;optimiser le module des mat\u00e9riaux.<br data-mce-fragment=\"1\"><\/span><\/li>\n<li data-mce-fragment=\"1\"><span data-mce-fragment=\"1\">Fermeture \u00e9clair Breakaway Zipper\u2122 pour une transition plus rapide<br data-mce-fragment=\"1\"><\/span><\/li>\n<li data-mce-fragment=\"1\"><span data-mce-fragment=\"1\">Exclusive HUUB 3:5 flottaison<br data-mce-fragment=\"1\"><\/span><\/li>\n<li data-mce-fragment=\"1\"><span data-mce-fragment=\"1\">Des mat\u00e9riaux am\u00e9lior\u00e9s<br data-mce-fragment=\"1\"><\/span><\/li>\n<\/ul>\n<p><span data-mce-fragment=\"1\">La grande flexibilit\u00e9 du haut du corps et la flottabilit\u00e9 accrue du bas des jambes s\u00e9duisent \u00e0 la fois les triathl\u00e8tes et les nageurs en eau libre, offrant un \u00e9quilibre parfait entre confort et performance.<\/span><\/p>\n<p data-mce-fragment=\"1\">\u00a0<\/p>\n<p data-mce-fragment=\"1\"><span data-mce-fragment=\"1\">Neoprene 80%, Polymide (Nylon) 15%, Metalised Fibre 3%, Cotton 2%<\/span><\/p>\n<p data-mce-fragment=\"1\">\u00a0<\/p>\n<p>\u00a0<\/p>\n<h4>Hoe moet een goed passend wetsuit eruitzien?<\/h4>\n<p><span>Kies hieronder een maat om te zien hoe het eruit moet zien:<\/span><\/p>\n<div>Heren Maat:\u00a0 \u00a0<span>\u00a0<strong><a href=\"https:\/\/cdn.shopify.com\/s\/files\/1\/0233\/5881\/files\/MENS_S.mp4?16185\" target=\"_blank\" rel=\"noopener\">S<\/a>\u00a0<\/strong> -\u00a0\u00a0\u00a0<a href=\"https:\/\/cdn.shopify.com\/s\/files\/1\/0233\/5881\/files\/MENS_SMT.mp4?16185\" target=\"_blank\" rel=\"noopener\"><strong>SMT<\/strong><\/a>\u00a0 -\u00a0 <a href=\"https:\/\/cdn.shopify.com\/s\/files\/1\/0233\/5881\/files\/MENS_M.mp4?16189\" target=\"_blank\" rel=\"noopener\"><strong>M<\/strong><\/a>\u00a0 -\u00a0 <a href=\"https:\/\/cdn.shopify.com\/s\/files\/1\/0233\/5881\/files\/MENS_MT.mp4?16189\" target=\"_blank\" rel=\"noopener\"><strong>MT<\/strong><\/a>\u00a0 -\u00a0 <a href=\"https:\/\/cdn.shopify.com\/s\/files\/1\/0233\/5881\/files\/MENS_ML.mp4?16189\" target=\"_blank\" rel=\"noopener\"><strong>ML<\/strong><\/a>\u00a0 -\u00a0 <a href=\"https:\/\/cdn.shopify.com\/s\/files\/1\/0233\/5881\/files\/MENS_XL.mp4?16189\" target=\"_blank\" rel=\"noopener\"><strong>XL<\/strong><\/a>\u00a0 -\u00a0<strong>\u00a0\u00a0<a href=\"https:\/\/cdn.shopify.com\/s\/files\/1\/0233\/5881\/files\/MENS_SS.mp4?16190\" target=\"_blank\" rel=\"noopener\">SS<\/a><\/strong><\/span><\/div>\n<div><span><\/span><\/div>\n<div><span>Dames Maat:\u00a0 \u00a0<\/span><span><a href=\"https:\/\/cdn.shopify.com\/s\/files\/1\/0233\/5881\/files\/WOMENS_S_2.0.mp4?16189\" target=\"_blank\" rel=\"noopener\"><strong>S<\/strong><\/a>\u00a0 -\u00a0 <a href=\"https:\/\/cdn.shopify.com\/s\/files\/1\/0233\/5881\/files\/WOMENS_M.mp4?16189\" target=\"_blank\" rel=\"noopener\"><strong>M<\/strong><\/a>\u00a0 -\u00a0 <a href=\"https:\/\/cdn.shopify.com\/s\/files\/1\/0233\/5881\/files\/WOMENS_ML.mp4?16189\" target=\"_blank\" rel=\"noopener\"><strong>ML<\/strong><\/a>\u00a0\u00a0-\u00a0\u00a0<a href=\"https:\/\/cdn.shopify.com\/s\/files\/1\/0233\/5881\/files\/WOMENS_SS_1.mp4?16190\" target=\"_blank\" rel=\"noopener\"><strong>SS<\/strong><\/a><\/span><\/div>\n<div><span><strong><\/strong><\/span><\/div>\n<div><\/div>\n<div><\/div>\n<div>\n<p>\u00a0<\/p>\n<p><a href=\"https:\/\/huubdesign.com\/pages\/refund-policy\">Garantie-informatie<\/a><\/p>\n<\/div>","protected":false},"excerpt":{"rendered":"<p>Tous les fabricants d&#8217;articles de sport ont un produit qui est trop bon pour \u00eatre remplac\u00e9 et qui offre tant d&#8217;avantages qu&#8217;il a m\u00e9rit\u00e9 une place de choix dans leur gamme. Pour HUUB, Aegis est le produit qui a toujours \u00e9t\u00e9 l\u00e0, qui a toujours fourni des performances \u00e9tonnantes, des retours d&#8217;exp\u00e9rience \u00e9tonnants et une&#8230;<\/p>","protected":false},"featured_media":36635,"comment_status":"open","ping_status":"closed","template":"","meta":[],"product_brand":[286],"product_cat":[130,141,59],"product_tag":[],"class_list":{"0":"post-36634","1":"product","2":"type-product","3":"status-publish","4":"has-post-thumbnail","6":"product_brand-huub","7":"product_cat-combinaison-neoprene","8":"product_cat-outlet","9":"product_cat-triathlon","10":"zank_product_brands-huub","11":"nt-post-class","12":"","15":"excerpt-none","18":"first","19":"instock","20":"sale","21":"taxable","22":"shipping-taxable","23":"purchasable","24":"product-type-variable"},"_links":{"self":[{"href":"https:\/\/www.infinitri.be\/nl\/wp-json\/wp\/v2\/product\/36634","targetHints":{"allow":["GET"]}}],"collection":[{"href":"https:\/\/www.infinitri.be\/nl\/wp-json\/wp\/v2\/product"}],"about":[{"href":"https:\/\/www.infinitri.be\/nl\/wp-json\/wp\/v2\/types\/product"}],"replies":[{"embeddable":true,"href":"https:\/\/www.infinitri.be\/nl\/wp-json\/wp\/v2\/comments?post=36634"}],"wp:featuredmedia":[{"embeddable":true,"href":"https:\/\/www.infinitri.be\/nl\/wp-json\/wp\/v2\/media\/36635"}],"wp:attachment":[{"href":"https:\/\/www.infinitri.be\/nl\/wp-json\/wp\/v2\/media?parent=36634"}],"wp:term":[{"taxonomy":"product_brand","embeddable":true,"href":"https:\/\/www.infinitri.be\/nl\/wp-json\/wp\/v2\/product_brand?post=36634"},{"taxonomy":"product_cat","embeddable":true,"href":"https:\/\/www.infinitri.be\/nl\/wp-json\/wp\/v2\/product_cat?post=36634"},{"taxonomy":"product_tag","embeddable":true,"href":"https:\/\/www.infinitri.be\/nl\/wp-json\/wp\/v2\/product_tag?post=36634"}],"curies":[{"name":"wp","href":"https:\/\/api.w.org\/{rel}","templated":true}]}}