{"id":36731,"date":"2025-12-27T11:56:29","date_gmt":"2025-12-27T11:56:29","guid":{"rendered":"https:\/\/www.infinitri.be\/?post_type=product&#038;p=36731"},"modified":"2026-04-04T17:28:14","modified_gmt":"2026-04-04T16:28:14","slug":"arena-balloons-lightdrop-back-fille","status":"publish","type":"product","link":"https:\/\/www.infinitri.be\/nl\/product\/arena-balloons-lightdrop-back-fille\/","title":{"rendered":"Arena - Ballonnen Lichtdruppel Terug - Meisje"},"content":{"rendered":"<p>Le tissu MaxLife Eco ultra-r\u00e9sistant au chlore avec protection UV int\u00e9gr\u00e9e UPF 50+ est durable et s\u00e8che tr\u00e8s rapidement. Cette nouvelle version \u00e9co-responsable du tissu arena MaxLife contient au moins 50% de polyester recycle \u00e0 partir de bouteilles en plastique PET. De plus, elle est issue d\u2019un processus de production optimise pour \u00e9conomiser de l\u20192nergie, r2duire les \u00e9missions de CO2 et minimiser la consommation d\u2019eau. Le dos ouvert et les fines bretelles garantissent une libert\u00e9 de mouvement maximale, une excellente sensation sur l\u2019eau et r\u00e9duisent la tra\u00een\u00e9e. Tous les composants de ce tissu certifie STANDARD 100 by OEKO-TEX ont \u00e9t\u00e9 soumis \u00e0 des contr\u00f4les sur les substances dangereuses afin de garantir un article sans danger pour la sante humaine. Ces contr\u00f4les sont r\u00e9alis\u00e9s dans les instituts de notre partenaire OEKO-TEX ind\u00e9pendant en fonction d\u2019un ensemble complet de crit\u00e8res d\u2019essai.<\/p>\n<p><!--themify_builder_static--><!--\/themify_builder_static--><\/p>","protected":false},"excerpt":{"rendered":"<p>Le maillot de bain ultra durable, r\u00e9sistant au chlore et ultra-chic Arena Balloons Lightdrop Back pour filles de la ligne Performance d\u2019arena est id\u00e9al pour les nageuses comp\u00e9titrices et les nageuses r\u00e9guli\u00e8res, qui nagent souvent en piscine.<\/p>","protected":false},"featured_media":36771,"comment_status":"open","ping_status":"closed","template":"","meta":[],"product_brand":[326],"product_cat":[86,41],"product_tag":[],"class_list":{"0":"post-36731","1":"product","2":"type-product","3":"status-publish","4":"has-post-thumbnail","6":"product_brand-arena","7":"product_cat-maillots","8":"product_cat-natation","9":"zank_product_brands-arena","10":"nt-post-class","11":"","17":"first","18":"instock","19":"taxable","20":"shipping-taxable","21":"purchasable","22":"product-type-variable"},"_links":{"self":[{"href":"https:\/\/www.infinitri.be\/nl\/wp-json\/wp\/v2\/product\/36731","targetHints":{"allow":["GET"]}}],"collection":[{"href":"https:\/\/www.infinitri.be\/nl\/wp-json\/wp\/v2\/product"}],"about":[{"href":"https:\/\/www.infinitri.be\/nl\/wp-json\/wp\/v2\/types\/product"}],"replies":[{"embeddable":true,"href":"https:\/\/www.infinitri.be\/nl\/wp-json\/wp\/v2\/comments?post=36731"}],"wp:featuredmedia":[{"embeddable":true,"href":"https:\/\/www.infinitri.be\/nl\/wp-json\/wp\/v2\/media\/36771"}],"wp:attachment":[{"href":"https:\/\/www.infinitri.be\/nl\/wp-json\/wp\/v2\/media?parent=36731"}],"wp:term":[{"taxonomy":"product_brand","embeddable":true,"href":"https:\/\/www.infinitri.be\/nl\/wp-json\/wp\/v2\/product_brand?post=36731"},{"taxonomy":"product_cat","embeddable":true,"href":"https:\/\/www.infinitri.be\/nl\/wp-json\/wp\/v2\/product_cat?post=36731"},{"taxonomy":"product_tag","embeddable":true,"href":"https:\/\/www.infinitri.be\/nl\/wp-json\/wp\/v2\/product_tag?post=36731"}],"curies":[{"name":"wp","href":"https:\/\/api.w.org\/{rel}","templated":true}]}}