{"id":36967,"date":"2025-12-27T12:44:46","date_gmt":"2025-12-27T12:44:46","guid":{"rendered":"https:\/\/www.infinitri.be\/?post_type=product&#038;p=36967"},"modified":"2026-04-04T17:33:46","modified_gmt":"2026-04-04T16:33:46","slug":"compressport-aero-socks-blanche-rouge","status":"publish","type":"product","link":"https:\/\/www.infinitri.be\/nl\/product\/compressport-aero-socks-blanche-rouge\/","title":{"rendered":"Compressport- Aero Sokken wit rood"},"content":{"rendered":"<p class=\"key_benefit_1\">Des performances a\u00e9rodynamiques \u00e9prouv\u00e9es, avec un mat\u00e9riau structur\u00e9 et la technologie Aero.dot pour r\u00e9duire la tra\u00een\u00e9e et augmenter la vitesse.<\/p>\n<p class=\"key_benefit_2\">Une thermor\u00e9gulation et une ventilation maximales gr\u00e2ce \u00e0 des panneaux en maille l\u00e9g\u00e8re, pour garder vos pieds au frais.<\/p>\n<p class=\"key_benefit_3\">Tissu ultral\u00e9ger autour du pied et du mollet pour une ventilation et un confort performants lors des courses dans des conditions chaudes.<\/p>","protected":false},"excerpt":{"rendered":"<p>La chaussette Compressport Aero Sock est une chaussette l\u00e9g\u00e8re, ventil\u00e9e et \u00e0 coupe haute pour battre le chrono sur le v\u00e9lo et lors d&#8217;\u00e9v\u00e8nements multisports.<\/p>","protected":false},"featured_media":37007,"comment_status":"open","ping_status":"closed","template":"","meta":[],"product_brand":[329],"product_cat":[173,155,16,321,59],"product_tag":[],"class_list":{"0":"post-36967","1":"product","2":"type-product","3":"status-publish","4":"has-post-thumbnail","6":"product_brand-compressport","7":"product_cat-chaussettes-cyclisme","8":"product_cat-compression","9":"product_cat-course","10":"product_cat-nouveaute","11":"product_cat-triathlon","12":"zank_product_brands-compressport","13":"nt-post-class","14":"","20":"first","21":"instock","22":"taxable","23":"shipping-taxable","24":"purchasable","25":"product-type-variable"},"_links":{"self":[{"href":"https:\/\/www.infinitri.be\/nl\/wp-json\/wp\/v2\/product\/36967","targetHints":{"allow":["GET"]}}],"collection":[{"href":"https:\/\/www.infinitri.be\/nl\/wp-json\/wp\/v2\/product"}],"about":[{"href":"https:\/\/www.infinitri.be\/nl\/wp-json\/wp\/v2\/types\/product"}],"replies":[{"embeddable":true,"href":"https:\/\/www.infinitri.be\/nl\/wp-json\/wp\/v2\/comments?post=36967"}],"wp:featuredmedia":[{"embeddable":true,"href":"https:\/\/www.infinitri.be\/nl\/wp-json\/wp\/v2\/media\/37007"}],"wp:attachment":[{"href":"https:\/\/www.infinitri.be\/nl\/wp-json\/wp\/v2\/media?parent=36967"}],"wp:term":[{"taxonomy":"product_brand","embeddable":true,"href":"https:\/\/www.infinitri.be\/nl\/wp-json\/wp\/v2\/product_brand?post=36967"},{"taxonomy":"product_cat","embeddable":true,"href":"https:\/\/www.infinitri.be\/nl\/wp-json\/wp\/v2\/product_cat?post=36967"},{"taxonomy":"product_tag","embeddable":true,"href":"https:\/\/www.infinitri.be\/nl\/wp-json\/wp\/v2\/product_tag?post=36967"}],"curies":[{"name":"wp","href":"https:\/\/api.w.org\/{rel}","templated":true}]}}