{"id":37249,"date":"2025-12-27T13:35:24","date_gmt":"2025-12-27T13:35:24","guid":{"rendered":"https:\/\/www.infinitri.be\/?post_type=product&#038;p=37249"},"modified":"2026-04-04T17:31:28","modified_gmt":"2026-04-04T16:31:28","slug":"arena-spiky-iii-duffle-40-navy-yellow","status":"publish","type":"product","link":"https:\/\/www.infinitri.be\/nl\/product\/arena-spiky-iii-duffle-40-navy-yellow\/","title":{"rendered":"Arena \u2013 Spiky III Duffle 40 marineblauw-geel"},"content":{"rendered":"<p>Spacieux et robuste, le sac Spiky III Duffle Bag 40 d&#8217;arena a une capacit\u00e9 de 40 litres et est id\u00e9ale pour diverses activit\u00e9s sportives. Il est dot\u00e9 d&#8217;un compartiment principal spacieux, de poches lat\u00e9rales pour les v\u00eatements mouill\u00e9s et d&#8217;une petite poche lat\u00e9rale pour les petits objets. Son mat\u00e9riau hydrofuge et ses inserts en mesh respirant assurent une excellente r\u00e9gulation de l&#8217;humidit\u00e9. Gr\u00e2ce \u00e0 sa bandouli\u00e8re rembourr\u00e9e et r\u00e9glable et \u00e0 ses poign\u00e9es pratiques, le sac est confortable \u00e0 transporter. Dimensions : 28 x 50 x 28 cm.<\/p>\n<p>&nbsp;<\/p>","protected":false},"excerpt":{"rendered":"<p>Sac natation 4O litres<\/p>","protected":false},"featured_media":37255,"comment_status":"open","ping_status":"closed","template":"","meta":[],"product_brand":[326],"product_cat":[40,41,58],"product_tag":[],"class_list":{"0":"post-37249","1":"product","2":"type-product","3":"status-publish","4":"has-post-thumbnail","6":"product_brand-arena","7":"product_cat-accessoires","8":"product_cat-natation","9":"product_cat-sacs","10":"zank_product_brands-arena","11":"nt-post-class","12":"","18":"first","19":"instock","20":"sale","21":"taxable","22":"shipping-taxable","23":"purchasable","24":"product-type-simple"},"_links":{"self":[{"href":"https:\/\/www.infinitri.be\/nl\/wp-json\/wp\/v2\/product\/37249","targetHints":{"allow":["GET"]}}],"collection":[{"href":"https:\/\/www.infinitri.be\/nl\/wp-json\/wp\/v2\/product"}],"about":[{"href":"https:\/\/www.infinitri.be\/nl\/wp-json\/wp\/v2\/types\/product"}],"replies":[{"embeddable":true,"href":"https:\/\/www.infinitri.be\/nl\/wp-json\/wp\/v2\/comments?post=37249"}],"wp:featuredmedia":[{"embeddable":true,"href":"https:\/\/www.infinitri.be\/nl\/wp-json\/wp\/v2\/media\/37255"}],"wp:attachment":[{"href":"https:\/\/www.infinitri.be\/nl\/wp-json\/wp\/v2\/media?parent=37249"}],"wp:term":[{"taxonomy":"product_brand","embeddable":true,"href":"https:\/\/www.infinitri.be\/nl\/wp-json\/wp\/v2\/product_brand?post=37249"},{"taxonomy":"product_cat","embeddable":true,"href":"https:\/\/www.infinitri.be\/nl\/wp-json\/wp\/v2\/product_cat?post=37249"},{"taxonomy":"product_tag","embeddable":true,"href":"https:\/\/www.infinitri.be\/nl\/wp-json\/wp\/v2\/product_tag?post=37249"}],"curies":[{"name":"wp","href":"https:\/\/api.w.org\/{rel}","templated":true}]}}