{"id":18223,"date":"2024-12-01T16:55:52","date_gmt":"2024-12-01T16:55:52","guid":{"rendered":"https:\/\/infinitri.be\/?page_id=18223"},"modified":"2026-02-01T16:20:48","modified_gmt":"2026-02-01T16:20:48","slug":"location","status":"publish","type":"page","link":"https:\/\/www.infinitri.be\/pt\/location\/","title":{"rendered":"Location"},"content":{"rendered":"<div data-elementor-type=\"wp-page\" data-elementor-id=\"18223\" class=\"elementor elementor-18223\" data-elementor-post-type=\"page\">\n\t\t\t\t<div class=\"gap- elementor-element elementor-element-7d04c70c zank-parallax jarallax parallax-yes e-flex e-con-boxed e-con e-parent\" data-zank-parallax=\"{&quot;type&quot;:&quot;scroll&quot;,&quot;speed&quot;:&quot;0.3&quot;,&quot;imgsize&quot;:&quot;cover&quot;,&quot;imgsrc&quot;:&quot;https:\/\/infinitri.be\/wp-content\/uploads\/2024\/12\/combi_sea.png&quot;,&quot;mobile&quot;:&quot;&quot;}\" data-id=\"7d04c70c\" data-element_type=\"container\" data-e-type=\"container\" data-settings=\"{&quot;background_background&quot;:&quot;classic&quot;}\">\n\t\t\t\t\t<div class=\"e-con-inner\">\n\t\t<div class=\"gap- elementor-element elementor-element-c1f1c52 e-con-full e-flex e-con e-child\" data-id=\"c1f1c52\" data-element_type=\"container\" data-e-type=\"container\">\n\t\t\t\t<div class=\"elementor-element elementor-element-4bbe0220 elementor-widget__width-inherit zank-transform transform-type-translate elementor-invisible elementor-widget elementor-widget-heading\" data-id=\"4bbe0220\" data-element_type=\"widget\" data-e-type=\"widget\" data-settings=\"{&quot;_animation&quot;:&quot;fadeIn&quot;,&quot;_animation_delay&quot;:400}\" data-widget_type=\"heading.default\">\n\t\t\t\t\t<h1 class=\"elementor-heading-title elementor-size-default\">Location d'\u00e9quipement<\/h1>\t\t\t\t<\/div>\n\t\t\t\t<div class=\"elementor-element elementor-element-df5f0d8 elementor-widget elementor-widget-text-editor\" data-id=\"df5f0d8\" data-element_type=\"widget\" data-e-type=\"widget\" data-widget_type=\"text-editor.default\">\n\t\t\t\t\t\t\t\t\t<div class=\"module_row themify_builder_row tb_he2k650 tb_first tf_w\"><div class=\"row_inner col_align_top tb_col_count_1 tf_box tf_rel\"><div class=\"module_column tb-column col-full tb_puks650 first\"><div class=\"tf_lax_done tf_rel\" data-parallax-element-speed=\"2\" data-lax-translate-y=\"0 1,142 -140\" data-lax-anchor-top=\"1\"><div class=\"module module-text tb_aiis650\" data-parallax-element-speed=\"2\" data-lax-translate-y=\"vh 1,0 -140\"><div class=\"tb_text_wrap\"><p>Vous cherchez une combinaison n\u00e9opr\u00e8ne pour votre triathlon, un stage ou un projet avec votre \u00e9cole ? Vous \u00eates organisateur et vous souhaitez proposer un service pour votre event ? Contactez nous afin que nous trouvions ensemble la solution !\u00a0<\/p><\/div><\/div><\/div><\/div><\/div><\/div>\t\t\t\t\t\t\t\t<\/div>\n\t\t\t\t<\/div>\n\t\t\t\t\t<\/div>\n\t\t\t\t<\/div>\n\t\t<div class=\"gap- elementor-element elementor-element-416353e6 nt-section section-padding e-flex e-con-boxed e-con e-parent\" data-id=\"416353e6\" data-element_type=\"container\" data-e-type=\"container\" id=\"s1\">\n\t\t\t\t\t<div class=\"e-con-inner\">\n\t\t<div class=\"gap- elementor-element elementor-element-151450c4 e-con-full e-flex e-con e-child\" data-id=\"151450c4\" data-element_type=\"container\" data-e-type=\"container\">\n\t\t<div class=\"gap- elementor-element elementor-element-3335b2d2 e-con-full e-flex e-con e-child\" data-id=\"3335b2d2\" data-element_type=\"container\" data-e-type=\"container\">\n\t\t\t\t<div class=\"elementor-element elementor-element-6e1c182a elementor-widget elementor-widget-menu-anchor\" data-id=\"6e1c182a\" data-element_type=\"widget\" data-e-type=\"widget\" data-widget_type=\"menu-anchor.default\">\n\t\t\t\t\t\t\t<div class=\"elementor-menu-anchor\" id=\"guide\"><\/div>\n\t\t\t\t\t\t<\/div>\n\t\t\t\t<div class=\"elementor-element elementor-element-4dcf9e43 elementor-invisible elementor-widget elementor-widget-image\" data-id=\"4dcf9e43\" data-element_type=\"widget\" data-e-type=\"widget\" data-settings=\"{&quot;_animation&quot;:&quot;slideInUp&quot;}\" data-widget_type=\"image.default\">\n\t\t\t\t\t\t\t\t\t\t\t\t\t\t\t<img fetchpriority=\"high\" decoding=\"async\" width=\"768\" height=\"576\" src=\"https:\/\/www.infinitri.be\/wp-content\/uploads\/2025\/12\/IMG-20240304-WA0004-768x576.avif\" class=\"elementor-animation-float attachment-medium_large size-medium_large wp-image-39447\" alt=\"\" \/>\t\t\t\t\t\t\t\t\t\t\t\t\t\t\t<\/div>\n\t\t\t\t<\/div>\n\t\t<div class=\"gap- elementor-element elementor-element-7c42948b e-con-full e-flex e-con e-child\" data-id=\"7c42948b\" data-element_type=\"container\" data-e-type=\"container\">\n\t\t\t\t<div class=\"elementor-element elementor-element-1be36dab elementor-widget elementor-widget-zank-widget-label\" data-id=\"1be36dab\" data-element_type=\"widget\" data-e-type=\"widget\" data-widget_type=\"zank-widget-label.default\">\n\t\t\t\t<div class=\"elementor-widget-container\">\n\t\t\t\t\t<span class=\"zank-widget-label zank-bg-primary zank-solid zank-square label-small\">COMBINAISONS<\/span>\t\t\t\t<\/div>\n\t\t\t\t<\/div>\n\t\t\t\t<div class=\"elementor-element elementor-element-587019cd zank-transform transform-type-translate elementor-invisible elementor-widget elementor-widget-heading\" data-id=\"587019cd\" data-element_type=\"widget\" data-e-type=\"widget\" data-settings=\"{&quot;_animation&quot;:&quot;fadeInDown&quot;,&quot;_animation_delay&quot;:400}\" data-widget_type=\"heading.default\">\n\t\t\t\t\t<h2 class=\"elementor-heading-title elementor-size-default\">Louer une combinaison n\u00e9opr\u00e8ne<\/h2>\t\t\t\t<\/div>\n\t\t\t\t<div class=\"elementor-element elementor-element-68055398 elementor-widget__width-initial zank-transform transform-type-translate elementor-invisible elementor-widget elementor-widget-heading\" data-id=\"68055398\" data-element_type=\"widget\" data-e-type=\"widget\" data-settings=\"{&quot;_animation&quot;:&quot;fadeIn&quot;,&quot;_animation_delay&quot;:600}\" data-widget_type=\"heading.default\">\n\t\t\t\t\t<p class=\"elementor-heading-title elementor-size-default\">La combinaison est cruciale pour am\u00e9liorer votre performance et votre confort. \n\nC\u2019est pourquoi nous vous proposons la location de deux mod\u00e8les haut de gamme de la marque HUUB.<\/p>\t\t\t\t<\/div>\n\t\t\t\t<div class=\"elementor-element elementor-element-9d5333e elementor-align-center elementor-widget elementor-widget-button\" data-id=\"9d5333e\" data-element_type=\"widget\" data-e-type=\"widget\" data-widget_type=\"button.default\">\n\t\t\t\t\t\t\t\t\t\t<a class=\"elementor-button elementor-button-link elementor-size-sm\" href=\"https:\/\/www.infinitri.be\/pt\/comment-louer-combinaison-neoprene\/\">\n\t\t\t\t\t\t<span class=\"elementor-button-content-wrapper\">\n\t\t\t\t\t\t\t\t\t<span class=\"elementor-button-text\">D\u00e9couvrir les n\u00e9opr\u00e8nes en location<\/span>\n\t\t\t\t\t<\/span>\n\t\t\t\t\t<\/a>\n\t\t\t\t\t\t\t\t<\/div>\n\t\t\t\t<\/div>\n\t\t\t\t<\/div>\n\t\t\t\t\t<\/div>\n\t\t\t\t<\/div>\n\t\t<div class=\"gap- elementor-element elementor-element-15682728 e-flex e-con-boxed e-con e-parent\" data-id=\"15682728\" data-element_type=\"container\" data-e-type=\"container\">\n\t\t\t\t\t<div class=\"e-con-inner\">\n\t\t<div class=\"gap- elementor-element elementor-element-2dca077a e-con-full e-flex e-con e-child\" data-id=\"2dca077a\" data-element_type=\"container\" data-e-type=\"container\">\n\t\t\t\t<div class=\"elementor-element elementor-element-aa3ba5e elementor-widget elementor-widget-zank-features-item\" data-id=\"aa3ba5e\" data-element_type=\"widget\" data-e-type=\"widget\" data-widget_type=\"zank-features-item.default\">\n\t\t\t\t<div class=\"elementor-widget-container\">\n\t\t\t\t\t<div class=\"zank-features-item\"><div class=\"zank-features-icon icon-simple\"><svg aria-hidden=\"true\" class=\"e-font-icon-svg e-fas-swimmer\" viewbox=\"0 0 640 512\" xmlns=\"http:\/\/www.w3.org\/2000\/svg\"><path d=\"M189.61 310.58c3.54 3.26 15.27 9.42 34.39 9.42s30.86-6.16 34.39-9.42c16.02-14.77 34.5-22.58 53.46-22.58h16.3c18.96 0 37.45 7.81 53.46 22.58 3.54 3.26 15.27 9.42 34.39 9.42s30.86-6.16 34.39-9.42c14.86-13.71 31.88-21.12 49.39-22.16l-112.84-80.6 18-12.86c3.64-2.58 8.28-3.52 12.62-2.61l100.35 21.53c25.91 5.53 51.44-10.97 57-36.88 5.55-25.92-10.95-51.44-36.88-57L437.68 98.47c-30.73-6.58-63.02.12-88.56 18.38l-80.02 57.17c-10.38 7.39-19.36 16.44-26.72 26.94L173.75 299c5.47 3.23 10.82 6.93 15.86 11.58zM624 352h-16c-26.04 0-45.8-8.42-56.09-17.9-8.9-8.21-19.66-14.1-31.77-14.1h-16.3c-12.11 0-22.87 5.89-31.77 14.1C461.8 343.58 442.04 352 416 352s-45.8-8.42-56.09-17.9c-8.9-8.21-19.66-14.1-31.77-14.1h-16.3c-12.11 0-22.87 5.89-31.77 14.1C269.8 343.58 250.04 352 224 352s-45.8-8.42-56.09-17.9c-8.9-8.21-19.66-14.1-31.77-14.1h-16.3c-12.11 0-22.87 5.89-31.77 14.1C77.8 343.58 58.04 352 32 352H16c-8.84 0-16 7.16-16 16v32c0 8.84 7.16 16 16 16h16c38.62 0 72.72-12.19 96-31.84 23.28 19.66 57.38 31.84 96 31.84s72.72-12.19 96-31.84c23.28 19.66 57.38 31.84 96 31.84s72.72-12.19 96-31.84c23.28 19.66 57.38 31.84 96 31.84h16c8.84 0 16-7.16 16-16v-32c0-8.84-7.16-16-16-16zm-512-96c44.18 0 80-35.82 80-80s-35.82-80-80-80-80 35.82-80 80 35.82 80 80 80z\"><\/path><\/svg><\/div><div class=\"zank-features-content\"><h4 class=\"features-title\">D\u00e9couvrir<\/h4><span class=\"features-desc\">D\u00e9couvrez le triathlon \u00e0 petits frais<\/span><\/div><\/div>\t\t\t\t<\/div>\n\t\t\t\t<\/div>\n\t\t\t\t<\/div>\n\t\t<div class=\"gap- elementor-element elementor-element-249437fe e-con-full e-flex e-con e-child\" data-id=\"249437fe\" data-element_type=\"container\" data-e-type=\"container\">\n\t\t\t\t<div class=\"elementor-element elementor-element-40390bb9 elementor-widget elementor-widget-zank-features-item\" data-id=\"40390bb9\" data-element_type=\"widget\" data-e-type=\"widget\" data-widget_type=\"zank-features-item.default\">\n\t\t\t\t<div class=\"elementor-widget-container\">\n\t\t\t\t\t<div class=\"zank-features-item\"><div class=\"zank-features-icon icon-simple\"><svg aria-hidden=\"true\" class=\"e-font-icon-svg e-fas-exchange-alt\" viewbox=\"0 0 512 512\" xmlns=\"http:\/\/www.w3.org\/2000\/svg\"><path d=\"M0 168v-16c0-13.255 10.745-24 24-24h360V80c0-21.367 25.899-32.042 40.971-16.971l80 80c9.372 9.373 9.372 24.569 0 33.941l-80 80C409.956 271.982 384 261.456 384 240v-48H24c-13.255 0-24-10.745-24-24zm488 152H128v-48c0-21.314-25.862-32.08-40.971-16.971l-80 80c-9.372 9.373-9.372 24.569 0 33.941l80 80C102.057 463.997 128 453.437 128 432v-48h360c13.255 0 24-10.745 24-24v-16c0-13.255-10.745-24-24-24z\"><\/path><\/svg><\/div><div class=\"zank-features-content\"><h4 class=\"features-title\">Convertir<\/h4><span class=\"features-desc\">Convertissez votre location en achat en profitant d'une r\u00e9duction<\/span><\/div><\/div>\t\t\t\t<\/div>\n\t\t\t\t<\/div>\n\t\t\t\t<\/div>\n\t\t<div class=\"gap- elementor-element elementor-element-15262337 e-con-full e-flex e-con e-child\" data-id=\"15262337\" data-element_type=\"container\" data-e-type=\"container\">\n\t\t\t\t<div class=\"elementor-element elementor-element-7b49ca30 elementor-widget elementor-widget-zank-features-item\" data-id=\"7b49ca30\" data-element_type=\"widget\" data-e-type=\"widget\" data-widget_type=\"zank-features-item.default\">\n\t\t\t\t<div class=\"elementor-widget-container\">\n\t\t\t\t\t<div class=\"zank-features-item\"><div class=\"zank-features-icon icon-simple\"><svg aria-hidden=\"true\" class=\"e-font-icon-svg e-far-grin\" viewbox=\"0 0 496 512\" xmlns=\"http:\/\/www.w3.org\/2000\/svg\"><path d=\"M248 8C111 8 0 119 0 256s111 248 248 248 248-111 248-248S385 8 248 8zm0 448c-110.3 0-200-89.7-200-200S137.7 56 248 56s200 89.7 200 200-89.7 200-200 200zm105.6-151.4c-25.9 8.3-64.4 13.1-105.6 13.1s-79.6-4.8-105.6-13.1c-9.9-3.1-19.4 5.4-17.7 15.3 7.9 47.1 71.3 80 123.3 80s115.3-32.9 123.3-80c1.6-9.8-7.7-18.4-17.7-15.3zM168 240c17.7 0 32-14.3 32-32s-14.3-32-32-32-32 14.3-32 32 14.3 32 32 32zm160 0c17.7 0 32-14.3 32-32s-14.3-32-32-32-32 14.3-32 32 14.3 32 32 32z\"><\/path><\/svg><\/div><div class=\"zank-features-content\"><h4 class=\"features-title\">Tester<\/h4><span class=\"features-desc\">Des combinaisons haute gamme \u00e0 l'essai<\/span><\/div><\/div>\t\t\t\t<\/div>\n\t\t\t\t<\/div>\n\t\t\t\t<\/div>\n\t\t<div class=\"gap- elementor-element elementor-element-40036063 e-con-full e-flex e-con e-child\" data-id=\"40036063\" data-element_type=\"container\" data-e-type=\"container\">\n\t\t\t\t<div class=\"elementor-element elementor-element-7184eb33 elementor-widget elementor-widget-zank-features-item\" data-id=\"7184eb33\" data-element_type=\"widget\" data-e-type=\"widget\" data-widget_type=\"zank-features-item.default\">\n\t\t\t\t<div class=\"elementor-widget-container\">\n\t\t\t\t\t<div class=\"zank-features-item\"><div class=\"zank-features-icon icon-simple\"><svg aria-hidden=\"true\" class=\"e-font-icon-svg e-far-question-circle\" viewbox=\"0 0 512 512\" xmlns=\"http:\/\/www.w3.org\/2000\/svg\"><path d=\"M256 8C119.043 8 8 119.083 8 256c0 136.997 111.043 248 248 248s248-111.003 248-248C504 119.083 392.957 8 256 8zm0 448c-110.532 0-200-89.431-200-200 0-110.495 89.472-200 200-200 110.491 0 200 89.471 200 200 0 110.53-89.431 200-200 200zm107.244-255.2c0 67.052-72.421 68.084-72.421 92.863V300c0 6.627-5.373 12-12 12h-45.647c-6.627 0-12-5.373-12-12v-8.659c0-35.745 27.1-50.034 47.579-61.516 17.561-9.845 28.324-16.541 28.324-29.579 0-17.246-21.999-28.693-39.784-28.693-23.189 0-33.894 10.977-48.942 29.969-4.057 5.12-11.46 6.071-16.666 2.124l-27.824-21.098c-5.107-3.872-6.251-11.066-2.644-16.363C184.846 131.491 214.94 112 261.794 112c49.071 0 101.45 38.304 101.45 88.8zM298 368c0 23.159-18.841 42-42 42s-42-18.841-42-42 18.841-42 42-42 42 18.841 42 42z\"><\/path><\/svg><\/div><div class=\"zank-features-content\"><h4 class=\"features-title\">Evoluer<\/h4><span class=\"features-desc\">Notre \u00e9quipe de triathl\u00e8tes vous conseilles et r\u00e9pond \u00e0 vos questions<\/span><\/div><\/div>\t\t\t\t<\/div>\n\t\t\t\t<\/div>\n\t\t\t\t<\/div>\n\t\t\t\t\t<\/div>\n\t\t\t\t<\/div>\n\t\t<div class=\"gap- elementor-element elementor-element-644fa2f e-flex e-con-boxed e-con e-parent\" data-id=\"644fa2f\" data-element_type=\"container\" data-e-type=\"container\">\n\t\t\t\t\t<div class=\"e-con-inner\">\n\t\t<div class=\"gap- elementor-element elementor-element-2f415a6 e-con-full e-flex e-con e-child\" data-id=\"2f415a6\" data-element_type=\"container\" data-e-type=\"container\">\n\t\t<div class=\"gap- elementor-element elementor-element-e71f7af e-con-full e-flex e-con e-child\" data-id=\"e71f7af\" data-element_type=\"container\" data-e-type=\"container\">\n\t\t<div class=\"gap- elementor-element elementor-element-da9fb69 e-con-full e-flex e-con e-child\" data-id=\"da9fb69\" data-element_type=\"container\" data-e-type=\"container\">\n\t\t\t\t<div class=\"elementor-element elementor-element-702ac09 elementor-widget elementor-widget-zank-widget-label\" data-id=\"702ac09\" data-element_type=\"widget\" data-e-type=\"widget\" data-widget_type=\"zank-widget-label.default\">\n\t\t\t\t<div class=\"elementor-widget-container\">\n\t\t\t\t\t<span class=\"zank-widget-label zank-bg-primary zank-solid zank-square label-small\">porte-v\u00e9lo<\/span>\t\t\t\t<\/div>\n\t\t\t\t<\/div>\n\t\t\t\t<div class=\"elementor-element elementor-element-5f888be zank-transform transform-type-translate elementor-invisible elementor-widget elementor-widget-heading\" data-id=\"5f888be\" data-element_type=\"widget\" data-e-type=\"widget\" data-settings=\"{&quot;_animation&quot;:&quot;slideInUp&quot;,&quot;_animation_delay&quot;:400}\" data-widget_type=\"heading.default\">\n\t\t\t\t\t<h2 class=\"elementor-heading-title elementor-size-default\">Louer un porte v\u00e9lo<\/h2>\t\t\t\t<\/div>\n\t\t\t\t<div class=\"elementor-element elementor-element-61b5da9 zank-transform transform-type-translate elementor-invisible elementor-widget elementor-widget-heading\" data-id=\"61b5da9\" data-element_type=\"widget\" data-e-type=\"widget\" data-settings=\"{&quot;_animation&quot;:&quot;slideInUp&quot;,&quot;_animation_delay&quot;:500}\" data-widget_type=\"heading.default\">\n\t\t\t\t\t<p class=\"elementor-heading-title elementor-size-default\">Un d\u00e9placement course, stage ou petit trip, il vous manque de la place pour d\u00e9placer vos v\u00e9los sur la voiture ?  \n\nLouez un de nos porte-v\u00e9los  \ud83d\udeb2!  <\/p>\t\t\t\t<\/div>\n\t\t\t\t<div class=\"elementor-element elementor-element-e9d12ad elementor-widget elementor-widget-zank-button\" data-id=\"e9d12ad\" data-element_type=\"widget\" data-e-type=\"widget\" data-widget_type=\"zank-button.default\">\n\t\t\t\t<div class=\"elementor-widget-container\">\n\t\t\t\t\t<a data-id=\"btn-e9d12ad\" class=\"type-widget zank-btn zank-btn-primary zank-solid zank-square zank-btn-medium\" href=\"https:\/\/www.infinitri.be\/pt\/produto\/location-porte-velo\/\" title=\"Louer un porte v\u00e9lo\"><span class=\"zank-button-inner\"><span class=\"zank-btn-text\">Louer un porte v\u00e9lo<\/span> <\/span><\/a>\t\t\t\t<\/div>\n\t\t\t\t<\/div>\n\t\t\t\t<\/div>\n\t\t<div class=\"gap- elementor-element elementor-element-fb65078 e-con-full e-flex e-con e-child\" data-id=\"fb65078\" data-element_type=\"container\" data-e-type=\"container\">\n\t\t\t\t<div class=\"elementor-element elementor-element-2b526f6 elementor-invisible elementor-widget elementor-widget-image\" data-id=\"2b526f6\" data-element_type=\"widget\" data-e-type=\"widget\" data-settings=\"{&quot;_animation&quot;:&quot;slideInUp&quot;}\" data-widget_type=\"image.default\">\n\t\t\t\t\t\t\t\t\t\t\t\t\t\t\t<img decoding=\"async\" width=\"768\" height=\"512\" src=\"https:\/\/www.infinitri.be\/wp-content\/uploads\/2025\/12\/porte-velo-768x512.avif\" class=\"elementor-animation-float attachment-medium_large size-medium_large wp-image-37156\" alt=\"\" \/>\t\t\t\t\t\t\t\t\t\t\t\t\t\t\t<\/div>\n\t\t\t\t<\/div>\n\t\t\t\t<\/div>\n\t\t<div class=\"gap- elementor-element elementor-element-2ad405f e-con-full e-flex e-con e-child\" data-id=\"2ad405f\" data-element_type=\"container\" data-e-type=\"container\">\n\t\t<div class=\"gap- elementor-element elementor-element-8e16c71 e-con-full e-flex e-con e-child\" data-id=\"8e16c71\" data-element_type=\"container\" data-e-type=\"container\">\n\t\t\t\t<div class=\"elementor-element elementor-element-a2d1ca0 elementor-invisible elementor-widget elementor-widget-image\" data-id=\"a2d1ca0\" data-element_type=\"widget\" data-e-type=\"widget\" data-settings=\"{&quot;_animation&quot;:&quot;slideInUp&quot;}\" data-widget_type=\"image.default\">\n\t\t\t\t\t\t\t\t\t\t\t\t\t\t\t<img decoding=\"async\" width=\"768\" height=\"936\" src=\"https:\/\/www.infinitri.be\/wp-content\/uploads\/2025\/12\/strada-elements-homme-velo-768x936.avif\" class=\"elementor-animation-float attachment-medium_large size-medium_large wp-image-29607\" alt=\"\" \/>\t\t\t\t\t\t\t\t\t\t\t\t\t\t\t<\/div>\n\t\t\t\t<\/div>\n\t\t<div class=\"gap- elementor-element elementor-element-d5eb03f e-con-full e-flex e-con e-child\" data-id=\"d5eb03f\" data-element_type=\"container\" data-e-type=\"container\">\n\t\t\t\t<div class=\"elementor-element elementor-element-abb905b elementor-widget elementor-widget-zank-widget-label\" data-id=\"abb905b\" data-element_type=\"widget\" data-e-type=\"widget\" data-widget_type=\"zank-widget-label.default\">\n\t\t\t\t<div class=\"elementor-widget-container\">\n\t\t\t\t\t<span class=\"zank-widget-label zank-bg-primary zank-solid zank-square label-small\">Valise v\u00e9lo<\/span>\t\t\t\t<\/div>\n\t\t\t\t<\/div>\n\t\t\t\t<div class=\"elementor-element elementor-element-36bde49 zank-transform transform-type-translate elementor-invisible elementor-widget elementor-widget-heading\" data-id=\"36bde49\" data-element_type=\"widget\" data-e-type=\"widget\" data-settings=\"{&quot;_animation&quot;:&quot;fadeInDown&quot;,&quot;_animation_delay&quot;:400}\" data-widget_type=\"heading.default\">\n\t\t\t\t\t<h2 class=\"elementor-heading-title elementor-size-default\">Louer une valise pour v\u00e9lo<\/h2>\t\t\t\t<\/div>\n\t\t\t\t<div class=\"elementor-element elementor-element-f892d0c elementor-widget__width-initial zank-transform transform-type-translate elementor-invisible elementor-widget elementor-widget-heading\" data-id=\"f892d0c\" data-element_type=\"widget\" data-e-type=\"widget\" data-settings=\"{&quot;_animation&quot;:&quot;fadeIn&quot;,&quot;_animation_delay&quot;:600}\" data-widget_type=\"heading.default\">\n\t\t\t\t\t<p class=\"elementor-heading-title elementor-size-default\">Un stage ou une comp\u00e9tition en avion ?\nNous avons \u2708 3 types de valises v\u00e9lo \u00e0 votre disposition pour votre voyage. <\/p>\t\t\t\t<\/div>\n\t\t\t\t<div class=\"elementor-element elementor-element-2c8c61e elementor-widget elementor-widget-zank-button\" data-id=\"2c8c61e\" data-element_type=\"widget\" data-e-type=\"widget\" data-widget_type=\"zank-button.default\">\n\t\t\t\t<div class=\"elementor-widget-container\">\n\t\t\t\t\t<a data-id=\"btn-2c8c61e\" class=\"type-widget zank-btn zank-btn-primary zank-solid zank-square zank-btn-medium\" href=\"https:\/\/www.infinitri.be\/pt\/produto\/location-valise-velo\/\" title=\"Louer une valise\"><span class=\"zank-button-inner\"><span class=\"zank-btn-text\">Louer une valise<\/span> <\/span><\/a>\t\t\t\t<\/div>\n\t\t\t\t<\/div>\n\t\t\t\t<\/div>\n\t\t\t\t<\/div>\n\t\t\t\t<\/div>\n\t\t\t\t\t<\/div>\n\t\t\t\t<\/div>\n\t\t\t\t<\/div>","protected":false},"excerpt":{"rendered":"<p>Location d&#8217;\u00e9quipement Vous cherchez une combinaison n\u00e9opr\u00e8ne pour votre triathlon, un stage ou un projet avec votre \u00e9cole ? Vous \u00eates organisateur et vous souhaitez proposer un service pour votre event ? Contactez nous afin que nous trouvions ensemble la solution !\u00a0 COMBINAISONS Louer une combinaison n\u00e9opr\u00e8ne La combinaison est cruciale pour am\u00e9liorer votre performance&#8230;<\/p>","protected":false},"author":1,"featured_media":0,"parent":0,"menu_order":0,"comment_status":"closed","ping_status":"closed","template":"","meta":{"footnotes":""},"class_list":{"0":"post-18223","1":"page","2":"type-page","3":"status-publish","4":"hentry","5":"nt-post-class","6":"","7":"thumb-none","9":"excerpt-none"},"_links":{"self":[{"href":"https:\/\/www.infinitri.be\/pt\/wp-json\/wp\/v2\/pages\/18223","targetHints":{"allow":["GET"]}}],"collection":[{"href":"https:\/\/www.infinitri.be\/pt\/wp-json\/wp\/v2\/pages"}],"about":[{"href":"https:\/\/www.infinitri.be\/pt\/wp-json\/wp\/v2\/types\/page"}],"author":[{"embeddable":true,"href":"https:\/\/www.infinitri.be\/pt\/wp-json\/wp\/v2\/users\/1"}],"replies":[{"embeddable":true,"href":"https:\/\/www.infinitri.be\/pt\/wp-json\/wp\/v2\/comments?post=18223"}],"version-history":[{"count":18,"href":"https:\/\/www.infinitri.be\/pt\/wp-json\/wp\/v2\/pages\/18223\/revisions"}],"predecessor-version":[{"id":39895,"href":"https:\/\/www.infinitri.be\/pt\/wp-json\/wp\/v2\/pages\/18223\/revisions\/39895"}],"wp:attachment":[{"href":"https:\/\/www.infinitri.be\/pt\/wp-json\/wp\/v2\/media?parent=18223"}],"curies":[{"name":"wp","href":"https:\/\/api.w.org\/{rel}","templated":true}]}}