{"id":26697,"date":"2025-04-27T20:02:33","date_gmt":"2025-04-27T20:02:33","guid":{"rendered":"https:\/\/infinitri.be\/?page_id=26697"},"modified":"2025-12-27T10:53:37","modified_gmt":"2025-12-27T10:53:37","slug":"nutrition","status":"publish","type":"page","link":"https:\/\/www.infinitri.be\/pt\/nutrition\/","title":{"rendered":"Nutri\u00e7\u00e3o"},"content":{"rendered":"<div data-elementor-type=\"wp-page\" data-elementor-id=\"26697\" class=\"elementor elementor-26697\" data-elementor-post-type=\"page\">\n\t\t\t\t<div class=\"gap- elementor-element elementor-element-15e0431 e-flex e-con-boxed e-con e-parent\" data-id=\"15e0431\" data-element_type=\"container\" data-e-type=\"container\">\n\t\t\t\t\t<div class=\"e-con-inner\">\n\t\t\t\t<div class=\"elementor-element elementor-element-8044a27 zank-transform transform-type-translate elementor-widget elementor-widget-heading\" data-id=\"8044a27\" data-element_type=\"widget\" data-e-type=\"widget\" data-widget_type=\"heading.default\">\n\t\t\t\t\t<h2 class=\"elementor-heading-title elementor-size-default\">Nutri\u00e7\u00e3o<\/h2>\t\t\t\t<\/div>\n\t\t\t\t\t<\/div>\n\t\t\t\t<\/div>\n\t\t<div class=\"gap- elementor-element elementor-element-33a181ee nt-section section-padding e-flex e-con-boxed e-con e-parent\" data-id=\"33a181ee\" data-element_type=\"container\" data-e-type=\"container\" id=\"s1\">\n\t\t\t\t\t<div class=\"e-con-inner\">\n\t\t<div class=\"gap- elementor-element elementor-element-74297441 e-con-full e-flex e-con e-child\" data-id=\"74297441\" data-element_type=\"container\" data-e-type=\"container\">\n\t\t<div class=\"gap- elementor-element elementor-element-4ad58cbb e-con-full e-flex e-con e-child\" data-id=\"4ad58cbb\" data-element_type=\"container\" data-e-type=\"container\">\n\t\t<div class=\"gap- elementor-element elementor-element-15d81d9e e-con-full e-flex e-con e-child\" data-id=\"15d81d9e\" data-element_type=\"container\" data-e-type=\"container\">\n\t\t\t\t<div class=\"elementor-element elementor-element-7a20e4bf elementor-widget elementor-widget-menu-anchor\" data-id=\"7a20e4bf\" data-element_type=\"widget\" data-e-type=\"widget\" data-widget_type=\"menu-anchor.default\">\n\t\t\t\t\t\t\t<div class=\"elementor-menu-anchor\" id=\"guide\"><\/div>\n\t\t\t\t\t\t<\/div>\n\t\t\t\t<div class=\"elementor-element elementor-element-1ea21567 elementor-invisible elementor-widget elementor-widget-image\" data-id=\"1ea21567\" data-element_type=\"widget\" data-e-type=\"widget\" data-settings=\"{&quot;_animation&quot;:&quot;slideInUp&quot;}\" data-widget_type=\"image.default\">\n\t\t\t\t\t\t\t\t\t\t\t\t\t\t\t<img decoding=\"async\" src=\"https:\/\/infinitri.be\/wp-content\/uploads\/2025\/04\/About_Us_585x485_homepage_1024x1024_crop_center.webp\" title=\"\" alt=\"\" class=\"elementor-animation-float\" loading=\"lazy\" \/>\t\t\t\t\t\t\t\t\t\t\t\t\t\t\t<\/div>\n\t\t\t\t<\/div>\n\t\t<div class=\"gap- elementor-element elementor-element-54df82e6 e-con-full e-flex e-con e-child\" data-id=\"54df82e6\" data-element_type=\"container\" data-e-type=\"container\">\n\t\t\t\t<div class=\"elementor-element elementor-element-c026ef5 elementor-widget elementor-widget-zank-widget-label\" data-id=\"c026ef5\" data-element_type=\"widget\" data-e-type=\"widget\" data-widget_type=\"zank-widget-label.default\">\n\t\t\t\t<div class=\"elementor-widget-container\">\n\t\t\t\t\t<span class=\"zank-widget-label zank-bg-primary zank-solid zank-square label-small\">Nutri\u00e7\u00e3o<\/span>\t\t\t\t<\/div>\n\t\t\t\t<\/div>\n\t\t\t\t<div class=\"elementor-element elementor-element-73389ea7 zank-transform transform-type-translate elementor-invisible elementor-widget elementor-widget-heading\" data-id=\"73389ea7\" data-element_type=\"widget\" data-e-type=\"widget\" data-settings=\"{&quot;_animation&quot;:&quot;fadeInDown&quot;,&quot;_animation_delay&quot;:400}\" data-widget_type=\"heading.default\">\n\t\t\t\t\t<h2 class=\"elementor-heading-title elementor-size-default\">Notre partenaire - NUTRIBAY<\/h2>\t\t\t\t<\/div>\n\t\t\t\t<div class=\"elementor-element elementor-element-337112e4 elementor-widget__width-initial zank-transform transform-type-translate elementor-invisible elementor-widget elementor-widget-heading\" data-id=\"337112e4\" data-element_type=\"widget\" data-e-type=\"widget\" data-settings=\"{&quot;_animation&quot;:&quot;fadeIn&quot;,&quot;_animation_delay&quot;:600}\" data-widget_type=\"heading.default\">\n\t\t\t\t\t<p class=\"elementor-heading-title elementor-size-default\">Con\u00e7u par des passionn\u00e9s de sport et de nutrition, pour des sportifs soucieux de qualit\u00e9 et de performance, NUTRI-BAY.COM est un site de de vente de produits de nutrition sportive et de conseil d\u00e9di\u00e9 aux sports d'endurance. \n<br>\n<br>\nLeur mission : alimenter vos efforts en vous proposant les meilleurs produits du march\u00e9 et vous guider dans vos choix, en fonction du sport pratiqu\u00e9, de la dur\u00e9e de votre effort, de vos objectifs et de vos besoins sp\u00e9cifiques.\n<\/p>\t\t\t\t<\/div>\n\t\t\t\t<\/div>\n\t\t\t\t<\/div>\n\t\t<div class=\"gap- elementor-element elementor-element-b61c3ff e-con-full e-flex e-con e-child\" data-id=\"b61c3ff\" data-element_type=\"container\" data-e-type=\"container\">\n\t\t<div class=\"gap- elementor-element elementor-element-209574f e-con-full e-flex e-con e-child\" data-id=\"209574f\" data-element_type=\"container\" data-e-type=\"container\">\n\t\t\t\t<div class=\"elementor-element elementor-element-22642603 elementor-widget elementor-widget-zank-widget-label\" data-id=\"22642603\" data-element_type=\"widget\" data-e-type=\"widget\" data-widget_type=\"zank-widget-label.default\">\n\t\t\t\t<div class=\"elementor-widget-container\">\n\t\t\t\t\t<span class=\"zank-widget-label zank-bg-primary zank-solid zank-square label-small\">Nutri-bay<\/span>\t\t\t\t<\/div>\n\t\t\t\t<\/div>\n\t\t\t\t<div class=\"elementor-element elementor-element-74a2488 zank-transform transform-type-translate elementor-invisible elementor-widget elementor-widget-heading\" data-id=\"74a2488\" data-element_type=\"widget\" data-e-type=\"widget\" data-settings=\"{&quot;_animation&quot;:&quot;slideInUp&quot;,&quot;_animation_delay&quot;:500}\" data-widget_type=\"heading.default\">\n\t\t\t\t\t<p class=\"elementor-heading-title elementor-size-default\">Que vous cherchiez des produits nutritionnels pour supporter votre pratique, ou le carburant pour atteindre vos objectifs en comp\u00e9tition, leur large gamme de produits, leur calculateur de plans nutritionnels et leur \u00e9quipe de sportifs experts et passionn\u00e9s sauront nourrir vos besoins ! <\/p>\t\t\t\t<\/div>\n\t\t\t\t<\/div>\n\t\t<div class=\"gap- elementor-element elementor-element-19d21370 e-con-full e-flex e-con e-child\" data-id=\"19d21370\" data-element_type=\"container\" data-e-type=\"container\">\n\t\t\t\t<div class=\"elementor-element elementor-element-34047097 elementor-invisible elementor-widget elementor-widget-image\" data-id=\"34047097\" data-element_type=\"widget\" data-e-type=\"widget\" data-settings=\"{&quot;_animation&quot;:&quot;slideInUp&quot;}\" data-widget_type=\"image.default\">\n\t\t\t\t\t\t\t\t\t\t\t\t\t\t\t<img decoding=\"async\" src=\"https:\/\/infinitri.be\/wp-content\/uploads\/2025\/04\/nutribay_logo.webp\" title=\"\" alt=\"\" class=\"elementor-animation-float\" loading=\"lazy\" \/>\t\t\t\t\t\t\t\t\t\t\t\t\t\t\t<\/div>\n\t\t\t\t<\/div>\n\t\t\t\t<\/div>\n\t\t\t\t<\/div>\n\t\t\t\t\t<\/div>\n\t\t\t\t<\/div>\n\t\t<div class=\"gap- elementor-element elementor-element-51ec0c6f e-con-full e-grid e-con e-child\" data-id=\"51ec0c6f\" data-element_type=\"container\" data-e-type=\"container\">\n\t\t\t\t<div class=\"elementor-element elementor-element-40618d28 elementor-widget elementor-widget-zank-features-item\" data-id=\"40618d28\" data-element_type=\"widget\" data-e-type=\"widget\" data-widget_type=\"zank-features-item.default\">\n\t\t\t\t<div class=\"elementor-widget-container\">\n\t\t\t\t\t<div class=\"zank-features-item\"><div class=\"zank-features-icon icon-simple\"><\/div><div class=\"zank-features-content\"><h5 class=\"features-title\">Ofertas exclusivas<\/h5><span class=\"features-desc\">Remises exclusives pour les membres. <\/span><\/div><\/div>\t\t\t\t<\/div>\n\t\t\t\t<\/div>\n\t\t\t\t<div class=\"elementor-element elementor-element-93b9b86 elementor-widget elementor-widget-zank-features-item\" data-id=\"93b9b86\" data-element_type=\"widget\" data-e-type=\"widget\" data-widget_type=\"zank-features-item.default\">\n\t\t\t\t<div class=\"elementor-widget-container\">\n\t\t\t\t\t<div class=\"zank-features-item\"><div class=\"zank-features-icon icon-simple\"><\/div><div class=\"zank-features-content\"><h5 class=\"features-title\">Exp\u00e9dition sous 24h<\/h5><span class=\"features-desc\">Et offerte a.p.d 49\u20ac<\/span><\/div><\/div>\t\t\t\t<\/div>\n\t\t\t\t<\/div>\n\t\t\t\t<div class=\"elementor-element elementor-element-2792ed4 elementor-widget elementor-widget-zank-features-item\" data-id=\"2792ed4\" data-element_type=\"widget\" data-e-type=\"widget\" data-widget_type=\"zank-features-item.default\">\n\t\t\t\t<div class=\"elementor-widget-container\">\n\t\t\t\t\t<div class=\"zank-features-item\"><div class=\"zank-features-icon icon-simple\"><\/div><div class=\"zank-features-content\"><h5 class=\"features-title\">Not\u00e9 9.7\/10<\/h5><span class=\"features-desc\">Par plus de 2172 clients !<\/span><\/div><\/div>\t\t\t\t<\/div>\n\t\t\t\t<\/div>\n\t\t\t\t<\/div>\n\t\t\t\t<\/div>","protected":false},"excerpt":{"rendered":"<p>Nutrition Nutrition Notre partenaire &#8211; NUTRIBAY Con\u00e7u par des passionn\u00e9s de sport et de nutrition, pour des sportifs soucieux de qualit\u00e9 et de performance, NUTRI-BAY.COM est un site de de vente de produits de nutrition sportive et de conseil d\u00e9di\u00e9 aux sports d&#8217;endurance. Leur mission : alimenter vos efforts en vous proposant les meilleurs produits&#8230;<\/p>","protected":false},"author":1,"featured_media":0,"parent":0,"menu_order":0,"comment_status":"closed","ping_status":"closed","template":"","meta":{"footnotes":""},"class_list":{"0":"post-26697","1":"page","2":"type-page","3":"status-publish","4":"hentry","5":"nt-post-class","6":"","7":"thumb-none","9":"excerpt-none"},"_links":{"self":[{"href":"https:\/\/www.infinitri.be\/pt\/wp-json\/wp\/v2\/pages\/26697","targetHints":{"allow":["GET"]}}],"collection":[{"href":"https:\/\/www.infinitri.be\/pt\/wp-json\/wp\/v2\/pages"}],"about":[{"href":"https:\/\/www.infinitri.be\/pt\/wp-json\/wp\/v2\/types\/page"}],"author":[{"embeddable":true,"href":"https:\/\/www.infinitri.be\/pt\/wp-json\/wp\/v2\/users\/1"}],"replies":[{"embeddable":true,"href":"https:\/\/www.infinitri.be\/pt\/wp-json\/wp\/v2\/comments?post=26697"}],"version-history":[{"count":3,"href":"https:\/\/www.infinitri.be\/pt\/wp-json\/wp\/v2\/pages\/26697\/revisions"}],"predecessor-version":[{"id":36079,"href":"https:\/\/www.infinitri.be\/pt\/wp-json\/wp\/v2\/pages\/26697\/revisions\/36079"}],"wp:attachment":[{"href":"https:\/\/www.infinitri.be\/pt\/wp-json\/wp\/v2\/media?parent=26697"}],"curies":[{"name":"wp","href":"https:\/\/api.w.org\/{rel}","templated":true}]}}