{"id":577,"date":"2023-01-31T00:13:11","date_gmt":"2023-01-31T00:13:11","guid":{"rendered":"https:\/\/infinitri.be\/?page_id=12"},"modified":"2026-03-20T16:43:48","modified_gmt":"2026-03-20T16:43:48","slug":"conditions-generales-de-vente","status":"publish","type":"page","link":"https:\/\/www.infinitri.be\/pt\/conditions-generales-de-vente\/","title":{"rendered":"Conditions g\u00e9n\u00e9rales de vente"},"content":{"rendered":"<p>Artigo 1.\u00ba: Pre\u00e2mbulo<\/p>\r\n\r\n\r\n\r\n<p>As presentes condi\u00e7\u00f5es de venda s\u00e3o celebradas, por um lado, pela empresa Infinitri S.P.R.L., com sede social em Rue Doyard 7C 4520 Vinalmont, registada na Banque Carrefour des Entreprises sob o n\u00famero BE 0666.805.912, doravante designada \u00bbo Vendedor \u00a0\u00bb e, por outro lado, por qualquer pessoa singular ou coletiva que pretenda efetuar uma compra atrav\u00e9s do site do Vendedor, doravante designada \u00bb o Comprador \u00ab.<\/p>\r\n\r\n\r\n\r\n<p>Artigo 2.\u00ba: Objeto<\/p>\r\n\r\n\r\n\r\n<p>Se o Comprador efetuar uma encomenda a partir deste site, ser\u00e1 celebrado um contrato de venda, o qual ser\u00e1 regido pelas presentes Condi\u00e7\u00f5es Gerais abaixo mencionadas.<\/p>\r\n\r\n\r\n\r\n<p>Estas s\u00e3o aplic\u00e1veis a todas as vendas realizadas no site www.infinitri.be e s\u00e3o celebradas entre a empresa Infinitri S.P.R.L., por um lado, definida como o \u00abVendedor\u00bb, e qualquer pessoa singular que pretenda efetuar uma compra atrav\u00e9s do site www.infinitri.be, por outro lado, doravante designada \u00bb o Comprador \u00ab. O facto de efetuar uma encomenda implica a aceita\u00e7\u00e3o plena e incondicional do Comprador das presentes condi\u00e7\u00f5es gerais. O Vendedor reserva-se o direito de alterar as suas condi\u00e7\u00f5es de venda a qualquer momento. Nesse caso, as condi\u00e7\u00f5es aplic\u00e1veis ser\u00e3o as que estiverem em vigor na data da encomenda pelo Comprador.<\/p>\r\n\r\n\r\n\r\n<p>AVISO LEGAL<\/p>\r\n\r\n\r\n\r\n<p>O site www.infinitri.be \u00e9 editado pela empresa Infinitri S.P.R.L., situada em 7C rue Doyard 4520 Vinalmont \u2013 B\u00e9lgica.<\/p>\r\n\r\n\r\n\r\n<p>Tel.: +32(0)489\/06 29 51 \/ E-mail: info@infinitri.be<\/p>\r\n\r\n\r\n\r\n<p>IVA intracomunit\u00e1rio BE 0666.805.912<\/p>\r\n\r\n\r\n\r\n<p>Respons\u00e1vel pela publica\u00e7\u00e3o: Benjamin Lantrebecq \/ Alojamento: O2SWITCH<\/p>\r\n\r\n\r\n\r\n<p>Artigo 3: Caracter\u00edsticas dos bens e servi\u00e7os oferecidos<\/p>\r\n\r\n\r\n\r\n<p>Os produtos e servi\u00e7os oferecidos s\u00e3o aqueles que constam no cat\u00e1logo publicado no site do Vendedor. Cada produto \u00e9 acompanhado por uma descri\u00e7\u00e3o elaborada pelo fornecedor. As fotografias do cat\u00e1logo s\u00e3o as mais fi\u00e9is poss\u00edveis, mas n\u00e3o podem garantir uma semelhan\u00e7a perfeita com o produto oferecido, especialmente no que diz respeito \u00e0s cores.<\/p>\r\n\r\n\r\n\r\n<p>O Vendedor chama a aten\u00e7\u00e3o do Comprador para as instru\u00e7\u00f5es de lavagem e manuten\u00e7\u00e3o que constam nas etiquetas dos produtos. O Vendedor n\u00e3o poder\u00e1 ser responsabilizado por quaisquer danos resultantes de um mau tratamento dos produtos ou resultantes de um tratamento n\u00e3o conforme com estas instru\u00e7\u00f5es.<\/p>\r\n\r\n\r\n\r\n<p>Estes produtos e servi\u00e7os s\u00e3o oferecidos enquanto durarem os stocks dispon\u00edveis. Se, apesar dos seus esfor\u00e7os, todos ou parte dos artigos estiverem indispon\u00edveis, o Vendedor informar\u00e1 o Comprador por e-mail o mais rapidamente poss\u00edvel e oferecer\u00e1 a possibilidade de escolher entre aguardar ou cancelar sem custos a encomenda dos artigos indispon\u00edveis. Os artigos dispon\u00edveis ser\u00e3o entregues normalmente.<\/p>\r\n\r\n\r\n\r\n<p>Artigo 4: Tarifas<\/p>\r\n\r\n\r\n\r\n<p>Os pre\u00e7os dos produtos e servi\u00e7os apresentados no site Infinitri s\u00e3o indicados em euros (\u20ac), incluindo todos os impostos (IVA e outros impostos aplic\u00e1veis). O Vendedor reserva-se o direito de alterar os seus pre\u00e7os a qualquer momento. No entanto, os pre\u00e7os aplic\u00e1veis \u00e0 encomenda s\u00e3o os que est\u00e3o em vigor no momento da sua confirma\u00e7\u00e3o.<\/p>\r\n\r\n\r\n\r\n<p>Os pre\u00e7os indicados n\u00e3o incluem os custos de processamento de encomendas, transporte e entrega, desde que estas ocorram nas zonas geogr\u00e1ficas previstas abaixo. O Comprador \u00e9 convidado a consultar a sec\u00e7\u00e3o Envios e Entregas para obter mais informa\u00e7\u00f5es sobre este assunto.<\/p>\r\n\r\n\r\n\r\n<p>O Vendedor reserva-se o direito de alterar os pre\u00e7os a qualquer momento, mas os produtos ser\u00e3o faturados com base nas tarifas em vigor no momento do registo da encomenda e sujeitos \u00e0 disponibilidade de stock. O Vendedor reserva-se o direito de alterar, limitar ou encerrar, a qualquer momento, uma oferta especial ou um desconto.<\/p>\r\n\r\n\r\n\r\n<p>Os c\u00f3digos promocionais s\u00e3o v\u00e1lidos por um per\u00edodo e um n\u00famero de utiliza\u00e7\u00f5es por cliente definidos. N\u00e3o podem, em caso algum, ser acumulados com outras ofertas promocionais ou descontos em vigor em um ou mais artigos.<\/p>\r\n\r\n\r\n\r\n<p>Artigo 5: Encomendas<\/p>\r\n\r\n\r\n\r\n<p>O Comprador deve ter pelo menos 16 anos para comprar produtos no site do Vendedor. S\u00f3 pode fazer encomendas nesta loja se for um consumidor, e n\u00e3o um revendedor. Ele garante que as informa\u00e7\u00f5es fornecidas ao Vendedor durante a encomenda s\u00e3o precisas e completas.<\/p>\r\n\r\n\r\n\r\n<p>Todas as informa\u00e7\u00f5es fornecidas no site s\u00e3o meramente indicativas. O Vendedor reserva-se o direito de, a qualquer momento, verificar uma encomenda e, eventualmente, recus\u00e1-la sem qualquer responsabilidade. A encomenda ser\u00e1 considerada recusada se n\u00e3o for confirmada no prazo de dez dias \u00fateis.<\/p>\r\n\r\n\r\n\r\n<p>Todas as encomendas est\u00e3o sujeitas a aprova\u00e7\u00e3o. O Vendedor reserva-se o direito, a seu exclusivo crit\u00e9rio, de recusar uma encomenda. Aqui est\u00e3o alguns exemplos de motivos pelos quais uma recusa pode ocorrer:<\/p>\r\n\r\n\r\n\r\n<p>Se os produtos apresentados no site n\u00e3o estiverem dispon\u00edveis; ;<\/p>\r\n\r\n\r\n\r\n<p>Se o Vendedor n\u00e3o conseguir obter a autoriza\u00e7\u00e3o para o pagamento; ;<\/p>\r\n\r\n\r\n\r\n<p>Se houver restri\u00e7\u00f5es de entrega aplic\u00e1veis a um produto.<\/p>\r\n\r\n\r\n\r\n<p>Ap\u00f3s a realiza\u00e7\u00e3o da encomenda, o Vendedor envia um e-mail de confirma\u00e7\u00e3o da encomenda com o n\u00famero da encomenda, o detalhe dos produtos encomendados e as informa\u00e7\u00f5es de entrega (n\u00famero de rastreio da transportadora).<\/p>\r\n\r\n\r\n\r\n<p>Para fazer uma encomenda, o Comprador deve ter um endere\u00e7o de e-mail. Tamb\u00e9m poder\u00e1 ser necess\u00e1rio configurar o seu navegador para aceitar cookies (funcionais) e janelas pop-up, a fim de poder utilizar todas as funcionalidades do site, nomeadamente adicionar artigos ao seu cesto e efetuar uma compra.<\/p>\r\n\r\n\r\n\r\n<p>Processo de encomenda<\/p>\r\n\r\n\r\n\r\n<p>Para efetuar uma encomenda no site www.infinitri.be, o Comprador deve obrigatoriamente:<\/p>\r\n\r\n\r\n\r\n<p>Crie uma conta de cliente preenchendo o formul\u00e1rio de identifica\u00e7\u00e3o ou identifique-se se j\u00e1 tiver uma conta de cliente no site.\u00a0<strong>www.infinitri.be<\/strong>,<\/p>\r\n\r\n\r\n\r\n<p>Confirmar o conte\u00fado do seu pedido ap\u00f3s verific\u00e1-lo,<\/p>\r\n\r\n\r\n\r\n<p>Efetuar o pagamento nas condi\u00e7\u00f5es previstas,<\/p>\r\n\r\n\r\n\r\n<p>Confirmar o pedido e o pagamento. A confirma\u00e7\u00e3o do pedido implica a aceita\u00e7\u00e3o das presentes condi\u00e7\u00f5es de venda, o reconhecimento de ter pleno conhecimento das mesmas e a ren\u00fancia a invocar as suas pr\u00f3prias condi\u00e7\u00f5es de compra ou outras condi\u00e7\u00f5es. O conjunto dos dados fornecidos e a confirma\u00e7\u00e3o registada constituir\u00e3o prova da transa\u00e7\u00e3o. A confirma\u00e7\u00e3o valer\u00e1 como assinatura e aceita\u00e7\u00e3o das opera\u00e7\u00f5es realizadas. O Vendedor comunicar\u00e1 por correio eletr\u00f3nico a confirma\u00e7\u00e3o da encomenda registada.<\/p>\r\n\r\n\r\n\r\n<p>Cancelamento de encomenda<\/p>\r\n\r\n\r\n\r\n<p>Como a encomenda do Comprador \u00e9 processada assim que recebida, n\u00e3o \u00e9 poss\u00edvel cancel\u00e1-la.<\/p>\r\n\r\n\r\n\r\n<p>Artigo 6: Direito de ren\u00fancia<\/p>\r\n\r\n\r\n\r\n<p>De acordo com a lei, o consumidor tem o direito de notificar o Vendedor de que renuncia \u00e0 sua compra, sem penalidade e sem indica\u00e7\u00e3o de motivo, no prazo de 14 dias \u00fateis a partir do dia seguinte ao da entrega do produto ou da celebra\u00e7\u00e3o do contrato de servi\u00e7o. Este direito de ren\u00fancia n\u00e3o pertence ao Comprador profissional.<\/p>\r\n\r\n\r\n\r\n<p>Dentro desse prazo, o consumidor deve notificar a sua inten\u00e7\u00e3o de desistir atrav\u00e9s do formul\u00e1rio de devolu\u00e7\u00e3o e devolver, por sua conta e risco, o produto entregue \u00e0 sede administrativa da Infinitri S.P.R.L.:<a href=\"https:\/\/www.infinitri.be\/wp-content\/uploads\/2026\/03\/BON-DE-RETOUR-INFINITRI.docx\"> bon de retour<\/a>  <\/p>\r\n\r\n\r\n\r\n<p>Rua Doyard 7C 4520 Vinalmont.<\/p>\r\n\r\n\r\n\r\n<p>Os produtos devem ser devolvidos na sua embalagem original, sem danos, acompanhados de todos os seus acess\u00f3rios, do manual de utiliza\u00e7\u00e3o e da fatura\/guia de remessa original. Os produtos devolvidos n\u00e3o podem ter sido desembalados, abertos ou utilizados de qualquer forma. Devem incluir as etiquetas, bem como a fita de prote\u00e7\u00e3o para os cal\u00e7\u00f5es de banho e a roupa interior. As mercadorias incompletas, danificadas ou sujas pelo cliente n\u00e3o ser\u00e3o aceites.<\/p>\r\n\r\n\r\n\r\n<p>No prazo de 14 dias, se a devolu\u00e7\u00e3o cumprir as condi\u00e7\u00f5es de aceita\u00e7\u00e3o, ap\u00f3s a aceita\u00e7\u00e3o da devolu\u00e7\u00e3o da mercadoria, o Vendedor compromete-se a reembolsar o eventual pagamento, com exce\u00e7\u00e3o dos custos de envio. O reembolso ser\u00e1 efetuado no cart\u00e3o de cr\u00e9dito utilizado para o pagamento inicial ap\u00f3s a rece\u00e7\u00e3o dos produtos devolvidos.<\/p>\r\n\r\n\r\n\r\n<p>Apenas os produtos comprados em www www.infinitri.be\/ podem ser devolvidos atrav\u00e9s do processo de devolu\u00e7\u00e3o online. Os artigos que n\u00e3o correspondam a este crit\u00e9rio n\u00e3o podem ser devolvidos ao remetente (artigos comprados noutra loja ou em stands de venda direta).<\/p>\r\n\r\n\r\n\r\n<p>Ap\u00f3s o prazo de 14 dias, nenhum artigo poder\u00e1 ser devolvido ou trocado.<\/p>\r\n\r\n\r\n\r\n<p>LIT\u00cdGIOS<\/p>\r\n\r\n\r\n\r\n<p>Os lit\u00edgios decorrentes da aplica\u00e7\u00e3o das presentes condi\u00e7\u00f5es gerais de venda est\u00e3o sujeitos ao direito belga.<\/p>\r\n\r\n\r\n\r\n<p>Artigo 7: Modalidades de pagamento<\/p>\r\n\r\n\r\n\r\n<p>Todas as compras efetuadas no site s\u00e3o pagas no momento do pedido com cart\u00e3o de cr\u00e9dito, Visa ou Mastercard.<\/p>\r\n\r\n\r\n\r\n<p>Os artigos encomendados permanecem propriedade exclusiva do Vendedor at\u00e9 ao pagamento integral da encomenda pelo Comprador. As informa\u00e7\u00f5es confidenciais do cart\u00e3o de pagamento s\u00e3o encriptadas de forma a n\u00e3o poderem ser intercetadas.<\/p>\r\n\r\n\r\n\r\n<p>O Vendedor emite e disponibiliza ao Comprador uma fatura que comprova a sua compra. Esta tamb\u00e9m est\u00e1 dispon\u00edvel em formato digital. O Vendedor recomenda, entre outras coisas, que este documento seja guardado, pois poder\u00e1 ser solicitado em caso de devolu\u00e7\u00e3o ou troca.<\/p>\r\n\r\n\r\n\r\n<p>Artigo 8: Entregas<\/p>\r\n\r\n\r\n\r\n<p>As entregas s\u00e3o feitas na morada indicada no formul\u00e1rio de encomenda, que s\u00f3 pode ser na \u00e1rea geogr\u00e1fica acordada. A mercadoria \u00e9 transportada por conta e risco do Vendedor at\u00e9 \u00e0 entrega da mercadoria na morada de entrega especificada pelo Comprador. A partir desse momento, o Comprador assume os riscos. Os prazos de entrega s\u00e3o meramente indicativos; se estes excederem trinta dias a partir da data da encomenda, o contrato de venda poder\u00e1 ser rescindido e o Comprador reembolsado.<\/p>\r\n\r\n\r\n\r\n<p>\u00b7 Entrega na B\u00e9lgica e na Uni\u00e3o Europeia:<\/p>\r\n\r\n\r\n\r\n<p>Os artigos que o Comprador encomenda no site est\u00e3o sujeitos ao IVA belga (21%). O Comprador n\u00e3o tem de pagar qualquer imposto \u00e0 rece\u00e7\u00e3o da sua encomenda e n\u00e3o pode recuperar o IVA.<\/p>\r\n\r\n\r\n\r\n<p>\u00b7 Entrega no resto do mundo<\/p>\r\n\r\n\r\n\r\n<p>O pre\u00e7o \u00e9 calculado automaticamente sem impostos na fatura. Podem ser cobrados direitos aduaneiros ou outros impostos locais, direitos de importa\u00e7\u00e3o ou impostos estatais. Esses direitos e montantes n\u00e3o s\u00e3o da compet\u00eancia da S.P.R.L. Infinitri e da loja Infinitri. S\u00e3o da responsabilidade do Comprador e s\u00e3o da sua inteira responsabilidade, tanto em termos de declara\u00e7\u00f5es como de pagamentos \u00e0s autoridades e organismos competentes do pa\u00eds onde a mercadoria \u00e9 entregue. O Vendedor aconselha o Comprador a informar-se sobre estes aspetos junto das autoridades locais.<\/p>\r\n\r\n\r\n\r\n<p>EXPEDI\u00c7\u00d5ES E ENTREGAS<\/p>\r\n\r\n\r\n\r\n<p>Condi\u00e7\u00f5es de envio<\/p>\r\n\r\n\r\n\r\n<p>A entrega \u00e9 feita em 2 a 3 dias \u00fateis na B\u00e9lgica a partir do processamento da encomenda, de segunda a sexta-feira. O n\u00famero de telefone do Comprador \u00e9 necess\u00e1rio para garantir a boa rece\u00e7\u00e3o da encomenda, caso seja indicada a morada de entrega de um particular ou empresa.<\/p>\r\n\r\n\r\n\r\n<p>O Vendedor n\u00e3o se responsabiliza pelo aumento dos prazos de entrega (nomeadamente em caso de greve, perda ou deteriora\u00e7\u00e3o por parte do transportador), que s\u00e3o indicativos e n\u00e3o devem ser considerados como prazos fixos. O incumprimento destes prazos n\u00e3o d\u00e1 direito a qualquer forma de indemniza\u00e7\u00e3o ao Comprador.<\/p>\r\n\r\n\r\n\r\n<p>As condi\u00e7\u00f5es de entrega podem ser consultadas no site \u00abZonas de envio e custos de entrega\u00bb.<\/p>\r\n\r\n\r\n\r\n<p>Tarifas<\/p>\r\n\r\n\r\n\r\n<p>O custo de entrega das encomendas depende do valor da encomenda e da zona de envio. No momento da confirma\u00e7\u00e3o da encomenda, as op\u00e7\u00f5es de entrega e os respetivos custos ser\u00e3o claramente indicados e constar\u00e3o na fatura. Na B\u00e9lgica, os custos de envio ascendem a 8 \u20ac para todas as encomendas cujo valor total seja inferior a 100 \u20ac. A entrega \u00e9 gratuita para compras superiores a 100 \u20ac.<\/p>\r\n\r\n\r\n\r\n<p>Artigo 9: Dados pessoais<\/p>\r\n\r\n\r\n\r\n<p>Todos os dados pessoais necess\u00e1rios para o processamento de uma encomenda s\u00e3o conservados pelo Vendedor ou pelos seus colaboradores e podem ser transmitidos \u00e0s empresas com as quais o Vendedor \u2013 ou os seus fornecedores \u2013 colaboram, quando tal comunica\u00e7\u00e3o for necess\u00e1ria para o processamento da encomenda. O utilizador autoriza tamb\u00e9m o Vendedor a utilizar esses dados para elaborar estat\u00edsticas com vista a melhorar o seu site, os bens e os servi\u00e7os que oferece. Estas informa\u00e7\u00f5es podem ainda ser utilizadas para permitir a divulga\u00e7\u00e3o, por qualquer meio de comunica\u00e7\u00e3o, de informa\u00e7\u00f5es relativas \u00e0s atividades comerciais do Vendedor aos seus clientes.<\/p>\r\n\r\n\r\n\r\n<p>O Vendedor conserva os dados pessoais para facilitar encomendas futuras. O Vendedor compromete-se, al\u00e9m disso, a n\u00e3o divulgar as informa\u00e7\u00f5es de que disp\u00f5e a outra sociedade ou empresa.<\/p>\r\n\r\n\r\n\r\n<p>Artigo 10: Garantia<\/p>\r\n\r\n\r\n\r\n<p>Em rela\u00e7\u00e3o aos consumidores, o Vendedor garante os produtos que vende e os servi\u00e7os que presta, em conformidade com a lei de 1 de setembro de 2004 relativa \u00e0 prote\u00e7\u00e3o dos consumidores na venda de bens de consumo (artigos 1649 bis a 1649 octies do C\u00f3digo Civil). Em caso de n\u00e3o conformidade de um produto vendido constatada nos 2 meses seguintes \u00e0 entrega do bem, o consumidor deve notificar o Vendedor o mais rapidamente poss\u00edvel, de forma precisa, por carta registada. Esta garantia cobre apenas os defeitos de conformidade existentes no momento da entrega dos bens. Os defeitos ou danos resultantes de uma utiliza\u00e7\u00e3o indevida, tais como danos causados pela \u00e1gua, oxida\u00e7\u00e3o, queda ou choque, neglig\u00eancia e desgaste, n\u00e3o s\u00e3o cobertos pela garantia. Da mesma forma, as repara\u00e7\u00f5es efetuadas por t\u00e9cnicos n\u00e3o autorizados pelo fornecedor dar\u00e3o lugar \u00e0 anula\u00e7\u00e3o da garantia. A fatura ou o recibo de entrega servem como t\u00edtulo de garantia e devem ser guardados pelo consumidor e apresentados no original.<\/p>\r\n\r\n\r\n\r\n<p>Se o produto for utilizado para fins n\u00e3o privados, as condi\u00e7\u00f5es de garantia limitada do<\/p>\r\n\r\n\r\n\r\n<p>Qualquer pedido de devolu\u00e7\u00e3o por defeito deve ser previamente validado pelo servi\u00e7o de apoio ao cliente atrav\u00e9s do envio de fotografias do problema em quest\u00e3o.<\/p>\r\n\r\n\r\n\r\n<p>Se o defeito constatado for validado, o produto ser\u00e1 trocado dentro do limite dos estoques dispon\u00edveis.<\/p>\r\n\r\n\r\n\r\n<p>Caso contr\u00e1rio, o produto ser\u00e1 reembolsado ao cliente.<\/p>\r\n\r\n\r\n\r\n<p>Qualquer artigo devolvido sem valida\u00e7\u00e3o pr\u00e9via do servi\u00e7o de apoio ao cliente ser\u00e1 considerado danificado pelo cliente e n\u00e3o ser\u00e1 reembolsado.<\/p>\r\n\r\n\r\n\r\n<p>O Vendedor n\u00e3o pode, contudo, ser responsabilizado pela utiliza\u00e7\u00e3o indevida e\/ou intensiva dos artigos que o cliente possa fazer.<\/p>\r\n\r\n\r\n\r\n<p>Artigo 11: Disponibilidade do site<\/p>\r\n\r\n\r\n\r\n<p>O Vendedor n\u00e3o garante que o site ou qualquer conte\u00fado nele presente esteja sempre acess\u00edvel ou ininterrupto. O acesso ao site \u00e9 autorizado temporariamente. O Vendedor pode suspender, eliminar, interromper ou modificar todo ou parte do site sem aviso pr\u00e9vio. N\u00e3o se responsabiliza pela indisponibilidade do site, por qualquer motivo, a qualquer momento e por qualquer per\u00edodo de tempo.<\/p>\r\n\r\n\r\n\r\n<p>Tendo em conta o tr\u00e1fego do site, a elevada procura de determinados artigos e o sistema de atualiza\u00e7\u00e3o autom\u00e1tica dos stocks, \u00e9 poss\u00edvel, em casos excecionais, que o n\u00famero de artigos vendidos num determinado momento seja superior ao stock real nesse preciso momento.<\/p>\r\n\r\n\r\n\r\n<p>As encomendas efetuadas entre sexta-feira ao meio-dia e domingo \u00e0 noite s\u00e3o verificadas na segunda-feira seguinte pela manh\u00e3. O Comprador deve ter em conta que uma confirma\u00e7\u00e3o da encomenda apenas confirma a rece\u00e7\u00e3o da mesma. S\u00f3 quando for enviado um e-mail com o n\u00famero de rastreio da transportadora \u00e9 que a compra \u00e9 confirmada \u00e0 100% e que a mercadoria foi enviada.<\/p>\r\n\r\n\r\n\r\n<p>Artigo 12: Responsabilidade<\/p>\r\n\r\n\r\n\r\n<p>O Vendedor, no processo de venda online, est\u00e1 sujeito apenas a uma obriga\u00e7\u00e3o de meios; n\u00e3o poder\u00e1 ser responsabilizado por danos resultantes da utiliza\u00e7\u00e3o da Internet, tais como perda de dados, intrus\u00e3o, v\u00edrus, interrup\u00e7\u00e3o do servi\u00e7o ou outros problemas involunt\u00e1rios. Os dados apresentados no site s\u00e3o, al\u00e9m disso, fornecidos de boa-f\u00e9. As liga\u00e7\u00f5es para os sites dos fabricantes e\/ou parceiros s\u00e3o fornecidas a t\u00edtulo informativo. O Vendedor n\u00e3o pode ser responsabilizado pelas informa\u00e7\u00f5es provenientes desses sites.<\/p>\r\n\r\n\r\n\r\n<p>Artigo 13: Propriedade intelectual<\/p>\r\n\r\n\r\n\r\n<p>Todos os elementos do site do Vendedor s\u00e3o e permanecem propriedade intelectual e exclusiva do mesmo. Ningu\u00e9m est\u00e1 autorizado a reproduzir, explorar, retransmitir ou utilizar, a qualquer t\u00edtulo, mesmo que parcialmente, elementos do site, sejam eles softwares, visuais ou sonoros. Qualquer liga\u00e7\u00e3o simples ou por hipertexto \u00e9 estritamente proibida sem o consentimento pr\u00e9vio por escrito do Vendedor.<\/p>","protected":false},"excerpt":{"rendered":"<p>Article 1 : Pr\u00e9ambule Les pr\u00e9sentes conditions de vente sont conclues, d\u2019une part, par la soci\u00e9t\u00e9 Infinitri S.P.R.L. dont le si\u00e8ge social est situ\u00e9 \u00e0 Rue Doyard 7C 4520 Vinalmont, inscrite \u00e0 la Banque Carrefour des Entreprises sous le num\u00e9ro BE 0666.805.912 ci-apr\u00e8s d\u00e9nomm\u00e9e \u00a0\u00bb le Vendeur \u00a0\u00bb et, d\u2019autre part, par toute personne physique&#8230;<\/p>","protected":false},"author":1,"featured_media":0,"parent":0,"menu_order":0,"comment_status":"closed","ping_status":"closed","template":"","meta":{"footnotes":""},"class_list":{"0":"post-577","1":"page","2":"type-page","3":"status-publish","4":"hentry","5":"nt-post-class","6":"","7":"thumb-none","9":"excerpt-none"},"_links":{"self":[{"href":"https:\/\/www.infinitri.be\/pt\/wp-json\/wp\/v2\/pages\/577","targetHints":{"allow":["GET"]}}],"collection":[{"href":"https:\/\/www.infinitri.be\/pt\/wp-json\/wp\/v2\/pages"}],"about":[{"href":"https:\/\/www.infinitri.be\/pt\/wp-json\/wp\/v2\/types\/page"}],"author":[{"embeddable":true,"href":"https:\/\/www.infinitri.be\/pt\/wp-json\/wp\/v2\/users\/1"}],"replies":[{"embeddable":true,"href":"https:\/\/www.infinitri.be\/pt\/wp-json\/wp\/v2\/comments?post=577"}],"version-history":[{"count":1,"href":"https:\/\/www.infinitri.be\/pt\/wp-json\/wp\/v2\/pages\/577\/revisions"}],"predecessor-version":[{"id":46411,"href":"https:\/\/www.infinitri.be\/pt\/wp-json\/wp\/v2\/pages\/577\/revisions\/46411"}],"wp:attachment":[{"href":"https:\/\/www.infinitri.be\/pt\/wp-json\/wp\/v2\/media?parent=577"}],"curies":[{"name":"wp","href":"https:\/\/api.w.org\/{rel}","templated":true}]}}