{"id":579,"date":"2023-01-31T22:17:52","date_gmt":"2023-01-31T22:17:52","guid":{"rendered":"https:\/\/infinitri.be\/?page_id=490"},"modified":"2023-01-31T22:17:52","modified_gmt":"2023-01-31T22:17:52","slug":"retours","status":"publish","type":"page","link":"https:\/\/www.infinitri.be\/pt\/retours\/","title":{"rendered":"Retours"},"content":{"rendered":"<p><strong>BON DE RETOUR<\/strong><\/p>\n\n\n\n<p>Notre politique de retours, \u00e9changes &amp; remboursements<\/p>\n\n\n\n<p>Vous disposez d\u2019un d\u00e9lai de 14 jours apr\u00e8s r\u00e9ception de votre commande pass\u00e9e sur le webshop infinitri.com pour retourner tout ou une partie de vos achats contre \u00e9change ou remboursement, s\u2019ils ne vous conviennent pas.<\/p>\n\n\n\n<p>Artigo 6: Direito de ren\u00fancia<\/p>\n\n\n\n<p>De acordo com a lei, o consumidor tem o direito de notificar o Vendedor de que renuncia \u00e0 sua compra, sem penalidade e sem indica\u00e7\u00e3o de motivo, no prazo de 14 dias \u00fateis a partir do dia seguinte ao da entrega do produto ou da celebra\u00e7\u00e3o do contrato de servi\u00e7o. Este direito de ren\u00fancia n\u00e3o pertence ao Comprador profissional.<\/p>\n\n\n\n<p>Dentro desse prazo, o consumidor deve notificar a sua inten\u00e7\u00e3o de desistir atrav\u00e9s do formul\u00e1rio de devolu\u00e7\u00e3o e devolver, por sua conta e risco, o produto entregue \u00e0 sede administrativa da Infinitri S.P.R.L.:<\/p>\n\n\n\n<p>Rua Doyard 7C 4520 Vinalmont.<\/p>\n\n\n\n<p>Os produtos devem ser devolvidos na sua embalagem original, sem danos, acompanhados de todos os seus acess\u00f3rios, do manual de utiliza\u00e7\u00e3o e da fatura\/guia de remessa original. Os produtos devolvidos n\u00e3o podem ter sido desembalados, abertos ou utilizados de qualquer forma. Devem incluir as etiquetas, bem como a fita de prote\u00e7\u00e3o para os cal\u00e7\u00f5es de banho e a roupa interior. As mercadorias incompletas, danificadas ou sujas pelo cliente n\u00e3o ser\u00e3o aceites.<\/p>\n\n\n\n<p>No prazo de 14 dias, se a devolu\u00e7\u00e3o cumprir as condi\u00e7\u00f5es de aceita\u00e7\u00e3o, ap\u00f3s a aceita\u00e7\u00e3o da devolu\u00e7\u00e3o da mercadoria, o Vendedor compromete-se a reembolsar o eventual pagamento, com exce\u00e7\u00e3o dos custos de envio. O reembolso ser\u00e1 efetuado no cart\u00e3o de cr\u00e9dito utilizado para o pagamento inicial ap\u00f3s a rece\u00e7\u00e3o dos produtos devolvidos.<\/p>\n\n\n\n<p>Apenas os produtos comprados em www www.infinitri.be\/ podem ser devolvidos atrav\u00e9s do processo de devolu\u00e7\u00e3o online. Os artigos que n\u00e3o correspondam a este crit\u00e9rio n\u00e3o podem ser devolvidos ao remetente (artigos comprados noutra loja ou em stands de venda direta).<\/p>\n\n\n\n<p>Au-del\u00e0 du d\u00e9lai de 14 jours, aucun article ne pourra \u00eatre ni repris, ni \u00e9chang\u00e9.<\/p>\n\n\n\n<p>Pour plus d\u2019information ou si vous avez besoin d\u2019aide, nous vous invitons \u00e0 nous contacter par email \u00e0 l\u2019adresse suivante : info@infinitri.be<\/p>\n\n\n\n<p>Comment retourner un article infinitri<\/p>\n\n\n\n<p>1. Contactez-nous sur l\u2019adresse suivante&nbsp;<a href=\"mailto:info@infinitri.be\">info@infinitri.be<\/a><\/p>\n\n\n\n<p>2. T\u00e9l\u00e9chargez et compl\u00e9tez le bon de retour ci-apr\u00e8s en renseignant les r\u00e9f\u00e9rences de l\u2019article retourn\u00e9, sa quantit\u00e9, s\u2019il s\u2019agit d\u2019un \u00e9change ou d\u2019un remboursement et le motif de votre retour.<\/p>\n\n\n\n<p>3. Ins\u00e9rez-le bon de retour dans votre colis accompagn\u00e9 de l\u2019article \u00e0 nous retourner. Assurez-vous de choisir un emballage protecteur et qu\u2019il soit bien scell\u00e9.<\/p>\n\n\n\n\n<!--themify_builder_static--><a href=\"https:\/\/www.infinitri.be\/wp-content\/uploads\/2023\/01\/BON-DE-RETOUR.pdf\" > T\u00e9l\u00e9charger le bon de retour <\/a><!--\/themify_builder_static-->","protected":false},"excerpt":{"rendered":"<p>BON DE RETOUR Notre politique de retours, \u00e9changes &amp; remboursements Vous disposez d\u2019un d\u00e9lai de 14 jours apr\u00e8s r\u00e9ception de votre commande pass\u00e9e sur le webshop infinitri.com pour retourner tout ou une partie de vos achats contre \u00e9change ou remboursement, s\u2019ils ne vous conviennent pas. Article 6 : Droit de renonciation Conform\u00e9ment \u00e0 la loi,&#8230;<\/p>","protected":false},"author":1,"featured_media":0,"parent":0,"menu_order":0,"comment_status":"closed","ping_status":"closed","template":"","meta":{"footnotes":""},"class_list":{"0":"post-579","1":"page","2":"type-page","3":"status-publish","4":"hentry","5":"nt-post-class","6":"","7":"thumb-none","9":"excerpt-none"},"_links":{"self":[{"href":"https:\/\/www.infinitri.be\/pt\/wp-json\/wp\/v2\/pages\/579","targetHints":{"allow":["GET"]}}],"collection":[{"href":"https:\/\/www.infinitri.be\/pt\/wp-json\/wp\/v2\/pages"}],"about":[{"href":"https:\/\/www.infinitri.be\/pt\/wp-json\/wp\/v2\/types\/page"}],"author":[{"embeddable":true,"href":"https:\/\/www.infinitri.be\/pt\/wp-json\/wp\/v2\/users\/1"}],"replies":[{"embeddable":true,"href":"https:\/\/www.infinitri.be\/pt\/wp-json\/wp\/v2\/comments?post=579"}],"version-history":[{"count":0,"href":"https:\/\/www.infinitri.be\/pt\/wp-json\/wp\/v2\/pages\/579\/revisions"}],"wp:attachment":[{"href":"https:\/\/www.infinitri.be\/pt\/wp-json\/wp\/v2\/media?parent=579"}],"curies":[{"name":"wp","href":"https:\/\/api.w.org\/{rel}","templated":true}]}}