{"id":28261,"date":"2025-12-25T16:44:57","date_gmt":"2025-12-25T16:44:57","guid":{"rendered":"https:\/\/www.infinitri.be\/?post_type=product&#038;p=28261"},"modified":"2026-04-04T17:34:18","modified_gmt":"2026-04-04T16:34:18","slug":"fusion-c3-short-tights-femme","status":"publish","type":"product","link":"https:\/\/www.infinitri.be\/pt\/produto\/fusion-c3-short-tights-femme\/","title":{"rendered":"Collants curtos Fusion C3 para mulher"},"content":{"rendered":"<p><!--themify_builder_static--><\/p>\n<h1 style=\"text-align: center\">Descri\u00e7\u00e3o \u2699<\/h1>\n<p>O comprimento da perna \u00e9 mais curto do que o dos nossos collants curtos tradicionais e sem as marcas brancas.<\/p>\n<p>Tal como os nossos C3 TRAINING TIGHTS para mulher, estes collants foram especialmente concebidos para mulher, com uma cintura extra-alta para um ajuste espec\u00edfico para mulher.<\/p>\n<p>Um design intemporal e totalmente testado, que foi submetido a 15 anos de desenvolvimento e utiliza\u00e7\u00e3o intensiva, \u00e9 a sua garantia de que os seus collants resistir\u00e3o \u00e0 utiliza\u00e7\u00e3o intensiva e \u00e0 m\u00e1quina de lavar durante muitos anos.<\/p>\n<p>Agradavelmente confort\u00e1vel: o nosso material especial C3 absorve a humidade de forma r\u00e1pida e eficaz, pelo que nunca sentir\u00e1 frio ou humidade durante ou ap\u00f3s uma atividade.<\/p>\n<p>Ajuste ideal: Os seus collants mant\u00eam-se no lugar durante a sua atividade, porque utilizamos uma malha circular e uma elevada percentagem de elastano powerfit, tornando sup\u00e9rfluos os irritantes fechos de correr.<\/p>\n<p>Inclui bolsos laterais FUSION funcionais que mant\u00eam o conte\u00fado junto ao corpo sem perturbar o seu padr\u00e3o de movimento natural.<\/p>\n<p><img fetchpriority=\"high\" decoding=\"async\" src=\"https:\/\/infinitri.be\/wp-content\/uploads\/2023\/02\/Womens-C3-short-training-tights_0277_Black_4f_v1-4976555_750x-545x545.webp\" width=\"545\" height=\"545\" title=\"Womens-C3-short-training-tights_0277_Black_4f_v1-4976555_750x\" alt=\"Womens-C3-short-training-tights_0277_Black_4f_v1-4976555_750x\" \/><\/p>\n<h1>Especifica\u00e7\u00f5es t\u00e9cnicas<\/h1>\n<ul>\n<li>Tecido Compressor3 com absor\u00e7\u00e3o ativa, produzido em It\u00e1lia<\/li>\n<li>Bolsos de gel na parte exterior das coxas para g\u00e9is (at\u00e9 3 por bolso) \/ chaves \/ telem\u00f3vel<\/li>\n<li>C\u00f3s profundo para m\u00e1ximo conforto<\/li>\n<li>Fabricado na Europa na FUSION.FACTORY<\/li>\n<li>Produto certificado STANDARD 100 pela OEKO-TEX\u00ae. Isto significa que todos os componentes, tais como tecidos, fios, transfers, fechos de correr, el\u00e1sticos, etiquetas, etc., s\u00e3o testados e aprovados de acordo com a norma e, por conseguinte, n\u00e3o cont\u00eam subst\u00e2ncias nocivas.<\/li>\n<\/ul>\n<p>    <em style=\"color:#000000\"><\/em>PROTEC\u00c7\u00c3O CONTRA O VENTO \u2605\u2605\u2605\u2605<\/p>\n<p>    <em style=\"color:#000000\"><\/em>PROTEC\u00c7\u00c3O CONTRA A CHUVA \u2605\u2605\u2605\u2605<\/p>\n<p>    <em style=\"color:#000000\"><\/em><\/p>\n<p style=\"text-align: center\">LUZ \u2605\u2605\u2605\u2605<\/p>\n<p>    <em style=\"color:#000000\"><\/em>CORTE AJUSTADO \u2605\u2605\u2605\u2605<\/p>\n<p>    <em style=\"color:#000000\"><\/em>N\u00cdVEL DE COMPRESS\u00c3O \u2605\u2605\u2605\u2605<\/p>\n<h1 style=\"text-align: center\">Material \ud83d\udc56<\/h1>\n<p>Malha circular. Poliamida 77%, elastano 23% para temperaturas de 10\u00b0C a 30\u00b0C<\/p>\n<p>O material FUSION C3, \u00fanico e duradouro, garante um ajuste perfeito do produto gra\u00e7as \u00e0 sua constru\u00e7\u00e3o em malha circular e ao teor excecionalmente elevado de powerfit-elastano.<\/p>\n<p>O tecido FUSION C3 proporciona um verdadeiro transporte ativo da transpira\u00e7\u00e3o, afastando o suor da superf\u00edcie da pele e transportando-o para a superf\u00edcie exterior do tecido, onde se dissipa numa \u00e1rea maior e se evapora rapidamente.<\/p>\n<p>A sua pele mant\u00e9m-se confort\u00e1vel - e sente que est\u00e1 a transpirar menos. Tudo gra\u00e7as a um efeito mec\u00e2nico de absor\u00e7\u00e3o que se mant\u00e9m inalterado durante toda a vida \u00fatil do produto.<\/p>\n<p>N\u00e3o temos medo de ir mais longe no processo de desenvolvimento de tecidos.<\/p>\n<p><img decoding=\"async\" src=\"https:\/\/infinitri.be\/wp-content\/uploads\/2023\/02\/Womens-C3-short-training-tights_0277_Black_5b_v1-4976557_750x-545x545.webp\" width=\"545\" height=\"545\" title=\"Womens-C3-short-training-tights_0277_Black_5b_v1-4976557_750x\" alt=\"Womens-C3-short-training-tights_0277_Black_5b_v1-4976557_750x\" \/><br \/>\n<img decoding=\"async\" src=\"https:\/\/infinitri.be\/wp-content\/uploads\/2023\/02\/Womens-C3-short-training-tights_0277_Black_7b_v2-4976560_750x-545x545.webp\" width=\"545\" height=\"545\" title=\"Womens-C3-short-training-tights_0277_Black_7b_v2-4976560_750x\" alt=\"Womens-C3-short-training-tights_0277_Black_7b_v2-4976560_750x\" \/><\/p>\n<h1 style=\"text-align: center\">Dicas de manuten\u00e7\u00e3o \ud83d\udca1<\/h1>\n<p>Lave-o antes de usar pela primeira vez. Se adicionar um pouco de vinagre na primeira lavagem, a cor permanecer\u00e1 mais clara e durar\u00e1 mais tempo.<\/p>\n<p>Lave a sua roupa desportiva a uma temperatura m\u00e1xima de 40 \u00b0C. N\u00e3o utilize detergente nem alvejante.<\/p>\n<p>A utiliza\u00e7\u00e3o de detergente limitar\u00e1 o transporte da humidade do produto.<\/p>\n<p>Seque a sua roupa desportiva FUSION ao ar livre. N\u00e3o a coloque na m\u00e1quina de secar roupa.<\/p>\n<p>Tenha cuidado com objetos pontiagudos, bordas e tiras de velcro de mochilas, cintos e outros itens que possam esfregar contra o tecido e as costuras da sua roupa. Isso pode rasgar o tecido e as costuras da sua roupa desportiva FUSION.<\/p>\n<h1 style=\"text-align: center\">Qual \u00e9 o meu tamanho?<\/h1>\n<p><img decoding=\"async\" src=\"https:\/\/infinitri.be\/wp-content\/uploads\/2023\/02\/c3_short_woman_size.png\" title=\"c3_tamanho_curto_da_mulher\" alt=\"c3_short_woman_size\" \/><br \/>\n<img loading=\"lazy\" decoding=\"async\" src=\"https:\/\/infinitri.be\/wp-content\/uploads\/2023\/02\/0277_lifestyle_1-2566585-1024x683-545x545.webp\" width=\"545\" height=\"545\" title=\"0277_lifestyle_1-2566585\" alt=\"0277_lifestyle_1-2566585\" \/><!--\/themify_builder_static--><\/p>","protected":false},"excerpt":{"rendered":"<p>Collants curtos para todas as suas actividades - especialmente concebidos para as mulheres.<\/p>\n<p>Um par de collants vers\u00e1teis e de alto desempenho para corrida, ioga, fitness, treino funcional, um dia relaxante em casa ou como collants por baixo de um vestido de ver\u00e3o.<\/p>","protected":false},"featured_media":106,"comment_status":"open","ping_status":"closed","template":"","meta":[],"product_brand":[331],"product_cat":[17,16,18],"product_tag":[],"class_list":{"0":"post-28261","1":"product","2":"type-product","3":"status-publish","4":"has-post-thumbnail","6":"product_brand-fusion","7":"product_cat-bas","8":"product_cat-course","9":"product_cat-shorts-collants","10":"zank_product_brands-fusion","11":"nt-post-class","12":"","18":"first","19":"instock","20":"taxable","21":"shipping-taxable","22":"purchasable","23":"product-type-variable"},"_links":{"self":[{"href":"https:\/\/www.infinitri.be\/pt\/wp-json\/wp\/v2\/product\/28261","targetHints":{"allow":["GET"]}}],"collection":[{"href":"https:\/\/www.infinitri.be\/pt\/wp-json\/wp\/v2\/product"}],"about":[{"href":"https:\/\/www.infinitri.be\/pt\/wp-json\/wp\/v2\/types\/product"}],"replies":[{"embeddable":true,"href":"https:\/\/www.infinitri.be\/pt\/wp-json\/wp\/v2\/comments?post=28261"}],"wp:featuredmedia":[{"embeddable":true,"href":"https:\/\/www.infinitri.be\/pt\/wp-json\/wp\/v2\/media\/106"}],"wp:attachment":[{"href":"https:\/\/www.infinitri.be\/pt\/wp-json\/wp\/v2\/media?parent=28261"}],"wp:term":[{"taxonomy":"product_brand","embeddable":true,"href":"https:\/\/www.infinitri.be\/pt\/wp-json\/wp\/v2\/product_brand?post=28261"},{"taxonomy":"product_cat","embeddable":true,"href":"https:\/\/www.infinitri.be\/pt\/wp-json\/wp\/v2\/product_cat?post=28261"},{"taxonomy":"product_tag","embeddable":true,"href":"https:\/\/www.infinitri.be\/pt\/wp-json\/wp\/v2\/product_tag?post=28261"}],"curies":[{"name":"wp","href":"https:\/\/api.w.org\/{rel}","templated":true}]}}