{"id":28267,"date":"2025-12-25T16:44:57","date_gmt":"2025-12-25T16:44:57","guid":{"rendered":"https:\/\/www.infinitri.be\/?post_type=product&#038;p=28267"},"modified":"2026-04-04T17:34:18","modified_gmt":"2026-04-04T16:34:18","slug":"fusion-c3-short-tights-homme","status":"publish","type":"product","link":"https:\/\/www.infinitri.be\/pt\/produto\/fusion-c3-short-tights-homme\/","title":{"rendered":"Collants curtos Fusion C3 para homem"},"content":{"rendered":"<p><!--themify_builder_static--><\/p>\n<h1 style=\"text-align: center\">Descri\u00e7\u00e3o \u2699<\/h1>\n<p>Les MENS SHORT TIGHTS sont bas\u00e9s sur les collants courts C3, un design intemporel qui a fait ses preuves et qui \u00e9tablit de nouvelles normes en mati\u00e8re de fonctionnalit\u00e9, de confort et de coupe depuis 15 ans. Fabriqu\u00e9 pour durer pendant les entra\u00eenements difficiles, les comp\u00e9titions et le lavage en machine pendant des ann\u00e9es.<\/p>\n<p>Agr\u00e9ablement confortable : Notre mat\u00e9riau C3 sp\u00e9cial permet une \u00e9vacuation rapide et efficace de l&#8217;humidit\u00e9, pour que vous n&#8217;ayez jamais froid et ne soyez pas humide pendant ou apr\u00e8s l&#8217;activit\u00e9.<\/p>\n<p>Coupe optimale : Votre collant reste en place pendant votre activit\u00e9, car il est tricot\u00e9 en rond et contient un pourcentage \u00e9lev\u00e9 d&#8217;\u00e9lasthanne powerfit.<\/p>\n<p>Il est dot\u00e9 d&#8217;une large bande \u00e9lastique au niveau des hanches avec un cordon r\u00e9glable et de poches FUSION fonctionnelles pour garder le contenu pr\u00e8s du corps sans perturber votre sch\u00e9ma de mouvement naturel. Coupe serr\u00e9e.<\/p>\n<p><img fetchpriority=\"high\" decoding=\"async\" src=\"https:\/\/infinitri.be\/wp-content\/uploads\/2023\/01\/0024_lifestyle_2-2544527-1024x683-545x545.webp\" width=\"545\" height=\"545\" title=\"0024_lifestyle_2-2544527\" alt=\"0024_lifestyle_2-2544527\" \/><\/p>\n<h1>Especifica\u00e7\u00f5es t\u00e9cnicas<\/h1>\n<ul>\n<li>Tecido Compressor3 com absor\u00e7\u00e3o ativa, produzido em It\u00e1lia<\/li>\n<li>Bolsos de gel na parte exterior das coxas para g\u00e9is (at\u00e9 3 por bolso) \/ chaves \/ telem\u00f3vel<\/li>\n<li>C\u00f3s profundo para m\u00e1ximo conforto<\/li>\n<li>Fabricado na Europa na FUSION.FACTORY<\/li>\n<li>Produto certificado STANDARD 100 pela OEKO-TEX\u00ae. Isto significa que todos os componentes, tais como tecidos, fios, transfers, fechos de correr, el\u00e1sticos, etiquetas, etc., s\u00e3o testados e aprovados de acordo com a norma e, por conseguinte, n\u00e3o cont\u00eam subst\u00e2ncias nocivas.<\/li>\n<\/ul>\n<p>    <em style=\"color:#000000\"><\/em>PROTEC\u00c7\u00c3O CONTRA O VENTO \u2605\u2605\u2605\u2605<\/p>\n<p>    <em style=\"color:#000000\"><\/em>PROTEC\u00c7\u00c3O CONTRA A CHUVA \u2605\u2605\u2605\u2605<\/p>\n<p>    <em style=\"color:#000000\"><\/em><\/p>\n<p style=\"text-align: center\">LUZ \u2605\u2605\u2605\u2605<\/p>\n<p>    <em style=\"color:#000000\"><\/em>CORTE AJUSTADO \u2605\u2605\u2605\u2605<\/p>\n<p>    <em style=\"color:#000000\"><\/em>N\u00cdVEL DE COMPRESS\u00c3O \u2605\u2605\u2605\u2605<\/p>\n<h1 style=\"text-align: center\">Material \ud83d\udc56<\/h1>\n<p>Malha circular. Poliamida 77%, elastano 23% para temperaturas de 10\u00b0C a 30\u00b0C<\/p>\n<p>O material FUSION C3, \u00fanico e duradouro, garante um ajuste perfeito do produto gra\u00e7as \u00e0 sua constru\u00e7\u00e3o em malha circular e ao teor excecionalmente elevado de powerfit-elastano.<\/p>\n<p>O tecido FUSION C3 proporciona um verdadeiro transporte ativo da transpira\u00e7\u00e3o, afastando o suor da superf\u00edcie da pele e transportando-o para a superf\u00edcie exterior do tecido, onde se dissipa numa \u00e1rea maior e se evapora rapidamente.<\/p>\n<p>A sua pele mant\u00e9m-se confort\u00e1vel - e sente que est\u00e1 a transpirar menos. Tudo gra\u00e7as a um efeito mec\u00e2nico de absor\u00e7\u00e3o que se mant\u00e9m inalterado durante toda a vida \u00fatil do produto.<\/p>\n<p>N\u00e3o temos medo de ir mais longe no processo de desenvolvimento de tecidos.<\/p>\n<p><img decoding=\"async\" src=\"https:\/\/infinitri.be\/wp-content\/uploads\/2023\/01\/C3-short-tights_0024_Black_7s_v1-5025621_2000x-768x1024-545x545.webp\" width=\"545\" height=\"545\" title=\"C3-short-tights_0024_Black_7s_v1-5025621_2000x\" alt=\"C3-short-tights_0024_Black_7s_v1-5025621_2000x\" \/><br \/>\n<img decoding=\"async\" src=\"https:\/\/infinitri.be\/wp-content\/uploads\/2023\/01\/C3-short-tights_0024_Black_5s_v1-5025619_2000x-768x1024-545x545.webp\" width=\"545\" height=\"545\" title=\"C3-short-tights_0024_Black_5s_v1-5025619_2000x\" alt=\"C3-short-tights_0024_Black_5s_v1-5025619_2000x\" \/><\/p>\n<h1 style=\"text-align: center\">Dicas de manuten\u00e7\u00e3o \ud83d\udca1<\/h1>\n<p>Lave-o antes de usar pela primeira vez. Se adicionar um pouco de vinagre na primeira lavagem, a cor permanecer\u00e1 mais clara e durar\u00e1 mais tempo.<\/p>\n<p>Lave a sua roupa desportiva a uma temperatura m\u00e1xima de 40 \u00b0C. N\u00e3o utilize detergente nem alvejante.<\/p>\n<p>A utiliza\u00e7\u00e3o de detergente limitar\u00e1 o transporte da humidade do produto.<\/p>\n<p>Seque a sua roupa desportiva FUSION ao ar livre. N\u00e3o a coloque na m\u00e1quina de secar roupa.<\/p>\n<p>Tenha cuidado com objetos pontiagudos, bordas e tiras de velcro de mochilas, cintos e outros itens que possam esfregar contra o tecido e as costuras da sua roupa. Isso pode rasgar o tecido e as costuras da sua roupa desportiva FUSION.<\/p>\n<h1 style=\"text-align: center\">Qual \u00e9 o meu tamanho?<\/h1>\n<p><img decoding=\"async\" src=\"https:\/\/infinitri.be\/wp-content\/uploads\/2023\/02\/c3-short-tights-homme-size.png\" title=\"c3-short-tights-homme-size\" alt=\"c3-short-tights-homme-size\" \/><br \/>\n<img loading=\"lazy\" decoding=\"async\" src=\"https:\/\/infinitri.be\/wp-content\/uploads\/2023\/02\/0024_lifestyle_v3-5025623-1024x683-545x545.webp\" width=\"545\" height=\"545\" title=\"0024_lifestyle_v3-5025623\" alt=\"0024_lifestyle_v3-5025623\" \/><!--\/themify_builder_static--><\/p>","protected":false},"excerpt":{"rendered":"<p>Collants courts de courses \u00e0 pied pour courir sans sous-v\u00eatements.<br \/>\nLes collants courts pour hommes vous permettent de courir sans sous-v\u00eatements\/pantalons. Les coutures plates et la micropolaire douce \u00e0 l&#8217;entrejambe offrent un confort maximal pour les courses plus longues.<\/p>","protected":false},"featured_media":110,"comment_status":"open","ping_status":"closed","template":"","meta":[],"product_brand":[331],"product_cat":[17,16,18],"product_tag":[],"class_list":{"0":"post-28267","1":"product","2":"type-product","3":"status-publish","4":"has-post-thumbnail","6":"product_brand-fusion","7":"product_cat-bas","8":"product_cat-course","9":"product_cat-shorts-collants","10":"zank_product_brands-fusion","11":"nt-post-class","12":"","18":"first","19":"instock","20":"taxable","21":"shipping-taxable","22":"purchasable","23":"product-type-variable"},"_links":{"self":[{"href":"https:\/\/www.infinitri.be\/pt\/wp-json\/wp\/v2\/product\/28267","targetHints":{"allow":["GET"]}}],"collection":[{"href":"https:\/\/www.infinitri.be\/pt\/wp-json\/wp\/v2\/product"}],"about":[{"href":"https:\/\/www.infinitri.be\/pt\/wp-json\/wp\/v2\/types\/product"}],"replies":[{"embeddable":true,"href":"https:\/\/www.infinitri.be\/pt\/wp-json\/wp\/v2\/comments?post=28267"}],"wp:featuredmedia":[{"embeddable":true,"href":"https:\/\/www.infinitri.be\/pt\/wp-json\/wp\/v2\/media\/110"}],"wp:attachment":[{"href":"https:\/\/www.infinitri.be\/pt\/wp-json\/wp\/v2\/media?parent=28267"}],"wp:term":[{"taxonomy":"product_brand","embeddable":true,"href":"https:\/\/www.infinitri.be\/pt\/wp-json\/wp\/v2\/product_brand?post=28267"},{"taxonomy":"product_cat","embeddable":true,"href":"https:\/\/www.infinitri.be\/pt\/wp-json\/wp\/v2\/product_cat?post=28267"},{"taxonomy":"product_tag","embeddable":true,"href":"https:\/\/www.infinitri.be\/pt\/wp-json\/wp\/v2\/product_tag?post=28267"}],"curies":[{"name":"wp","href":"https:\/\/api.w.org\/{rel}","templated":true}]}}