{"id":28280,"date":"2025-12-25T16:44:57","date_gmt":"2025-12-25T16:44:57","guid":{"rendered":"https:\/\/www.infinitri.be\/?post_type=product&#038;p=28280"},"modified":"2026-04-04T17:34:18","modified_gmt":"2026-04-04T16:34:18","slug":"fusion-c3-long-tights-femme","status":"publish","type":"product","link":"https:\/\/www.infinitri.be\/pt\/produto\/fusion-c3-long-tights-femme\/","title":{"rendered":"Cal\u00e7as compridas Fusion C3 para mulher"},"content":{"rendered":"<p><!--themify_builder_static--><\/p>\n<h1 style=\"text-align: center\">Descri\u00e7\u00e3o \u2699<\/h1>\n<p style=\"text-align: left\">Collants cl\u00e1ssicos e vers\u00e1teis para utiliza\u00e7\u00e3o entre 0\u00b0C e 20\u00b0C. Um parceiro de treino robusto nos dias mais frios, especialmente na primavera e no outono. Tamb\u00e9m \u00e9 frequentemente utilizado para relaxar no interior.<\/p>\n<p style=\"text-align: left\">Um design intemporal totalmente testado, que foi submetido a 15 anos de desenvolvimento e utiliza\u00e7\u00e3o intensiva, \u00e9 a sua garantia de que os seus collants durar\u00e3o anos no treino, na competi\u00e7\u00e3o e na m\u00e1quina.<\/p>\n<p style=\"text-align: left\">Agradavelmente confort\u00e1vel: o nosso material especial C3 absorve a humidade de forma r\u00e1pida e eficaz, pelo que nunca sentir\u00e1 frio ou humidade durante ou ap\u00f3s a atividade.<\/p>\n<p style=\"text-align: left\">Ajuste ideal: Os seus collants mant\u00eam-se no lugar durante a sua atividade, porque utilizamos uma malha circular e uma elevada percentagem de elastano powerfit, tornando sup\u00e9rfluos os irritantes fechos de correr.<\/p>\n<p style=\"text-align: left\">Inclui uma banda el\u00e1stica larga na anca com um cord\u00e3o ajust\u00e1vel e bolsos FUSION funcionais que mant\u00eam o conte\u00fado junto ao corpo sem perturbar o movimento natural. Os reflexos 3M discretos mas eficazes na parte inferior das pernas garantem uma visibilidade de 360 graus no escuro.<\/p>\n<p><img fetchpriority=\"high\" decoding=\"async\" src=\"https:\/\/infinitri.be\/wp-content\/uploads\/2023\/02\/C3-long-tights_0034_black_3back_V3_low-3226775_750x-545x545.webp\" width=\"545\" height=\"545\" title=\"C3-long-tights_0034_black_3back_V3_low-3226775_750x\" alt=\"C3-long-tights_0034_black_3back_V3_low-3226775_750x\" \/><\/p>\n<h1>Especifica\u00e7\u00f5es t\u00e9cnicas<\/h1>\n<ul>\n<li>Tecido Compressor3 exclusivo de absor\u00e7\u00e3o ativa, fabricado em It\u00e1lia<\/li>\n<li>Bolsos de gel no exterior das coxas para g\u00e9is (at\u00e9 3 por bolso) \/ chaves \/ telem\u00f3vel<\/li>\n<li>C\u00f3s profundo para m\u00e1ximo conforto<\/li>\n<li>Bolso traseiro discreto para chaves ou alimentos extra<\/li>\n<li>Faixas reflectoras na parte inferior das pernas (\u00e0 frente e atr\u00e1s) para uma melhor visibilidade.<\/li>\n<li>Faixa el\u00e1stica com cord\u00e3o para um ajuste personalizado.<\/li>\n<li>Fabricado na Europa na f\u00e1brica FUSION.<\/li>\n<li>Produto certificado STANDARD 100 pela OEKO-TEX\u00ae. Isso significa que todos os componentes, tais como tecidos, fios, transfer\u00eancias, fechos, el\u00e1sticos, etiquetas, etc., s\u00e3o testados e aprovados de acordo com a norma e, portanto, n\u00e3o cont\u00eam subst\u00e2ncias nocivas.<\/li>\n<\/ul>\n<p>    <em style=\"color:#000000\"><\/em> <\/p>\n<p>PROTEC\u00c7\u00c3O CONTRA O VENTO \u2605\u2605\u2605\u2605<\/p>\n<p>    <em style=\"color:#000000\"><\/em> <\/p>\n<p>PROTEC\u00c7\u00c3O CONTRA A CHUVA \u2605\u2605\u2605\u2605<\/p>\n<p>    <em style=\"color:#000000\"><\/em> <\/p>\n<p style=\"text-align: center\">LUZ \u2605\u2605\u2605\u2605<\/p>\n<p>    <em style=\"color:#000000\"><\/em> <\/p>\n<p>CORTE AJUSTADO \u2605\u2605\u2605\u2605<\/p>\n<p>    <em style=\"color:#000000\"><\/em> <\/p>\n<p>N\u00cdVEL DE COMPRESS\u00c3O \u2605\u2605\u2605\u2605<\/p>\n<h1 style=\"text-align: center\">Material \ud83d\udc56<\/h1>\n<p>Malha circular. Poliamida 77%, elastano 23%.<\/p>\n<p>O material FUSION C3, \u00fanico e duradouro, garante um ajuste perfeito do produto gra\u00e7as \u00e0 sua constru\u00e7\u00e3o em malha circular e ao teor excecionalmente elevado de powerfit-elastano.<\/p>\n<p>O tecido FUSION C3 proporciona um verdadeiro transporte ativo da transpira\u00e7\u00e3o, afastando o suor da superf\u00edcie da pele e transportando-o para a superf\u00edcie exterior do tecido, onde se dissipa numa \u00e1rea maior e se evapora rapidamente.<\/p>\n<p>A sua pele mant\u00e9m-se confort\u00e1vel - e sente que est\u00e1 a transpirar menos. Tudo gra\u00e7as a um efeito mec\u00e2nico de absor\u00e7\u00e3o que se mant\u00e9m inalterado durante toda a vida \u00fatil do produto.<\/p>\n<p>N\u00e3o temos medo de ir mais longe no processo de desenvolvimento de tecidos.<\/p>\n<p><img decoding=\"async\" src=\"https:\/\/infinitri.be\/wp-content\/uploads\/2023\/02\/C3-Long-tights_0034_Black_8back_v3_low-3200077_750x-545x545.webp\" width=\"545\" height=\"545\" title=\"C3-Long-tights_0034_Black_8back_v3_low-3200077_750x\" alt=\"C3-Long-tights_0034_Black_8back_v3_low-3200077_750x\" \/><br \/>\n<img decoding=\"async\" src=\"https:\/\/infinitri.be\/wp-content\/uploads\/2023\/02\/0034_lifestyle_1-2532477-1024x683-545x545.webp\" width=\"545\" height=\"545\" title=\"0034_lifestyle_1-2532477\" alt=\"0034_lifestyle_1-2532477\" \/><\/p>\n<h1 style=\"text-align: center\">Dicas de manuten\u00e7\u00e3o \ud83d\udca1<\/h1>\n<p>Lave-o antes de usar pela primeira vez. Se adicionar um pouco de vinagre na primeira lavagem, a cor permanecer\u00e1 mais clara e durar\u00e1 mais tempo.<\/p>\n<p>Lave a sua roupa desportiva a uma temperatura m\u00e1xima de 40 \u00b0C. N\u00e3o utilize detergente nem alvejante.<\/p>\n<p>A utiliza\u00e7\u00e3o de detergente limitar\u00e1 o transporte da humidade do produto.<\/p>\n<p>Seque a sua roupa desportiva FUSION ao ar livre. N\u00e3o a coloque na m\u00e1quina de secar roupa.<\/p>\n<p>Tenha cuidado com objetos pontiagudos, bordas e tiras de velcro de mochilas, cintos e outros itens que possam esfregar contra o tecido e as costuras da sua roupa. Isso pode rasgar o tecido e as costuras da sua roupa desportiva FUSION.<\/p>\n<h1 style=\"text-align: center\">Qual \u00e9 o meu tamanho?\u00a0<\/h1>\n<p><img decoding=\"async\" src=\"https:\/\/infinitri.be\/wp-content\/uploads\/2023\/02\/c3-long-tights-unisexe-size.png\" title=\"c3-cal\u00e7as compridas-tamanho unisexo\" alt=\"c3-long-tights-unisexe-size\" \/><br \/>\n<img loading=\"lazy\" decoding=\"async\" src=\"https:\/\/infinitri.be\/wp-content\/uploads\/2023\/01\/fusion-logo-expanded.svg\" width=\"545\" height=\"545\" title=\"fus\u00e3o-logotipo-expandido\" alt=\"fusion-logo-expanded\"><!--\/themify_builder_static--><\/p>","protected":false},"excerpt":{"rendered":"<p>Collants cl\u00e1ssicos e vers\u00e1teis para utiliza\u00e7\u00e3o entre 0\u00b0C e 20\u00b0C. Um parceiro de treino robusto nos dias mais frios, especialmente na primavera e no outono. Tamb\u00e9m \u00e9 frequentemente utilizado para relaxar no interior.<\/p>","protected":false},"featured_media":119,"comment_status":"open","ping_status":"closed","template":"","meta":[],"product_brand":[331],"product_cat":[17,16,18],"product_tag":[],"class_list":{"0":"post-28280","1":"product","2":"type-product","3":"status-publish","4":"has-post-thumbnail","6":"product_brand-fusion","7":"product_cat-bas","8":"product_cat-course","9":"product_cat-shorts-collants","10":"zank_product_brands-fusion","11":"nt-post-class","12":"","18":"first","19":"instock","20":"taxable","21":"shipping-taxable","22":"purchasable","23":"product-type-variable"},"_links":{"self":[{"href":"https:\/\/www.infinitri.be\/pt\/wp-json\/wp\/v2\/product\/28280","targetHints":{"allow":["GET"]}}],"collection":[{"href":"https:\/\/www.infinitri.be\/pt\/wp-json\/wp\/v2\/product"}],"about":[{"href":"https:\/\/www.infinitri.be\/pt\/wp-json\/wp\/v2\/types\/product"}],"replies":[{"embeddable":true,"href":"https:\/\/www.infinitri.be\/pt\/wp-json\/wp\/v2\/comments?post=28280"}],"wp:featuredmedia":[{"embeddable":true,"href":"https:\/\/www.infinitri.be\/pt\/wp-json\/wp\/v2\/media\/119"}],"wp:attachment":[{"href":"https:\/\/www.infinitri.be\/pt\/wp-json\/wp\/v2\/media?parent=28280"}],"wp:term":[{"taxonomy":"product_brand","embeddable":true,"href":"https:\/\/www.infinitri.be\/pt\/wp-json\/wp\/v2\/product_brand?post=28280"},{"taxonomy":"product_cat","embeddable":true,"href":"https:\/\/www.infinitri.be\/pt\/wp-json\/wp\/v2\/product_cat?post=28280"},{"taxonomy":"product_tag","embeddable":true,"href":"https:\/\/www.infinitri.be\/pt\/wp-json\/wp\/v2\/product_tag?post=28280"}],"curies":[{"name":"wp","href":"https:\/\/api.w.org\/{rel}","templated":true}]}}