{"id":28305,"date":"2025-12-25T16:45:00","date_gmt":"2025-12-25T16:45:00","guid":{"rendered":"https:\/\/www.infinitri.be\/?post_type=product&#038;p=28305"},"modified":"2026-04-04T17:34:18","modified_gmt":"2026-04-04T16:34:18","slug":"fusion-c3-zip-neck-homme","status":"publish","type":"product","link":"https:\/\/www.infinitri.be\/pt\/produto\/fusion-c3-zip-neck-homme\/","title":{"rendered":"Fusion C3 Zip Neck Homem"},"content":{"rendered":"<p><!--themify_builder_static--><\/p>\n<h1 style=\"text-align: center\">Descri\u00e7\u00e3o \u2699<\/h1>\n<p style=\"text-align: left\">Notre mat\u00e9riau sp\u00e9cial C3 rend le MEN&#8217;S C3 ZIP NECK doux et confortable et permet une \u00e9vacuation rapide et efficace de l&#8217;humidit\u00e9, afin que vous n&#8217;ayez jamais froid et ne soyez pas humide pendant ou apr\u00e8s l&#8217;activit\u00e9<\/p>\n<p style=\"text-align: left\">La coupe est moyennement serr\u00e9e.<\/p>\n<p><img fetchpriority=\"high\" decoding=\"async\" src=\"https:\/\/infinitri.be\/wp-content\/uploads\/2023\/02\/Mens-C3-zip-neck_0166_Grey_4f_v1-4624453_750x-545x545.webp\" width=\"545\" height=\"545\" title=\"Mens-C3-zip-neck_0166_Grey_4f_v1-4624453_750x\" alt=\"Mens-C3-zip-neck_0166_Grey_4f_v1-4624453_750x\" \/><\/p>\n<h1>Especifica\u00e7\u00f5es t\u00e9cnicas<\/h1>\n<ul>\n<li>Excellentes propri\u00e9t\u00e9s d&#8217;\u00e9vacuation de l&#8217;humidit\u00e9. L&#8217;humidit\u00e9 est transport\u00e9e de la peau vers l&#8217;ext\u00e9rieur, o\u00f9 elle se disperse sur une plus grande surface et s&#8217;\u00e9vapore rapidement.<\/li>\n<li>Fermeture \u00e9clair YKK courte<\/li>\n<li>Coutures flatlock souples<\/li>\n<li>Bandes r\u00e9fl\u00e9chissantes dans le dos pour une meilleure visibilit\u00e9<\/li>\n<li>Tecido produzido em It\u00e1lia<\/li>\n<li>Fabricado na Europa na FUSION.FACTORY<\/li>\n<li>Produto certificado STANDARD 100 pela OEKO-TEX\u00ae. Isso significa que todos os componentes, tais como tecidos, fios, transfer\u00eancias, fechos, el\u00e1sticos, etiquetas, etc., s\u00e3o testados e aprovados de acordo com a norma e, portanto, n\u00e3o cont\u00eam subst\u00e2ncias nocivas.<\/li>\n<\/ul>\n<p>    <em style=\"color:#000000\"><\/em>PROTEC\u00c7\u00c3O CONTRA O VENTO \u2605\u2605\u2605\u2605<\/p>\n<p>    <em style=\"color:#000000\"><\/em>PROTEC\u00c7\u00c3O CONTRA A CHUVA \u2605\u2605\u2605\u2605<\/p>\n<p>    <em style=\"color:#000000\"><\/em><\/p>\n<p style=\"text-align: center\">LUZ \u2605\u2605\u2605\u2605<\/p>\n<p>    <em style=\"color:#000000\"><\/em>CORTE AJUSTADO \u2605\u2605\u2605\u2605<\/p>\n<p>    <em style=\"color:#000000\"><\/em>NIVEAU DE COMPRESSION \u2605\u2605\u2605<\/p>\n<h1 style=\"text-align: center\">Material \ud83d\udc56<\/h1>\n<p style=\"text-align: left\">Tricot circulaire. 92% polyester 8% \u00e9lasthanne<\/p>\n<p style=\"text-align: left\">Utilisation de 5\u00b0C \u00e0 10\u00b0C<\/p>\n<p><img decoding=\"async\" src=\"https:\/\/infinitri.be\/wp-content\/uploads\/2023\/02\/Mens-C3-zip-neck_0166_Grey_5b_v1-4624451_750x-545x545.webp\" width=\"545\" height=\"545\" title=\"Mens-C3-zip-neck_0166_Grey_5b_v1-4624451_750x\" alt=\"Mens-C3-zip-neck_0166_Grey_5b_v1-4624451_750x\" \/><br \/>\n<img decoding=\"async\" src=\"https:\/\/infinitri.be\/wp-content\/uploads\/2023\/02\/Mens-C3-zip-neck_0166_Grey_7d_v1-4927174_750x-545x545.jpg\" width=\"545\" height=\"545\" title=\"Mens-C3-zip-neck_0166_Grey_7d_v1-4927174_750x\" alt=\"Mens-C3-zip-neck_0166_Grey_7d_v1-4927174_750x\" \/><\/p>\n<h1 style=\"text-align: center\">Dicas de manuten\u00e7\u00e3o \ud83d\udca1<\/h1>\n<p>Lave-o antes de usar pela primeira vez. Se adicionar um pouco de vinagre na primeira lavagem, a cor permanecer\u00e1 mais clara e durar\u00e1 mais tempo.<\/p>\n<p>Lave a sua roupa desportiva a uma temperatura m\u00e1xima de 40 \u00b0C. N\u00e3o utilize detergente nem alvejante.<\/p>\n<p>A utiliza\u00e7\u00e3o de detergente limitar\u00e1 o transporte da humidade do produto.<\/p>\n<p>Seque a sua roupa desportiva FUSION ao ar livre. N\u00e3o a coloque na m\u00e1quina de secar roupa.<\/p>\n<p>Tenha cuidado com objetos pontiagudos, bordas e tiras de velcro de mochilas, cintos e outros itens que possam esfregar contra o tecido e as costuras da sua roupa. Isso pode rasgar o tecido e as costuras da sua roupa desportiva FUSION.<\/p>\n<h1 style=\"text-align: center\">Qual \u00e9 o meu tamanho?<\/h1>\n<p><img decoding=\"async\" src=\"https:\/\/infinitri.be\/wp-content\/uploads\/2023\/02\/c3-men-zip-neck-size.png\" title=\"c3-men-zip-neck-size\" alt=\"c3-men-zip-neck-size\" \/><br \/>\n<img loading=\"lazy\" decoding=\"async\" src=\"https:\/\/infinitri.be\/wp-content\/uploads\/2023\/01\/fusion-logo-expanded.svg\" width=\"545\" height=\"545\" title=\"fus\u00e3o-logotipo-expandido\" alt=\"fusion-logo-expanded\"><!--\/themify_builder_static--><\/p>","protected":false},"excerpt":{"rendered":"<p>Une chemise \u00e0 manches longues avec fermeture \u00e9clair et col semi-haut pour l&#8217;entra\u00eenement, les activit\u00e9s de plein air et la d\u00e9tente.<\/p>","protected":false},"featured_media":165,"comment_status":"open","ping_status":"closed","template":"","meta":[],"product_brand":[331],"product_cat":[16,28,29],"product_tag":[],"class_list":{"0":"post-28305","1":"product","2":"type-product","3":"status-publish","4":"has-post-thumbnail","6":"product_brand-fusion","7":"product_cat-course","8":"product_cat-tops-pulls","9":"product_cat-vestes-et-t-shirts","10":"zank_product_brands-fusion","11":"nt-post-class","12":"","18":"first","19":"instock","20":"taxable","21":"shipping-taxable","22":"purchasable","23":"product-type-variable"},"_links":{"self":[{"href":"https:\/\/www.infinitri.be\/pt\/wp-json\/wp\/v2\/product\/28305","targetHints":{"allow":["GET"]}}],"collection":[{"href":"https:\/\/www.infinitri.be\/pt\/wp-json\/wp\/v2\/product"}],"about":[{"href":"https:\/\/www.infinitri.be\/pt\/wp-json\/wp\/v2\/types\/product"}],"replies":[{"embeddable":true,"href":"https:\/\/www.infinitri.be\/pt\/wp-json\/wp\/v2\/comments?post=28305"}],"wp:featuredmedia":[{"embeddable":true,"href":"https:\/\/www.infinitri.be\/pt\/wp-json\/wp\/v2\/media\/165"}],"wp:attachment":[{"href":"https:\/\/www.infinitri.be\/pt\/wp-json\/wp\/v2\/media?parent=28305"}],"wp:term":[{"taxonomy":"product_brand","embeddable":true,"href":"https:\/\/www.infinitri.be\/pt\/wp-json\/wp\/v2\/product_brand?post=28305"},{"taxonomy":"product_cat","embeddable":true,"href":"https:\/\/www.infinitri.be\/pt\/wp-json\/wp\/v2\/product_cat?post=28305"},{"taxonomy":"product_tag","embeddable":true,"href":"https:\/\/www.infinitri.be\/pt\/wp-json\/wp\/v2\/product_tag?post=28305"}],"curies":[{"name":"wp","href":"https:\/\/api.w.org\/{rel}","templated":true}]}}