{"id":28323,"date":"2025-12-25T16:45:03","date_gmt":"2025-12-25T16:45:03","guid":{"rendered":"https:\/\/www.infinitri.be\/?post_type=product&#038;p=28323"},"modified":"2026-04-04T17:34:10","modified_gmt":"2026-04-04T16:34:10","slug":"fusion-c3-midlayer-femme","status":"publish","type":"product","link":"https:\/\/www.infinitri.be\/pt\/produto\/fusion-c3-midlayer-femme\/","title":{"rendered":"Fusion C3 Midlayer Feminino"},"content":{"rendered":"<p><!--themify_builder_static--><\/p>\n<h1 style=\"text-align: center\">Descri\u00e7\u00e3o \u2699<\/h1>\n<p style=\"text-align: left\">Le Women`s C3 Midlayer est fabriqu\u00e9 avec notre tissu technique C3 qui \u00e9vacue activement la transpiration, de sorte que la sueur est efficacement transport\u00e9e vers l&#8217;ext\u00e9rieur du tissu, o\u00f9 elle dispara\u00eet rapidement. Par cons\u00e9quent, vous n&#8217;aurez jamais froid ni ne serez humide, que ce soit pendant ou apr\u00e8s l&#8217;activit\u00e9.<\/p>\n<p style=\"text-align: left\">Le Women`s C3 Midlayer est tricot\u00e9 de mani\u00e8re circulaire avec de l&#8217;\u00e9lasthanne powerfit, de sorte que votre maillot offre un ajustement optimal et confortable.<\/p>\n<p style=\"text-align: left\">Un assortiment parfait pour vos collants C3 et votre gilet S1 ou votre veste S1. La coupe est serr\u00e9e.<\/p>\n<p><img fetchpriority=\"high\" decoding=\"async\" src=\"https:\/\/infinitri.be\/wp-content\/uploads\/2023\/01\/C3-short-tights_0024_Black_4back_v3-4258690_2000x-768x1024-545x545.webp\" width=\"545\" height=\"545\" title=\"C3-short-tights_0024_Black_4back_v3-4258690_2000x\" alt=\"C3-short-tights_0024_Black_4back_v3-4258690_2000x\" \/><\/p>\n<h1>Especifica\u00e7\u00f5es t\u00e9cnicas<\/h1>\n<ul>\n<li>Excellentes propri\u00e9t\u00e9s d&#8217;\u00e9vacuation de l&#8217;humidit\u00e9. L&#8217;humidit\u00e9 est transport\u00e9e de la peau vers l&#8217;ext\u00e9rieur, o\u00f9 elle se disperse sur une plus grande surface et s&#8217;\u00e9vapore rapidement.<\/li>\n<li>Coutures flatlock souples<\/li>\n<li>Bandes r\u00e9fl\u00e9chissantes dans le dos pour une meilleure visibilit\u00e9.<\/li>\n<li>Fabricado na Europa na f\u00e1brica FUSION.<\/li>\n<li>Produto certificado STANDARD 100 pela OEKO-TEX\u00ae. Isso significa que todos os componentes, tais como tecidos, fios, transfer\u00eancias, fechos, el\u00e1sticos, etiquetas, etc., s\u00e3o testados e aprovados de acordo com a norma e, portanto, n\u00e3o cont\u00eam subst\u00e2ncias nocivas.<\/li>\n<\/ul>\n<p>    <em style=\"color:#000000\"><\/em>PROTECTION CONTRE LE VENT \u2605\u2605<\/p>\n<p>    <em style=\"color:#000000\"><\/em>PROTECTION CONTRE LA PLUIE \u2605\u2605<\/p>\n<p>    <em style=\"color:#000000\"><\/em><\/p>\n<p style=\"text-align: center\">LUZ \u2605\u2605\u2605\u2605<\/p>\n<p>    <em style=\"color:#000000\"><\/em>CORTE AJUSTADO \u2605\u2605\u2605\u2605<\/p>\n<p>    <em style=\"color:#000000\"><\/em>NIVEAU DE COMPRESSION \u2605\u2605\u2605<\/p>\n<h1 style=\"text-align: center\">Material \ud83d\udc56<\/h1>\n<p style=\"text-align: left\">Tricot circulaire. 80% polyamide, 20% \u00e9lasthanne<\/p>\n<p style=\"text-align: left\">Utilisation de 0\u00b0C \u00e0 10\u00b0C<\/p>\n<p><img decoding=\"async\" src=\"https:\/\/infinitri.be\/wp-content\/uploads\/2023\/02\/Womans-c3-sweatshirt_0114_Grey_3d_v1-4925767_750x-545x545.jpg\" width=\"545\" height=\"545\" title=\"Womans-c3-sweatshirt_0114_Grey_3d_v1-4925767_750x\" alt=\"Womans-c3-sweatshirt_0114_Grey_3d_v1-4925767_750x\" \/><br \/>\n<img decoding=\"async\" src=\"https:\/\/infinitri.be\/wp-content\/uploads\/2023\/02\/Womans-c3-sweatshirt_0114_Grey_4b_v3-4925765_750x-545x545.webp\" width=\"545\" height=\"545\" title=\"Womans-c3-sweatshirt_0114_Grey_4b_v3-4925765_750x\" alt=\"Womans-c3-sweatshirt_0114_Grey_4b_v3-4925765_750x\" \/><\/p>\n<h1 style=\"text-align: center\">Dicas de manuten\u00e7\u00e3o \ud83d\udca1<\/h1>\n<p>Lave-o antes de usar pela primeira vez. Se adicionar um pouco de vinagre na primeira lavagem, a cor permanecer\u00e1 mais clara e durar\u00e1 mais tempo.<\/p>\n<p>Lave a sua roupa desportiva a uma temperatura m\u00e1xima de 40 \u00b0C. N\u00e3o utilize detergente nem alvejante.<\/p>\n<p>A utiliza\u00e7\u00e3o de detergente limitar\u00e1 o transporte da humidade do produto.<\/p>\n<p>Seque a sua roupa desportiva FUSION ao ar livre. N\u00e3o a coloque na m\u00e1quina de secar roupa.<\/p>\n<p>Tenha cuidado com objetos pontiagudos, bordas e tiras de velcro de mochilas, cintos e outros itens que possam esfregar contra o tecido e as costuras da sua roupa. Isso pode rasgar o tecido e as costuras da sua roupa desportiva FUSION.<\/p>\n<h1 style=\"text-align: center\">Qual \u00e9 o meu tamanho?<\/h1>\n<p><img decoding=\"async\" src=\"https:\/\/infinitri.be\/wp-content\/uploads\/2023\/02\/C3-midlayer-femme-size.png\" title=\"C3-midlayer-femme-size\" alt=\"C3-midlayer-femme-size\" \/><br \/>\n<img loading=\"lazy\" decoding=\"async\" src=\"https:\/\/infinitri.be\/wp-content\/uploads\/2023\/01\/fusion-logo-expanded.svg\" width=\"545\" height=\"545\" title=\"fus\u00e3o-logotipo-expandido\" alt=\"fusion-logo-expanded\"><!--\/themify_builder_static--><\/p>","protected":false},"excerpt":{"rendered":"<p>Un maillot d&#8217;entra\u00eenement \u00e0 manches longues polyvalent, ultra-confortable et dot\u00e9 de nombreuses caract\u00e9ristiques.<br \/>\nUn maillot d&#8217;entra\u00eenement \u00e0 manches longues polyvalent pour la plupart des entra\u00eenements. Convient \u00e0 la fois comme premi\u00e8re et deuxi\u00e8me couche.<\/p>","protected":false},"featured_media":210,"comment_status":"open","ping_status":"closed","template":"","meta":[],"product_brand":[331],"product_cat":[16,29],"product_tag":[],"class_list":{"0":"post-28323","1":"product","2":"type-product","3":"status-publish","4":"has-post-thumbnail","6":"product_brand-fusion","7":"product_cat-course","8":"product_cat-vestes-et-t-shirts","9":"zank_product_brands-fusion","10":"nt-post-class","11":"","17":"first","18":"instock","19":"taxable","20":"shipping-taxable","21":"purchasable","22":"product-type-variable"},"_links":{"self":[{"href":"https:\/\/www.infinitri.be\/pt\/wp-json\/wp\/v2\/product\/28323","targetHints":{"allow":["GET"]}}],"collection":[{"href":"https:\/\/www.infinitri.be\/pt\/wp-json\/wp\/v2\/product"}],"about":[{"href":"https:\/\/www.infinitri.be\/pt\/wp-json\/wp\/v2\/types\/product"}],"replies":[{"embeddable":true,"href":"https:\/\/www.infinitri.be\/pt\/wp-json\/wp\/v2\/comments?post=28323"}],"wp:featuredmedia":[{"embeddable":true,"href":"https:\/\/www.infinitri.be\/pt\/wp-json\/wp\/v2\/media\/210"}],"wp:attachment":[{"href":"https:\/\/www.infinitri.be\/pt\/wp-json\/wp\/v2\/media?parent=28323"}],"wp:term":[{"taxonomy":"product_brand","embeddable":true,"href":"https:\/\/www.infinitri.be\/pt\/wp-json\/wp\/v2\/product_brand?post=28323"},{"taxonomy":"product_cat","embeddable":true,"href":"https:\/\/www.infinitri.be\/pt\/wp-json\/wp\/v2\/product_cat?post=28323"},{"taxonomy":"product_tag","embeddable":true,"href":"https:\/\/www.infinitri.be\/pt\/wp-json\/wp\/v2\/product_tag?post=28323"}],"curies":[{"name":"wp","href":"https:\/\/api.w.org\/{rel}","templated":true}]}}