{"id":28329,"date":"2025-12-25T16:45:04","date_gmt":"2025-12-25T16:45:04","guid":{"rendered":"https:\/\/www.infinitri.be\/?post_type=product&#038;p=28329"},"modified":"2026-04-04T17:34:10","modified_gmt":"2026-04-04T16:34:10","slug":"fusion-s2-run-jacket-homme","status":"publish","type":"product","link":"https:\/\/www.infinitri.be\/pt\/produto\/fusion-s2-run-jacket-homme\/","title":{"rendered":"Casaco Fusion S2 Run para homem"},"content":{"rendered":"<p><!--themify_builder_static--><\/p>\n<h1 style=\"text-align: center\">Descri\u00e7\u00e3o \u2699<\/h1>\n<p style=\"text-align: left\">O casaco S2 RUN JACKET para homem tem um laminado protetor, super-el\u00e1stico e respir\u00e1vel de 3 camadas na frente, nas mangas e nos ombros, e o nosso tecido especial C3 na gola e nas costas garante uma absor\u00e7\u00e3o r\u00e1pida e eficaz da transpira\u00e7\u00e3o para o ajudar a manter-se seco e confort\u00e1vel, para que nunca fique com frio ou molhado durante ou ap\u00f3s a atividade.<\/p>\n<p style=\"text-align: left\">Este casaco justo tem um bolso frontal com fecho de correr e um el\u00e1stico nas costas que se adapta ao conte\u00fado do bolso, como o telem\u00f3vel e os cart\u00f5es de cr\u00e9dito, bem como um bolso traseiro aberto para luvas, gorro ou fita para a cabe\u00e7a.<\/p>\n<p style=\"text-align: left\">Os reflexos 3M discretos mas eficazes nas costas e nos ombros asseguram uma visibilidade ao mais pequeno grau no escuro.<\/p>\n<p style=\"text-align: left\">Recomendado para a corrida. Ideal tamb\u00e9m antes e depois do treino. Forma: corte justo.<\/p>\n<p><img fetchpriority=\"high\" decoding=\"async\" src=\"https:\/\/infinitri.be\/wp-content\/uploads\/2023\/02\/Mens-S2-Run-jacket_0221_Orange_5f_V1-4717000_750x-545x545.webp\" width=\"545\" height=\"545\" title=\"Mens-S2-Run-jacket_0221_Orange_5f_V1-4717000_750x\" alt=\"Mens-S2-Run-jacket_0221_Orange_5f_V1-4717000_750x\" \/><\/p>\n<h1>Especifica\u00e7\u00f5es t\u00e9cnicas<\/h1>\n<ul>\n<li>Tecido que repele o vento e a \u00e1gua, fabricado no Reino Unido.<\/li>\n<li>Utilizar com qualquer produto Fusion de manga comprida para uma prote\u00e7\u00e3o extra em caso de mau tempo.<\/li>\n<li>Detalhes reflectores na frente e atr\u00e1s dos ombros e na parte inferior das costas<\/li>\n<li>Bolso no peito para telem\u00f3vel e chaves<\/li>\n<li>Forro da gola macio e respir\u00e1vel para maior conforto.<\/li>\n<li>Fabricado na Europa na f\u00e1brica FUSION.<\/li>\n<li>Produto certificado STANDARD 100 pela OEKO-TEX\u00ae. Isto significa que todos os componentes, tais como tecidos, linhas, transfers, fechos, el\u00e1sticos, etiquetas, etc., s\u00e3o testados e aprovados em conformidade com a norma e, por conseguinte, n\u00e3o cont\u00eam subst\u00e2ncias nocivas.<\/li>\n<\/ul>\n<p>    <em style=\"color:#000000\"><\/em>PROTEC\u00c7\u00c3O CONTRA O VENTO \u2605\u2605\u2605\u2605<\/p>\n<p>    <em style=\"color:#000000\"><\/em>PROTEC\u00c7\u00c3O CONTRA A CHUVA \u2605\u2605\u2605\u2605<\/p>\n<p>    <em style=\"color:#000000\"><\/em><\/p>\n<p style=\"text-align: center\">LEVEZA \u2605\u2605\u2605\u2605<\/p>\n<p>    <em style=\"color:#000000\"><\/em>SLIM FIT \u2605\u2605\u2605\u2605<\/p>\n<p>    <em style=\"color:#000000\"><\/em>N\u00cdVEL DE COMPRESS\u00c3O \u2605<\/p>\n<h1 style=\"text-align: center\">Material \ud83d\udc56<\/h1>\n<p style=\"text-align: left\">Frente: poli\u00e9ster 81%, elastano 19%. Membrana: 100% poli\u00e9ster<\/p>\n<p style=\"text-align: left\">Costas: 77 % poliamida, 23 % elastano.<\/p>\n<p style=\"text-align: left\">Utiliza\u00e7\u00e3o de 5\u00b0C a 5\u00b0C<\/p>\n<p><img decoding=\"async\" src=\"https:\/\/infinitri.be\/wp-content\/uploads\/2023\/02\/Mens-S2-Run-jacket_0221_black_7front_low-3271691_900x-768x1024-545x545.webp\" width=\"545\" height=\"545\" title=\"Mens-S2-Run-jacket_0221_black_7front_low-3271691_900x\" alt=\"Mens-S2-Run-jacket_0221_black_7front_low-3271691_900x\" \/><br \/>\n<img decoding=\"async\" src=\"https:\/\/infinitri.be\/wp-content\/uploads\/2023\/02\/Mens-S2-Run-jacket_0221_Orange_4front_v2_low-3272194_750x-545x545.webp\" width=\"545\" height=\"545\" title=\"Mens-S2-Run-jacket_0221_Orange_4front_v2_low-3272194_750x\" alt=\"Mens-S2-Run-jacket_0221_Orange_4front_v2_low-3272194_750x\" \/><\/p>\n<h1 style=\"text-align: center\">Dicas de manuten\u00e7\u00e3o \ud83d\udca1<\/h1>\n<p>Lave-o antes de usar pela primeira vez. Se adicionar um pouco de vinagre na primeira lavagem, a cor permanecer\u00e1 mais clara e durar\u00e1 mais tempo.<\/p>\n<p>Lave a sua roupa desportiva a uma temperatura m\u00e1xima de 40 \u00b0C. N\u00e3o utilize detergente nem alvejante.<\/p>\n<p>A utiliza\u00e7\u00e3o de detergente limitar\u00e1 o transporte da humidade do produto.<\/p>\n<p>Seque a sua roupa desportiva FUSION ao ar livre. N\u00e3o a coloque na m\u00e1quina de secar roupa.<\/p>\n<p>Tenha cuidado com objetos pontiagudos, bordas e tiras de velcro de mochilas, cintos e outros itens que possam esfregar contra o tecido e as costuras da sua roupa. Isso pode rasgar o tecido e as costuras da sua roupa desportiva FUSION.<\/p>\n<h1 style=\"text-align: center\">Qual \u00e9 o meu tamanho?<\/h1>\n<p><img decoding=\"async\" src=\"https:\/\/infinitri.be\/wp-content\/uploads\/2023\/02\/s2-run-jacket-homme-size.png\" title=\"s2-run-jacket-man-size\" alt=\"s2-run-jacket-homme-size\" \/><br \/>\n<img loading=\"lazy\" decoding=\"async\" src=\"https:\/\/infinitri.be\/wp-content\/uploads\/2023\/01\/fusion-logo-expanded.svg\" width=\"545\" height=\"545\" title=\"fus\u00e3o-logotipo-expandido\" alt=\"fusion-logo-expanded\"><!--\/themify_builder_static--><\/p>","protected":false},"excerpt":{"rendered":"<p>O melhor casaco de corrida para os meses frios.<br \/>\nO melhor casaco de corrida que protege contra o vento e a precipita\u00e7\u00e3o durante os meses frios.<\/p>","protected":false},"featured_media":215,"comment_status":"open","ping_status":"closed","template":"","meta":[],"product_brand":[331],"product_cat":[16,29],"product_tag":[],"class_list":{"0":"post-28329","1":"product","2":"type-product","3":"status-publish","4":"has-post-thumbnail","6":"product_brand-fusion","7":"product_cat-course","8":"product_cat-vestes-et-t-shirts","9":"zank_product_brands-fusion","10":"nt-post-class","11":"","17":"first","18":"instock","19":"taxable","20":"shipping-taxable","21":"purchasable","22":"product-type-variable"},"_links":{"self":[{"href":"https:\/\/www.infinitri.be\/pt\/wp-json\/wp\/v2\/product\/28329","targetHints":{"allow":["GET"]}}],"collection":[{"href":"https:\/\/www.infinitri.be\/pt\/wp-json\/wp\/v2\/product"}],"about":[{"href":"https:\/\/www.infinitri.be\/pt\/wp-json\/wp\/v2\/types\/product"}],"replies":[{"embeddable":true,"href":"https:\/\/www.infinitri.be\/pt\/wp-json\/wp\/v2\/comments?post=28329"}],"wp:featuredmedia":[{"embeddable":true,"href":"https:\/\/www.infinitri.be\/pt\/wp-json\/wp\/v2\/media\/215"}],"wp:attachment":[{"href":"https:\/\/www.infinitri.be\/pt\/wp-json\/wp\/v2\/media?parent=28329"}],"wp:term":[{"taxonomy":"product_brand","embeddable":true,"href":"https:\/\/www.infinitri.be\/pt\/wp-json\/wp\/v2\/product_brand?post=28329"},{"taxonomy":"product_cat","embeddable":true,"href":"https:\/\/www.infinitri.be\/pt\/wp-json\/wp\/v2\/product_cat?post=28329"},{"taxonomy":"product_tag","embeddable":true,"href":"https:\/\/www.infinitri.be\/pt\/wp-json\/wp\/v2\/product_tag?post=28329"}],"curies":[{"name":"wp","href":"https:\/\/api.w.org\/{rel}","templated":true}]}}