{"id":28362,"date":"2025-12-25T16:45:07","date_gmt":"2025-12-25T16:45:07","guid":{"rendered":"https:\/\/www.infinitri.be\/?post_type=product&#038;p=28362"},"modified":"2026-04-04T17:34:10","modified_gmt":"2026-04-04T16:34:10","slug":"fusion-recharge-hoodie-homme","status":"publish","type":"product","link":"https:\/\/www.infinitri.be\/pt\/produto\/fusion-recharge-hoodie-homme\/","title":{"rendered":"Moletom com capuz Fusion Recharge para homem"},"content":{"rendered":"<p><!--themify_builder_static--><\/p>\n<h1 style=\"text-align: center\">Descri\u00e7\u00e3o \u2699<\/h1>\n<p style=\"text-align: left\">O ajuste regular proporciona-lhe um capuz com fecho de correr solto mas confort\u00e1vel, adequado para viagens, pr\u00e9 e p\u00f3s-corrida, bem como para treinos ligeiros.<\/p>\n<p style=\"text-align: left\">Com o seu forro em malha polar escovada, o seu casaco com capuz Recharge oferece um desempenho \u00fanico de elevado isolamento - apesar do seu baixo peso - e adapta-se termicamente \u00e0s necessidades do seu corpo. Elimina ativamente a transpira\u00e7\u00e3o, \u00e9 antibacteriano e respir\u00e1vel, e oferece prote\u00e7\u00e3o UV (UPF 50+).<\/p>\n<p style=\"text-align: left\">O capuz foi concebido para acompanhar os seus movimentos naturais.<\/p>\n<p style=\"text-align: left\">Existem dois bolsos frontais\/laterais com fecho de correr e um log\u00f3tipo de reflexo 3M discreto na clav\u00edcula e na parte inferior das costas.<\/p>\n<p style=\"text-align: left\">A camisola com capuz Recharge da FUSION \u00e9 a companhia natural para as suas cal\u00e7as Recharge, mas \u00e9 claro que tamb\u00e9m combina muito bem com as suas cal\u00e7as de ganga favoritas.<\/p>\n<p style=\"text-align: left\">Em suma, \u00e9 o seu parceiro ideal quando precisa de recarregar baterias.<\/p>\n<p style=\"text-align: left\">Recomendado para : Corrida ligeira, Gin\u00e1sio, Viagem, Recupera\u00e7\u00e3o, Antes e depois da corrida. Forma : Regular.<\/p>\n<p><img fetchpriority=\"high\" decoding=\"async\" src=\"https:\/\/infinitri.be\/wp-content\/uploads\/2023\/02\/Mens-Recharge-Hoodie_0299_Green_4front_v3_low-3583589_750x-545x545.webp\" width=\"545\" height=\"545\" title=\"Mens-Recharge-Hoodie_0299_Green_4front_v3_low-3583589_750x\" alt=\"Mens-Recharge-Hoodie_0299_Green_4front_v3_low-3583589_750x\" \/><\/p>\n<h1>Especifica\u00e7\u00f5es t\u00e9cnicas<\/h1>\n<ul>\n<li>Tecido ativo que absorve o suor<\/li>\n<li>Bolsos com fecho<\/li>\n<li>Tecido produzido em It\u00e1lia<\/li>\n<li>Fabricado na Europa na FUSION.FACTORY<\/li>\n<li>Produto certificado STANDARD 100 pela OEKO-TEX\u00ae. Isto significa que todos os componentes, tais como tecidos, fios, transfers, fechos de correr, el\u00e1sticos, etiquetas, etc., s\u00e3o testados e aprovados em conformidade com a norma e, por conseguinte, n\u00e3o cont\u00eam subst\u00e2ncias nocivas.<\/li>\n<\/ul>\n<p>    <em style=\"color:#000000\"><\/em>PROTEC\u00c7\u00c3O CONTRA O VENTO \u2605\u2605\u2605\u2605<\/p>\n<p>    <em style=\"color:#000000\"><\/em>PROTEC\u00c7\u00c3O CONTRA A CHUVA \u2605\u2605\u2605\u2605<\/p>\n<p>    <em style=\"color:#000000\"><\/em><\/p>\n<p style=\"text-align: center\">LEVEZA \u2605\u2605\u2605\u2605<\/p>\n<p>    <em style=\"color:#000000\"><\/em>SLIM FIT \u2605\u2605\u2605\u2605<\/p>\n<p>    <em style=\"color:#000000\"><\/em>N\u00cdVEL DE COMPRESS\u00c3O \u2605<\/p>\n<h1 style=\"text-align: center\">Material \ud83d\udc56<\/h1>\n<p>Malha circular. 57% poliamida, 28% poli\u00e9ster, 15% elastano.<\/p>\n<p style=\"text-align: left\">Utiliza\u00e7\u00e3o de 5\u00b0C a 15\u00b0C<\/p>\n<p><img decoding=\"async\" src=\"https:\/\/infinitri.be\/wp-content\/uploads\/2023\/02\/Mens-Recharge-Hoodie_0299_Night-Blue_5back_v2_low-3587498_750x-545x545.webp\" width=\"545\" height=\"545\" title=\"Mens-Recharge-Hoodie_0299_Night-Blue_5back_v2_low-3587498_750x\" alt=\"Mens-Recharge-Hoodie_0299_Night-Blue_5back_v2_low-3587498_750x\" \/><br \/>\n<img decoding=\"async\" src=\"https:\/\/infinitri.be\/wp-content\/uploads\/2023\/02\/Mens-Recharge-Hoodie_0299_Black_5front_V2_low-3587496_750x-545x545.webp\" width=\"545\" height=\"545\" title=\"Mens-Recharge-Hoodie_0299_Black_5front_V2_low-3587496_750x\" alt=\"Mens-Recharge-Hoodie_0299_Black_5front_V2_low-3587496_750x\" \/><\/p>\n<h1 style=\"text-align: center\">Dicas de manuten\u00e7\u00e3o \ud83d\udca1<\/h1>\n<p>Lave-o antes de usar pela primeira vez. Se adicionar um pouco de vinagre na primeira lavagem, a cor permanecer\u00e1 mais clara e durar\u00e1 mais tempo.<\/p>\n<p>Lave a sua roupa desportiva a uma temperatura m\u00e1xima de 40 \u00b0C. N\u00e3o utilize detergente nem alvejante.<\/p>\n<p>A utiliza\u00e7\u00e3o de detergente limitar\u00e1 o transporte da humidade do produto.<\/p>\n<p>Seque a sua roupa desportiva FUSION ao ar livre. N\u00e3o a coloque na m\u00e1quina de secar roupa.<\/p>\n<p>Tenha cuidado com objetos pontiagudos, bordas e tiras de velcro de mochilas, cintos e outros itens que possam esfregar contra o tecido e as costuras da sua roupa. Isso pode rasgar o tecido e as costuras da sua roupa desportiva FUSION.<\/p>\n<h1 style=\"text-align: center\">Qual \u00e9 o meu tamanho?<\/h1>\n<p><img decoding=\"async\" src=\"https:\/\/infinitri.be\/wp-content\/uploads\/2023\/02\/mens-recharge-hoodie-size.png\" title=\"tamanho do capuz de recarga para homem\" alt=\"mens-recharge-hoodie-size\" \/><br \/>\n<img loading=\"lazy\" decoding=\"async\" src=\"https:\/\/infinitri.be\/wp-content\/uploads\/2023\/01\/fusion-logo-expanded.svg\" width=\"545\" height=\"545\" title=\"fus\u00e3o-logotipo-expandido\" alt=\"fusion-logo-expanded\"><!--\/themify_builder_static--><\/p>","protected":false},"excerpt":{"rendered":"<p>Casaco \u00e0 prova de vento e repelente de \u00e1gua para uma prote\u00e7\u00e3o extra nas corridas com mau tempo. Casaco de corrida cl\u00e1ssico com pain\u00e9is de ventila\u00e7\u00e3o eficazes.<\/p>","protected":false},"featured_media":274,"comment_status":"open","ping_status":"closed","template":"","meta":[],"product_brand":[331],"product_cat":[16,28],"product_tag":[],"class_list":{"0":"post-28362","1":"product","2":"type-product","3":"status-publish","4":"has-post-thumbnail","6":"product_brand-fusion","7":"product_cat-course","8":"product_cat-tops-pulls","9":"zank_product_brands-fusion","10":"nt-post-class","11":"","17":"first","18":"instock","19":"taxable","20":"shipping-taxable","21":"purchasable","22":"product-type-variable"},"_links":{"self":[{"href":"https:\/\/www.infinitri.be\/pt\/wp-json\/wp\/v2\/product\/28362","targetHints":{"allow":["GET"]}}],"collection":[{"href":"https:\/\/www.infinitri.be\/pt\/wp-json\/wp\/v2\/product"}],"about":[{"href":"https:\/\/www.infinitri.be\/pt\/wp-json\/wp\/v2\/types\/product"}],"replies":[{"embeddable":true,"href":"https:\/\/www.infinitri.be\/pt\/wp-json\/wp\/v2\/comments?post=28362"}],"wp:featuredmedia":[{"embeddable":true,"href":"https:\/\/www.infinitri.be\/pt\/wp-json\/wp\/v2\/media\/274"}],"wp:attachment":[{"href":"https:\/\/www.infinitri.be\/pt\/wp-json\/wp\/v2\/media?parent=28362"}],"wp:term":[{"taxonomy":"product_brand","embeddable":true,"href":"https:\/\/www.infinitri.be\/pt\/wp-json\/wp\/v2\/product_brand?post=28362"},{"taxonomy":"product_cat","embeddable":true,"href":"https:\/\/www.infinitri.be\/pt\/wp-json\/wp\/v2\/product_cat?post=28362"},{"taxonomy":"product_tag","embeddable":true,"href":"https:\/\/www.infinitri.be\/pt\/wp-json\/wp\/v2\/product_tag?post=28362"}],"curies":[{"name":"wp","href":"https:\/\/api.w.org\/{rel}","templated":true}]}}