{"id":28369,"date":"2025-12-25T16:45:08","date_gmt":"2025-12-25T16:45:08","guid":{"rendered":"https:\/\/www.infinitri.be\/?post_type=product&#038;p=28369"},"modified":"2026-04-04T17:34:10","modified_gmt":"2026-04-04T16:34:10","slug":"fusion-recharge-hoodie-femme","status":"publish","type":"product","link":"https:\/\/www.infinitri.be\/pt\/produto\/fusion-recharge-hoodie-femme\/","title":{"rendered":"Moletom com capuz Fusion Recharge para mulher"},"content":{"rendered":"<p><!--themify_builder_static--><\/p>\n<h1 style=\"text-align: center\">Descri\u00e7\u00e3o \u2699<\/h1>\n<p style=\"text-align: left\">Avec son support en polaire gratt\u00e9, votre Recharge Hoodie offre une performance unique de haute isolation &#8211; malgr\u00e9 son faible poids &#8211; et s&#8217;adapte thermiquement aux besoins de votre corps. Il \u00e9vacue activement la transpiration, est antibact\u00e9rien et respirant, et offre une protection contre les UV (UPF 50+). La capuche est con\u00e7ue pour suivre vos mouvements naturels.<\/p>\n<p style=\"text-align: left\">Il y a 2 poches frontales\/lat\u00e9rales zipp\u00e9es et un logo reflex 3M discret sur la clavicule et le bas du dos. Le Recharge Hoodie de FUSION est le compagnon naturel de votre Recharge Pants, mais bien s\u00fbr, il va aussi tr\u00e8s bien avec votre jean pr\u00e9f\u00e9r\u00e9.<\/p>\n<p style=\"text-align: left\">Em suma, \u00e9 o seu parceiro ideal quando precisa de recarregar baterias.<\/p>\n<p style=\"text-align: left\">Recommand\u00e9 pour : la course l\u00e9g\u00e8re, la gym, les voyages, la r\u00e9cup\u00e9ration, la pr\u00e9 et post course. Coupe : R\u00e9guli\u00e8re<\/p>\n<p><img fetchpriority=\"high\" decoding=\"async\" src=\"https:\/\/infinitri.be\/wp-content\/uploads\/2023\/02\/Womens-Recharge-Hoodie_0300_Night-Blue_7f_v1-4798365_750x-545x545.webp\" width=\"545\" height=\"545\" title=\"Womens-Recharge-Hoodie_0300_Night-Blue_7f_v1-4798365_750x\" alt=\"Womens-Recharge-Hoodie_0300_Night-Blue_7f_v1-4798365_750x\" \/><\/p>\n<h1>Especifica\u00e7\u00f5es t\u00e9cnicas<\/h1>\n<ul>\n<li>Tecido ativo que absorve o suor<\/li>\n<li>Bolsos com fecho<\/li>\n<li>Tecido produzido em It\u00e1lia<\/li>\n<li>Fabricado na Europa na FUSION.FACTORY<\/li>\n<li>Produto certificado STANDARD 100 pela OEKO-TEX\u00ae. Isto significa que todos os componentes, tais como tecidos, fios, transfers, fechos de correr, el\u00e1sticos, etiquetas, etc., s\u00e3o testados e aprovados em conformidade com a norma e, por conseguinte, n\u00e3o cont\u00eam subst\u00e2ncias nocivas.<\/li>\n<\/ul>\n<p>    <em style=\"color:#000000\"><\/em>PROTEC\u00c7\u00c3O CONTRA O VENTO \u2605\u2605\u2605\u2605<\/p>\n<p>    <em style=\"color:#000000\"><\/em>PROTEC\u00c7\u00c3O CONTRA A CHUVA \u2605\u2605\u2605\u2605<\/p>\n<p>    <em style=\"color:#000000\"><\/em><\/p>\n<p style=\"text-align: center\">LEVEZA \u2605\u2605\u2605\u2605<\/p>\n<p>    <em style=\"color:#000000\"><\/em>SLIM FIT \u2605\u2605\u2605\u2605<\/p>\n<p>    <em style=\"color:#000000\"><\/em>N\u00cdVEL DE COMPRESS\u00c3O \u2605<\/p>\n<h1 style=\"text-align: center\">Material \ud83d\udc56<\/h1>\n<p style=\"text-align: left\">Malha circular. 57% poliamida, 28% poli\u00e9ster, 15% elastano.<\/p>\n<p style=\"text-align: left\">Utiliza\u00e7\u00e3o de 5\u00b0C a 15\u00b0C<\/p>\n<p><img decoding=\"async\" src=\"https:\/\/infinitri.be\/wp-content\/uploads\/2023\/02\/Womens-Recharge-Hoodie_0300_Black_3d_v1-4798364_750x-545x545.jpg\" width=\"545\" height=\"545\" title=\"Womens-Recharge-Hoodie_0300_Black_3d_v1-4798364_750x\" alt=\"Womens-Recharge-Hoodie_0300_Black_3d_v1-4798364_750x\" \/><br \/>\n<img decoding=\"async\" src=\"https:\/\/infinitri.be\/wp-content\/uploads\/2023\/02\/Womens-Recharge-Hoodie_0300_Green_5s_v3-4798369_750x-545x545.webp\" width=\"545\" height=\"545\" title=\"Womens-Recharge-Hoodie_0300_Green_5s_v3-4798369_750x\" alt=\"Womens-Recharge-Hoodie_0300_Green_5s_v3-4798369_750x\" \/><\/p>\n<h1 style=\"text-align: center\">Dicas de manuten\u00e7\u00e3o \ud83d\udca1<\/h1>\n<p>Lave-o antes de usar pela primeira vez. Se adicionar um pouco de vinagre na primeira lavagem, a cor permanecer\u00e1 mais clara e durar\u00e1 mais tempo.<\/p>\n<p>Lave a sua roupa desportiva a uma temperatura m\u00e1xima de 40 \u00b0C. N\u00e3o utilize detergente nem alvejante.<\/p>\n<p>A utiliza\u00e7\u00e3o de detergente limitar\u00e1 o transporte da humidade do produto.<\/p>\n<p>Seque a sua roupa desportiva FUSION ao ar livre. N\u00e3o a coloque na m\u00e1quina de secar roupa.<\/p>\n<p>Tenha cuidado com objetos pontiagudos, bordas e tiras de velcro de mochilas, cintos e outros itens que possam esfregar contra o tecido e as costuras da sua roupa. Isso pode rasgar o tecido e as costuras da sua roupa desportiva FUSION.<\/p>\n<h1 style=\"text-align: center\">Qual \u00e9 o meu tamanho?<\/h1>\n<p><img decoding=\"async\" src=\"https:\/\/infinitri.be\/wp-content\/uploads\/2023\/02\/women-recharge-hoodie-size.png\" title=\"women-recharge-hoodie-size\" alt=\"women-recharge-hoodie-size\" \/><br \/>\n<img loading=\"lazy\" decoding=\"async\" src=\"https:\/\/infinitri.be\/wp-content\/uploads\/2023\/01\/fusion-logo-expanded.svg\" width=\"545\" height=\"545\" title=\"fus\u00e3o-logotipo-expandido\" alt=\"fusion-logo-expanded\"><!--\/themify_builder_static--><\/p>","protected":false},"excerpt":{"rendered":"<p>Votre nouveau sweat \u00e0 capuche pr\u00e9f\u00e9r\u00e9 pour la vie de tous les jours et entre deux entra\u00eenements. La coupe r\u00e9guli\u00e8re vous donne un sweat \u00e0 capuche zipp\u00e9 ample mais bien ajust\u00e9 qui convient aux voyages, \u00e0 l&#8217;avant et \u00e0 l&#8217;apr\u00e8s-course, ainsi qu&#8217;aux entra\u00eenements l\u00e9gers.<\/p>","protected":false},"featured_media":316,"comment_status":"open","ping_status":"closed","template":"","meta":[],"product_brand":[331],"product_cat":[16,28],"product_tag":[],"class_list":{"0":"post-28369","1":"product","2":"type-product","3":"status-publish","4":"has-post-thumbnail","6":"product_brand-fusion","7":"product_cat-course","8":"product_cat-tops-pulls","9":"zank_product_brands-fusion","10":"nt-post-class","11":"","17":"first","18":"instock","19":"taxable","20":"shipping-taxable","21":"purchasable","22":"product-type-variable"},"_links":{"self":[{"href":"https:\/\/www.infinitri.be\/pt\/wp-json\/wp\/v2\/product\/28369","targetHints":{"allow":["GET"]}}],"collection":[{"href":"https:\/\/www.infinitri.be\/pt\/wp-json\/wp\/v2\/product"}],"about":[{"href":"https:\/\/www.infinitri.be\/pt\/wp-json\/wp\/v2\/types\/product"}],"replies":[{"embeddable":true,"href":"https:\/\/www.infinitri.be\/pt\/wp-json\/wp\/v2\/comments?post=28369"}],"wp:featuredmedia":[{"embeddable":true,"href":"https:\/\/www.infinitri.be\/pt\/wp-json\/wp\/v2\/media\/316"}],"wp:attachment":[{"href":"https:\/\/www.infinitri.be\/pt\/wp-json\/wp\/v2\/media?parent=28369"}],"wp:term":[{"taxonomy":"product_brand","embeddable":true,"href":"https:\/\/www.infinitri.be\/pt\/wp-json\/wp\/v2\/product_brand?post=28369"},{"taxonomy":"product_cat","embeddable":true,"href":"https:\/\/www.infinitri.be\/pt\/wp-json\/wp\/v2\/product_cat?post=28369"},{"taxonomy":"product_tag","embeddable":true,"href":"https:\/\/www.infinitri.be\/pt\/wp-json\/wp\/v2\/product_tag?post=28369"}],"curies":[{"name":"wp","href":"https:\/\/api.w.org\/{rel}","templated":true}]}}