{"id":28412,"date":"2025-12-25T16:45:12","date_gmt":"2025-12-25T16:45:12","guid":{"rendered":"https:\/\/www.infinitri.be\/?post_type=product&#038;p=28412"},"modified":"2026-04-04T17:34:02","modified_gmt":"2026-04-04T16:34:02","slug":"fusion-s3-long-bib-tights","status":"publish","type":"product","link":"https:\/\/www.infinitri.be\/pt\/produto\/fusion-s3-long-bib-tights\/","title":{"rendered":"Fusion -S3 Collants compridos com babete"},"content":{"rendered":"<p><!--themify_builder_static--><\/p>\n<h1 style=\"text-align: center\">Descri\u00e7\u00e3o \u2699<\/h1>\n<p style=\"text-align: left\">La membrane sp\u00e9ciale \u00e0 3 couches dans les jambes de votre S3 LONG BIB TIGHTS a un ext\u00e9rieur d\u00e9perlant, une haute respirabilit\u00e9 et isole \u00e9galement bien. Le mat\u00e9riau est tr\u00e8s \u00e9lastique, de sorte que le collant offre une coupe ajust\u00e9e, quelle que soit la morphologie, et un confort unique lorsqu&#8217;il est port\u00e9 par-dessus vos bavoirs courts pr\u00e9f\u00e9r\u00e9s, car le collant long est sans rembourrage.<\/p>\n<p style=\"text-align: left\">Le mat\u00e9riau du devant de la jambe est constitu\u00e9 d&#8217;une technologie moderne de membrane \u00e0 3 couches fabriqu\u00e9e en Europe. Le pantalon est une couche ext\u00e9rieure chaude et protectrice qui n\u00e9cessite une paire de cuissardes courtes pour obtenir des performances optimales. Le produit est con\u00e7u pour \u00eatre port\u00e9 avec la veste Fusion S3.<\/p>\n<p style=\"text-align: left\">Le collant offre une visibilit\u00e9 r\u00e9fl\u00e9chissante 3M \u00e0 360 degr\u00e9s. La coupe est serr\u00e9e et moyenne. Recommand\u00e9 pour l&#8217;entra\u00eenement cycliste.<\/p>\n<p><img fetchpriority=\"high\" decoding=\"async\" title=\"S3-Cycling-Jacket_0039_Black_6f_v3-4827358_750x\" src=\"https:\/\/infinitri.be\/wp-content\/uploads\/2023\/02\/S3-Cycling-Jacket_0039_Black_6f_v3-4827358_750x-545x545.webp\" alt=\"S3-Cycling-Jacket_0039_Black_6f_v3-4827358_750x\" width=\"545\" height=\"545\" \/><\/p>\n<h1>Especifica\u00e7\u00f5es t\u00e9cnicas<\/h1>\n<ul>\n<li>Le tissu S3 &#8220;Super Soft&#8221;, tr\u00e8s \u00e9lastique, assure un ajustement serr\u00e9 et confortable pour toutes les morphologies. Tissu produit en Italie<\/li>\n<li>La haute respirabilit\u00e9 assure un confort accru dans une large gamme de temp\u00e9ratures.<\/li>\n<li>Sans chamois, \u00e0 porter par-dessus le cuissard Fusion<\/li>\n<li>Visibilit\u00e9 r\u00e9fl\u00e9chissante \u00e0 360 degr\u00e9s<\/li>\n<li>Produtos unissexo<\/li>\n<li>Fabricado na Europa na f\u00e1brica FUSION.<\/li>\n<li>Produto certificado STANDARD 100 pela OEKO-TEX\u00ae. Isso significa que todos os componentes, tais como tecidos, fios, transfer\u00eancias, fechos, el\u00e1sticos, etiquetas, etc., s\u00e3o testados e aprovados de acordo com a norma e, portanto, n\u00e3o cont\u00eam subst\u00e2ncias nocivas.<\/li>\n<\/ul>\n<p>PROTEC\u00c7\u00c3O CONTRA O VENTO \u2605\u2605\u2605\u2605\u2605<\/p>\n<p>PROTEC\u00c7\u00c3O CONTRA A CHUVA \u2605\u2605\u2605\u2605\u2605<\/p>\n<p>&nbsp;<\/p>\n<p style=\"text-align: center\">L\u00c9G\u00c8RET\u00c9 \u2605\u2605\u2605\u2605\u2605<\/p>\n<p>CORTE AJUSTADO \u2605\u2605\u2605\u2605<\/p>\n<p>NIVEAU DE COMPRESSION \u2605\u2605\u2605<\/p>\n<h1 style=\"text-align: center\">Material \ud83d\udc56<\/h1>\n<p style=\"text-align: left\">Devant de la jambe : 73% nylon, 27% \u00e9lasthanne<\/p>\n<p style=\"text-align: left\">Dos de la jambe : 100% polyester<\/p>\n<p style=\"text-align: left\">Membrana: poliuretano 100%<\/p>\n<p style=\"text-align: left\">Utiliza\u00e7\u00e3o de -5\u00b0C a 5\u00b0C<\/p>\n<p><img decoding=\"async\" title=\"S3-long-bib-tights_0038_Black_7_v3-3733517_2000x\" src=\"https:\/\/infinitri.be\/wp-content\/uploads\/2023\/02\/S3-long-bib-tights_0038_Black_7_v3-3733517_2000x-1-768x1024-545x545.jpg\" alt=\"S3-long-bib-tights_0038_Black_7_v3-3733517_2000x\" width=\"545\" height=\"545\" \/><br \/>\n<img decoding=\"async\" title=\"S3-Cycling-Jacket_0039_Orange_5b_v2-4636489_750x\" src=\"https:\/\/infinitri.be\/wp-content\/uploads\/2023\/02\/S3-Cycling-Jacket_0039_Orange_5b_v2-4636489_750x-545x545.webp\" alt=\"S3-Cycling-Jacket_0039_Orange_5b_v2-4636489_750x\" width=\"545\" height=\"545\" \/><\/p>\n<h1 style=\"text-align: center\">Dicas de manuten\u00e7\u00e3o \ud83d\udca1<\/h1>\n<p>Lave-o antes de usar pela primeira vez. Se adicionar um pouco de vinagre na primeira lavagem, a cor permanecer\u00e1 mais clara e durar\u00e1 mais tempo.<\/p>\n<p>Lave a sua roupa desportiva a uma temperatura m\u00e1xima de 40 \u00b0C. N\u00e3o utilize detergente nem alvejante.<\/p>\n<p>A utiliza\u00e7\u00e3o de detergente limitar\u00e1 o transporte da humidade do produto.<\/p>\n<p>Seque a sua roupa desportiva FUSION ao ar livre. N\u00e3o a coloque na m\u00e1quina de secar roupa.<\/p>\n<p>Tenha cuidado com objetos pontiagudos, bordas e tiras de velcro de mochilas, cintos e outros itens que possam esfregar contra o tecido e as costuras da sua roupa. Isso pode rasgar o tecido e as costuras da sua roupa desportiva FUSION.<\/p>\n<h1 style=\"text-align: center\">Qual \u00e9 o meu tamanho?<\/h1>\n<p><img decoding=\"async\" title=\"s3-long-bib-tights\" src=\"https:\/\/infinitri.be\/wp-content\/uploads\/2023\/02\/s3-long-bib-tights.png\" alt=\"s3-long-bib-tights\" \/><br \/>\n<img loading=\"lazy\" decoding=\"async\" title=\"fus\u00e3o-logotipo-expandido\" src=\"https:\/\/infinitri.be\/wp-content\/uploads\/2023\/01\/fusion-logo-expanded.svg\" alt=\"fusion-logo-expanded\" width=\"545\" height=\"545\" \/><!--\/themify_builder_static--><\/p>","protected":false},"excerpt":{"rendered":"<p>Collants longs pour l&#8217;entra\u00eenement pendant les mois froids de l&#8217;hiver &#8211; <strong>unissex<\/strong>. Ce produit est de taille NORMALE, ce qui signifie que vous devez commander la taille que vous utilisez normalement dans d&#8217;autres marques de v\u00eatements de sport. Des collants de cyclisme longs qui vous prot\u00e8gent vraiment lors de vos sorties d&#8217;entra\u00eenement pendant les mois froids de l&#8217;hiver. Ces collants de cyclisme sont unisexes pour les hommes et les femmes.<\/p>","protected":false},"featured_media":378,"comment_status":"open","ping_status":"closed","template":"","meta":[],"product_brand":[331],"product_cat":[39,37],"product_tag":[],"class_list":{"0":"post-28412","1":"product","2":"type-product","3":"status-publish","4":"has-post-thumbnail","6":"product_brand-fusion","7":"product_cat-cuissards","8":"product_cat-cyclisme","9":"zank_product_brands-fusion","10":"nt-post-class","11":"","17":"first","18":"instock","19":"taxable","20":"shipping-taxable","21":"purchasable","22":"product-type-variable"},"_links":{"self":[{"href":"https:\/\/www.infinitri.be\/pt\/wp-json\/wp\/v2\/product\/28412","targetHints":{"allow":["GET"]}}],"collection":[{"href":"https:\/\/www.infinitri.be\/pt\/wp-json\/wp\/v2\/product"}],"about":[{"href":"https:\/\/www.infinitri.be\/pt\/wp-json\/wp\/v2\/types\/product"}],"replies":[{"embeddable":true,"href":"https:\/\/www.infinitri.be\/pt\/wp-json\/wp\/v2\/comments?post=28412"}],"wp:featuredmedia":[{"embeddable":true,"href":"https:\/\/www.infinitri.be\/pt\/wp-json\/wp\/v2\/media\/378"}],"wp:attachment":[{"href":"https:\/\/www.infinitri.be\/pt\/wp-json\/wp\/v2\/media?parent=28412"}],"wp:term":[{"taxonomy":"product_brand","embeddable":true,"href":"https:\/\/www.infinitri.be\/pt\/wp-json\/wp\/v2\/product_brand?post=28412"},{"taxonomy":"product_cat","embeddable":true,"href":"https:\/\/www.infinitri.be\/pt\/wp-json\/wp\/v2\/product_cat?post=28412"},{"taxonomy":"product_tag","embeddable":true,"href":"https:\/\/www.infinitri.be\/pt\/wp-json\/wp\/v2\/product_tag?post=28412"}],"curies":[{"name":"wp","href":"https:\/\/api.w.org\/{rel}","templated":true}]}}