{"id":28460,"date":"2025-12-25T16:45:18","date_gmt":"2025-12-25T16:45:18","guid":{"rendered":"https:\/\/www.infinitri.be\/?post_type=product&#038;p=28460"},"modified":"2026-04-04T18:43:33","modified_gmt":"2026-04-04T17:43:33","slug":"arena-bonnet-illusion","status":"publish","type":"product","link":"https:\/\/www.infinitri.be\/pt\/produto\/arena-bonnet-illusion\/","title":{"rendered":"Arena \u2013 Gorro ilus\u00e3o"},"content":{"rendered":"","protected":false},"excerpt":{"rendered":"<p>O confort\u00e1vel bon\u00e9 unissexo arena Print2 \u00e9 perfeito para todas as formas de cabe\u00e7a. O bon\u00e9 protege o cabelo do cloro e reduz o arrastamento. A aba refor\u00e7ada evita que o bon\u00e9 se levante. O material de silicone especial com um toque de pele de p\u00eassego garante uma maior estabilidade e apoio. Dispon\u00edvel numa gama de modelos originais.<\/p>","protected":false},"featured_media":467,"comment_status":"open","ping_status":"closed","template":"","meta":[],"product_brand":[326],"product_cat":[40,43,41],"product_tag":[],"class_list":{"0":"post-28460","1":"product","2":"type-product","3":"status-publish","4":"has-post-thumbnail","6":"product_brand-arena","7":"product_cat-accessoires","8":"product_cat-bonnet","9":"product_cat-natation","10":"zank_product_brands-arena","11":"nt-post-class","12":"","18":"first","19":"instock","20":"taxable","21":"shipping-taxable","22":"purchasable","23":"product-type-simple"},"_links":{"self":[{"href":"https:\/\/www.infinitri.be\/pt\/wp-json\/wp\/v2\/product\/28460","targetHints":{"allow":["GET"]}}],"collection":[{"href":"https:\/\/www.infinitri.be\/pt\/wp-json\/wp\/v2\/product"}],"about":[{"href":"https:\/\/www.infinitri.be\/pt\/wp-json\/wp\/v2\/types\/product"}],"replies":[{"embeddable":true,"href":"https:\/\/www.infinitri.be\/pt\/wp-json\/wp\/v2\/comments?post=28460"}],"wp:featuredmedia":[{"embeddable":true,"href":"https:\/\/www.infinitri.be\/pt\/wp-json\/wp\/v2\/media\/467"}],"wp:attachment":[{"href":"https:\/\/www.infinitri.be\/pt\/wp-json\/wp\/v2\/media?parent=28460"}],"wp:term":[{"taxonomy":"product_brand","embeddable":true,"href":"https:\/\/www.infinitri.be\/pt\/wp-json\/wp\/v2\/product_brand?post=28460"},{"taxonomy":"product_cat","embeddable":true,"href":"https:\/\/www.infinitri.be\/pt\/wp-json\/wp\/v2\/product_cat?post=28460"},{"taxonomy":"product_tag","embeddable":true,"href":"https:\/\/www.infinitri.be\/pt\/wp-json\/wp\/v2\/product_tag?post=28460"}],"curies":[{"name":"wp","href":"https:\/\/api.w.org\/{rel}","templated":true}]}}