{"id":28504,"date":"2025-12-25T16:45:22","date_gmt":"2025-12-25T16:45:22","guid":{"rendered":"https:\/\/www.infinitri.be\/?post_type=product&#038;p=28504"},"modified":"2026-04-04T18:43:40","modified_gmt":"2026-04-04T17:43:40","slug":"arena-bonnet-diamants-silicone","status":"publish","type":"product","link":"https:\/\/www.infinitri.be\/pt\/produto\/arena-bonnet-diamants-silicone\/","title":{"rendered":"Arena \u2013 Touca Diamantes Silicone"},"content":{"rendered":"","protected":false},"excerpt":{"rendered":"<p>O diamante \u00e9 a pedra preciosa mais brilhante e resistente da Terra. Inspirada no seu log\u00f3tipo, a cole\u00e7\u00e3o Diamonds da arena \u00e9 dedicada \u00e0 resili\u00eancia de cada um de n\u00f3s, que faz com que, tal como os diamantes, brilhemos mais quando estamos juntos. Esta touca de nata\u00e7\u00e3o em silicone flex\u00edvel protege o cabelo do cloro e reduz o efeito de arrasto. Acabamento especial com o log\u00f3tipo da arena com tr\u00eas losangos. Para usar com outros artigos da cole\u00e7\u00e3o.<\/p>","protected":false},"featured_media":27754,"comment_status":"open","ping_status":"closed","template":"","meta":[],"product_brand":[326],"product_cat":[40,43,41],"product_tag":[],"class_list":{"0":"post-28504","1":"product","2":"type-product","3":"status-publish","4":"has-post-thumbnail","6":"product_brand-arena","7":"product_cat-accessoires","8":"product_cat-bonnet","9":"product_cat-natation","10":"zank_product_brands-arena","11":"nt-post-class","12":"","18":"first","19":"instock","20":"sale","21":"taxable","22":"shipping-taxable","23":"purchasable","24":"product-type-simple"},"_links":{"self":[{"href":"https:\/\/www.infinitri.be\/pt\/wp-json\/wp\/v2\/product\/28504","targetHints":{"allow":["GET"]}}],"collection":[{"href":"https:\/\/www.infinitri.be\/pt\/wp-json\/wp\/v2\/product"}],"about":[{"href":"https:\/\/www.infinitri.be\/pt\/wp-json\/wp\/v2\/types\/product"}],"replies":[{"embeddable":true,"href":"https:\/\/www.infinitri.be\/pt\/wp-json\/wp\/v2\/comments?post=28504"}],"wp:featuredmedia":[{"embeddable":true,"href":"https:\/\/www.infinitri.be\/pt\/wp-json\/wp\/v2\/media\/27754"}],"wp:attachment":[{"href":"https:\/\/www.infinitri.be\/pt\/wp-json\/wp\/v2\/media?parent=28504"}],"wp:term":[{"taxonomy":"product_brand","embeddable":true,"href":"https:\/\/www.infinitri.be\/pt\/wp-json\/wp\/v2\/product_brand?post=28504"},{"taxonomy":"product_cat","embeddable":true,"href":"https:\/\/www.infinitri.be\/pt\/wp-json\/wp\/v2\/product_cat?post=28504"},{"taxonomy":"product_tag","embeddable":true,"href":"https:\/\/www.infinitri.be\/pt\/wp-json\/wp\/v2\/product_tag?post=28504"}],"curies":[{"name":"wp","href":"https:\/\/api.w.org\/{rel}","templated":true}]}}