{"id":28519,"date":"2025-12-25T16:45:25","date_gmt":"2025-12-25T16:45:25","guid":{"rendered":"https:\/\/www.infinitri.be\/?post_type=product&#038;p=28519"},"modified":"2026-04-04T18:42:43","modified_gmt":"2026-04-04T17:42:43","slug":"arena-kit-de-straps-multicouleurs-pour-lunettes-de-natation","status":"publish","type":"product","link":"https:\/\/www.infinitri.be\/pt\/produto\/arena-kit-de-straps-multicouleurs-pour-lunettes-de-natation\/","title":{"rendered":"Arena \u2013 Kit de tiras multicoloridas para \u00f3culos de nata\u00e7\u00e3o"},"content":{"rendered":"","protected":false},"excerpt":{"rendered":"<p>Personalize os seus \u00f3culos de prote\u00e7\u00e3o com o kit de correias de silicone para \u00f3culos de competi\u00e7\u00e3o Arena. As correias s\u00e3o f\u00e1ceis de colocar e ajustar gra\u00e7as ao batente integrado. O kit inclui quatro correias de silicone duplas em v\u00e1rias cores.<\/p>","protected":false},"featured_media":27789,"comment_status":"open","ping_status":"closed","template":"","meta":[],"product_brand":[326],"product_cat":[40,57,41],"product_tag":[],"class_list":{"0":"post-28519","1":"product","2":"type-product","3":"status-publish","4":"has-post-thumbnail","6":"product_brand-arena","7":"product_cat-accessoires","8":"product_cat-accessoires-natation","9":"product_cat-natation","10":"zank_product_brands-arena","11":"nt-post-class","12":"","18":"first","19":"instock","20":"taxable","21":"shipping-taxable","22":"purchasable","23":"product-type-simple"},"_links":{"self":[{"href":"https:\/\/www.infinitri.be\/pt\/wp-json\/wp\/v2\/product\/28519","targetHints":{"allow":["GET"]}}],"collection":[{"href":"https:\/\/www.infinitri.be\/pt\/wp-json\/wp\/v2\/product"}],"about":[{"href":"https:\/\/www.infinitri.be\/pt\/wp-json\/wp\/v2\/types\/product"}],"replies":[{"embeddable":true,"href":"https:\/\/www.infinitri.be\/pt\/wp-json\/wp\/v2\/comments?post=28519"}],"wp:featuredmedia":[{"embeddable":true,"href":"https:\/\/www.infinitri.be\/pt\/wp-json\/wp\/v2\/media\/27789"}],"wp:attachment":[{"href":"https:\/\/www.infinitri.be\/pt\/wp-json\/wp\/v2\/media?parent=28519"}],"wp:term":[{"taxonomy":"product_brand","embeddable":true,"href":"https:\/\/www.infinitri.be\/pt\/wp-json\/wp\/v2\/product_brand?post=28519"},{"taxonomy":"product_cat","embeddable":true,"href":"https:\/\/www.infinitri.be\/pt\/wp-json\/wp\/v2\/product_cat?post=28519"},{"taxonomy":"product_tag","embeddable":true,"href":"https:\/\/www.infinitri.be\/pt\/wp-json\/wp\/v2\/product_tag?post=28519"}],"curies":[{"name":"wp","href":"https:\/\/api.w.org\/{rel}","templated":true}]}}