{"id":28528,"date":"2025-12-25T16:45:25","date_gmt":"2025-12-25T16:45:25","guid":{"rendered":"https:\/\/www.infinitri.be\/?post_type=product&#038;p=28528"},"modified":"2026-04-04T17:30:24","modified_gmt":"2026-04-04T16:30:24","slug":"arena-waves-fille","status":"publish","type":"product","link":"https:\/\/www.infinitri.be\/pt\/produto\/arena-waves-fille\/","title":{"rendered":"Arena - Waves - Rapariga"},"content":{"rendered":"","protected":false},"excerpt":{"rendered":"<p>Le maillot de bain ultra-confortable arena Waves pour filles est ideal pour les nageuses de loisir. Mati\u00e8re MaxFit ultra-resistante au chlore et \u00e0 l\u2019eau salee, avec protectionUV integree UPF50+. Facile \u00e0 enfiler gr\u00e2ce \u00e0 sa mati\u00e8re douce composee d\u2019elasthanne, il offre un maintien ideal et confortable. Les larges bretelles et le dos ergonomique garantissent un maintien renforce et fiable.<\/p>","protected":false},"featured_media":27847,"comment_status":"open","ping_status":"closed","template":"","meta":[],"product_brand":[326],"product_cat":[86,41],"product_tag":[],"class_list":{"0":"post-28528","1":"product","2":"type-product","3":"status-publish","4":"has-post-thumbnail","6":"product_brand-arena","7":"product_cat-maillots","8":"product_cat-natation","9":"zank_product_brands-arena","10":"nt-post-class","11":"","17":"first","18":"instock","19":"sale","20":"taxable","21":"shipping-taxable","22":"purchasable","23":"product-type-variable"},"_links":{"self":[{"href":"https:\/\/www.infinitri.be\/pt\/wp-json\/wp\/v2\/product\/28528","targetHints":{"allow":["GET"]}}],"collection":[{"href":"https:\/\/www.infinitri.be\/pt\/wp-json\/wp\/v2\/product"}],"about":[{"href":"https:\/\/www.infinitri.be\/pt\/wp-json\/wp\/v2\/types\/product"}],"replies":[{"embeddable":true,"href":"https:\/\/www.infinitri.be\/pt\/wp-json\/wp\/v2\/comments?post=28528"}],"wp:featuredmedia":[{"embeddable":true,"href":"https:\/\/www.infinitri.be\/pt\/wp-json\/wp\/v2\/media\/27847"}],"wp:attachment":[{"href":"https:\/\/www.infinitri.be\/pt\/wp-json\/wp\/v2\/media?parent=28528"}],"wp:term":[{"taxonomy":"product_brand","embeddable":true,"href":"https:\/\/www.infinitri.be\/pt\/wp-json\/wp\/v2\/product_brand?post=28528"},{"taxonomy":"product_cat","embeddable":true,"href":"https:\/\/www.infinitri.be\/pt\/wp-json\/wp\/v2\/product_cat?post=28528"},{"taxonomy":"product_tag","embeddable":true,"href":"https:\/\/www.infinitri.be\/pt\/wp-json\/wp\/v2\/product_tag?post=28528"}],"curies":[{"name":"wp","href":"https:\/\/api.w.org\/{rel}","templated":true}]}}