{"id":28587,"date":"2025-12-25T16:45:33","date_gmt":"2025-12-25T16:45:33","guid":{"rendered":"https:\/\/www.infinitri.be\/?post_type=product&#038;p=28587"},"modified":"2026-04-04T17:30:16","modified_gmt":"2026-04-04T16:30:16","slug":"arena-icons-swimsuit-super-fly-b-panel-black-asphalt","status":"publish","type":"product","link":"https:\/\/www.infinitri.be\/pt\/produto\/arena-icons-swimsuit-super-fly-b-panel-black-asphalt\/","title":{"rendered":"Arena - Icons Swimsuit Super Fly B Panel preto-asfalto"},"content":{"rendered":"<p>Le tissu MaxLife Eco ultra-r\u00e9sistant au chlore avec protection UV int\u00e9gr\u00e9e UPF 50+ est durable et s\u00e8che tr\u00e8s rapidement. Cette nouvelle version \u00e9co-responsable du tissu arenaMaxLife contient au moins 50% de polyester recycle \u00e0 partir de bouteilles en plastique PET. De plus, il est issu d\u2019un processus de production optimise pour \u00e9conomiser de l&#8217;\u00e9nergie, r\u00e9duire les \u00e9missions de CO\u00b2 et minimiser la consommation d\u2019eau. Le dos ouvert et la coupe ajust\u00e9e sur le devant garantissent une libert\u00e9 de mouvement maximale, une excellente sensation sur l\u2019eau et r\u00e9duisent la tra\u00een\u00e9e. Tous les composants de ce tissu certifie STANDARD 100 by OEKO-TEX ont \u00e9t\u00e9 soumis \u00e0 des contr\u00f4les sur les substances dangereuses afin de garantir un article sans danger pour la sante humaine. Ces contr\u00f4les sont r\u00e9alis\u00e9s dans les instituts de notre partenaire OEKO-TEX ind\u00e9pendant en fonction d\u2019un ensemble complet de crit\u00e8res d\u2019essai.<\/p>\n<p><!--themify_builder_static-->    <em><\/em> <\/p>\n<h3> Resistente ao cloro <\/h3>\n<p>Sim<\/p>\n<p>    <em><\/em> <\/p>\n<h3> Material <\/h3>\n<p>\u00a0MaxLife Eco<\/p>\n<p>    <em><\/em> <\/p>\n<h3> Voltar <\/h3>\n<p>Super Fly Back<\/p>\n<p>    <em><\/em> <\/p>\n<h3> Cortar <\/h3>\n<p>Coupe haute &#8211; sangles \u00e9troites<\/p>\n<p>    <em><\/em> <\/p>\n<h3> Revestimento <\/h3>\n<p>Forro frontal<\/p>\n<p>    <em><\/em> <\/p>\n<h3> Intensidade do treino <\/h3>\n<p>3x semaine<\/p>\n<p><!--\/themify_builder_static--><\/p>","protected":false},"excerpt":{"rendered":"<p>Le maillot de bain ultra-durable et resistant au chlore arena Icons Super Fly Back Panel pour femmes de la ligne Performance d\u2019arena est ideal pour les nageuses competitrices et les nageuses reguli\u00e8res, qui nagent souvent en piscine.<\/p>","protected":false},"featured_media":27952,"comment_status":"open","ping_status":"closed","template":"","meta":[],"product_brand":[326],"product_cat":[86,41],"product_tag":[],"class_list":{"0":"post-28587","1":"product","2":"type-product","3":"status-publish","4":"has-post-thumbnail","6":"product_brand-arena","7":"product_cat-maillots","8":"product_cat-natation","9":"zank_product_brands-arena","10":"nt-post-class","11":"","17":"first","18":"instock","19":"sale","20":"taxable","21":"shipping-taxable","22":"purchasable","23":"product-type-variable"},"_links":{"self":[{"href":"https:\/\/www.infinitri.be\/pt\/wp-json\/wp\/v2\/product\/28587","targetHints":{"allow":["GET"]}}],"collection":[{"href":"https:\/\/www.infinitri.be\/pt\/wp-json\/wp\/v2\/product"}],"about":[{"href":"https:\/\/www.infinitri.be\/pt\/wp-json\/wp\/v2\/types\/product"}],"replies":[{"embeddable":true,"href":"https:\/\/www.infinitri.be\/pt\/wp-json\/wp\/v2\/comments?post=28587"}],"wp:featuredmedia":[{"embeddable":true,"href":"https:\/\/www.infinitri.be\/pt\/wp-json\/wp\/v2\/media\/27952"}],"wp:attachment":[{"href":"https:\/\/www.infinitri.be\/pt\/wp-json\/wp\/v2\/media?parent=28587"}],"wp:term":[{"taxonomy":"product_brand","embeddable":true,"href":"https:\/\/www.infinitri.be\/pt\/wp-json\/wp\/v2\/product_brand?post=28587"},{"taxonomy":"product_cat","embeddable":true,"href":"https:\/\/www.infinitri.be\/pt\/wp-json\/wp\/v2\/product_cat?post=28587"},{"taxonomy":"product_tag","embeddable":true,"href":"https:\/\/www.infinitri.be\/pt\/wp-json\/wp\/v2\/product_tag?post=28587"}],"curies":[{"name":"wp","href":"https:\/\/api.w.org\/{rel}","templated":true}]}}