{"id":28653,"date":"2025-12-25T16:45:40","date_gmt":"2025-12-25T16:45:40","guid":{"rendered":"https:\/\/www.infinitri.be\/?post_type=product&#038;p=28653"},"modified":"2026-04-04T17:30:06","modified_gmt":"2026-04-04T16:30:06","slug":"arena-galactics-swim-pro-back-fille","status":"publish","type":"product","link":"https:\/\/www.infinitri.be\/pt\/produto\/arena-galactics-swim-pro-back-fille\/","title":{"rendered":"Arena - Galactics Swim Pro Back- Menina"},"content":{"rendered":"<p>Esta nova vers\u00e3o eco-respons\u00e1vel do tecido arenaMaxLife cont\u00e9m pelo menos 50% de poli\u00e9ster reciclado a partir de garrafas de pl\u00e1stico PET. Al\u00e9m disso, prov\u00e9m de um processo de produ\u00e7\u00e3o optimizado para poupar energia, reduzir as emiss\u00f5es de CO\u00b2 e minimizar o consumo de \u00e1gua. As costas ergon\u00f3micas e as al\u00e7as largas proporcionam um apoio fi\u00e1vel para o busto e a cintura.<\/p>\n<p><!--themify_builder_static--><!--\/themify_builder_static--><\/p>","protected":false},"excerpt":{"rendered":"<p>O fato de banho arena Galactics Swim Pro Back sport look para rapariga \u00e9 ideal para nadadoras de competi\u00e7\u00e3o e nadadoras regulares que nadam frequentemente na piscina. O tecido MaxLife Eco ultra-resistente ao cloro com prote\u00e7\u00e3o UV UPF 50+ integrada \u00e9 dur\u00e1vel e seca muito rapidamente.<\/p>","protected":false},"featured_media":28078,"comment_status":"open","ping_status":"closed","template":"","meta":[],"product_brand":[326],"product_cat":[86,41],"product_tag":[],"class_list":{"0":"post-28653","1":"product","2":"type-product","3":"status-publish","4":"has-post-thumbnail","6":"product_brand-arena","7":"product_cat-maillots","8":"product_cat-natation","9":"zank_product_brands-arena","10":"nt-post-class","11":"","17":"first","18":"instock","19":"sale","20":"taxable","21":"shipping-taxable","22":"purchasable","23":"product-type-variable"},"_links":{"self":[{"href":"https:\/\/www.infinitri.be\/pt\/wp-json\/wp\/v2\/product\/28653","targetHints":{"allow":["GET"]}}],"collection":[{"href":"https:\/\/www.infinitri.be\/pt\/wp-json\/wp\/v2\/product"}],"about":[{"href":"https:\/\/www.infinitri.be\/pt\/wp-json\/wp\/v2\/types\/product"}],"replies":[{"embeddable":true,"href":"https:\/\/www.infinitri.be\/pt\/wp-json\/wp\/v2\/comments?post=28653"}],"wp:featuredmedia":[{"embeddable":true,"href":"https:\/\/www.infinitri.be\/pt\/wp-json\/wp\/v2\/media\/28078"}],"wp:attachment":[{"href":"https:\/\/www.infinitri.be\/pt\/wp-json\/wp\/v2\/media?parent=28653"}],"wp:term":[{"taxonomy":"product_brand","embeddable":true,"href":"https:\/\/www.infinitri.be\/pt\/wp-json\/wp\/v2\/product_brand?post=28653"},{"taxonomy":"product_cat","embeddable":true,"href":"https:\/\/www.infinitri.be\/pt\/wp-json\/wp\/v2\/product_cat?post=28653"},{"taxonomy":"product_tag","embeddable":true,"href":"https:\/\/www.infinitri.be\/pt\/wp-json\/wp\/v2\/product_tag?post=28653"}],"curies":[{"name":"wp","href":"https:\/\/api.w.org\/{rel}","templated":true}]}}