{"id":28660,"date":"2025-12-25T16:45:40","date_gmt":"2025-12-25T16:45:40","guid":{"rendered":"https:\/\/www.infinitri.be\/?post_type=product&#038;p=28660"},"modified":"2026-04-04T17:30:06","modified_gmt":"2026-04-04T16:30:06","slug":"arena-slow-motion-court","status":"publish","type":"product","link":"https:\/\/www.infinitri.be\/pt\/produto\/arena-slow-motion-court\/","title":{"rendered":"Arena &#8211; Slow Motion Court"},"content":{"rendered":"<p>O tecido MaxLife Eco ultra-resistente ao cloro com prote\u00e7\u00e3o UV UPF 50+ integrada \u00e9 dur\u00e1vel e seca muito rapidamente. Esta nova vers\u00e3o eco-respons\u00e1vel do tecido arenaMaxLife cont\u00e9m pelo menos 50% de poli\u00e9ster reciclado a partir de garrafas de pl\u00e1stico PET. Al\u00e9m disso, prov\u00e9m de um processo de produ\u00e7\u00e3o optimizado para poupar energia, reduzir as emiss\u00f5es de CO2 e minimizar o consumo de \u00e1gua. Inclui um forro \u00e0 frente. Cord\u00e3o interno ajust\u00e1vel para um excelente ajuste.<\/p>\n<p>Comprimento: 14 cm. Todos os componentes deste tecido com certifica\u00e7\u00e3o STANDARD 100 by OEKO-TEX foram testados quanto a subst\u00e2ncias perigosas, de modo a garantir um artigo seguro para a sa\u00fade humana. Estes controlos s\u00e3o efectuados nos institutos do nosso parceiro independente OEKO-TEX de acordo com um conjunto completo de crit\u00e9rios de teste.<\/p>","protected":false},"excerpt":{"rendered":"<p>Le short de bain taille basse tendance, ultra-durable et resistant au chlore arena Slow Motion pour hommes de la ligne Performance d\u2019arena est ideal pour les nageurs competiteurs et les nageurs reguliers, qui nagent souvent en piscine.<\/p>","protected":false},"featured_media":28094,"comment_status":"open","ping_status":"closed","template":"","meta":[],"product_brand":[326],"product_cat":[86,41],"product_tag":[],"class_list":{"0":"post-28660","1":"product","2":"type-product","3":"status-publish","4":"has-post-thumbnail","6":"product_brand-arena","7":"product_cat-maillots","8":"product_cat-natation","9":"zank_product_brands-arena","10":"nt-post-class","11":"","17":"first","18":"instock","19":"sale","20":"taxable","21":"shipping-taxable","22":"purchasable","23":"product-type-variable"},"_links":{"self":[{"href":"https:\/\/www.infinitri.be\/pt\/wp-json\/wp\/v2\/product\/28660","targetHints":{"allow":["GET"]}}],"collection":[{"href":"https:\/\/www.infinitri.be\/pt\/wp-json\/wp\/v2\/product"}],"about":[{"href":"https:\/\/www.infinitri.be\/pt\/wp-json\/wp\/v2\/types\/product"}],"replies":[{"embeddable":true,"href":"https:\/\/www.infinitri.be\/pt\/wp-json\/wp\/v2\/comments?post=28660"}],"wp:featuredmedia":[{"embeddable":true,"href":"https:\/\/www.infinitri.be\/pt\/wp-json\/wp\/v2\/media\/28094"}],"wp:attachment":[{"href":"https:\/\/www.infinitri.be\/pt\/wp-json\/wp\/v2\/media?parent=28660"}],"wp:term":[{"taxonomy":"product_brand","embeddable":true,"href":"https:\/\/www.infinitri.be\/pt\/wp-json\/wp\/v2\/product_brand?post=28660"},{"taxonomy":"product_cat","embeddable":true,"href":"https:\/\/www.infinitri.be\/pt\/wp-json\/wp\/v2\/product_cat?post=28660"},{"taxonomy":"product_tag","embeddable":true,"href":"https:\/\/www.infinitri.be\/pt\/wp-json\/wp\/v2\/product_tag?post=28660"}],"curies":[{"name":"wp","href":"https:\/\/api.w.org\/{rel}","templated":true}]}}