{"id":28771,"date":"2025-12-25T16:45:53","date_gmt":"2025-12-25T16:45:53","guid":{"rendered":"https:\/\/www.infinitri.be\/?post_type=product&#038;p=28771"},"modified":"2026-04-05T12:59:15","modified_gmt":"2026-04-05T11:59:15","slug":"arena-powerskin-carbon-core-fx-jammer","status":"publish","type":"product","link":"https:\/\/www.infinitri.be\/pt\/produto\/arena-powerskin-carbon-core-fx-jammer\/","title":{"rendered":"Arena &#8211; Powerskin Carbon Core FX Jammer"},"content":{"rendered":"<p><!--themify_builder_static-->\u00a0<\/p>\n<h1 style=\"text-align: center\" data-content-type=\"text\" data-appearance=\"default\" data-element=\"main\" data-pb-style=\"WTSTT5E\">POWERSKIN CARBON CORE FX<\/h1>\n<h3 style=\"text-align: center\" data-content-type=\"text\" data-appearance=\"default\" data-element=\"main\" data-pb-style=\"WTSTT5E\">LA COMBINAISON ARENA LA PLUS COMPRESSIVE<\/h3>\n<p><img fetchpriority=\"high\" decoding=\"async\" src=\"https:\/\/infinitri.be\/wp-content\/uploads\/2023\/02\/arena-powerskin-carbon-core-fx-carbon-cage-compression-800x730-1-580x600.webp\" width=\"580\" height=\"600\" title=\"arena-powerskin-carbon-core-fx-carbon-cage-compression-800x730\" alt=\"arena-powerskin-carbon-core-fx-carbon-cage-compression-800x730\" \/><\/p>\n<p><b>COMPRESSION ULTIME<\/b><\/p>\n<p>Technologie de compression CARBON CAGE<\/p>\n<p>Une grille horizontale et verticale qui entoure des groupes musculaires sp\u00e9cifiques pour une compression musculaire tr\u00e8s forte et durable sur toute la surface, avec une sensation de verrouillage.<\/p>\n<p style=\"text-align: left\"><b>STRUCTURE \u00c0 DOUBLE BANDE<\/b><\/p>\n<p>\u00c0 l&#8217;arri\u00e8re des jambes pour un effet de levage qui aide \u00e0 maintenir une position haute du corps m\u00eame en cas de fatigue. Pour une hauteur de hanches maximale dans l&#8217;eau.<\/p>\n<p>\u00a0<\/p>\n<p><img decoding=\"async\" src=\"https:\/\/infinitri.be\/wp-content\/uploads\/2023\/02\/arena-powerskin-carbon-core-fx-twin-tape-structure-800x730-1-600x628.webp\" width=\"600\" height=\"628\" title=\"arena-powerskin-carbon-core-fx-twin-tape-structure-800x730\" alt=\"arena-powerskin-carbon-core-fx-twin-tape-structure-800x730\" \/><br \/>\n<img decoding=\"async\" src=\"https:\/\/infinitri.be\/wp-content\/uploads\/2023\/02\/arena-powerskin-carbon-core-fx-internal-taping-system-800x730-1-580x600.webp\" width=\"580\" height=\"600\" title=\"arena-powerskin-carbon-core-fx-internal-taping-system-800x730\" alt=\"arena-powerskin-carbon-core-fx-internal-taping-system-800x730\" \/><\/p>\n<h3><b style=\"font-size: 20px\">STABILISATION<\/b><\/h3>\n<p>Le syst\u00e8me de taping interne offre un soutien puissant et une stabilisation du tronc.<\/p>\n<p style=\"text-align: left\"><b>SENSATION DE VERROUILLAGE<\/b><\/p>\n<p> Grande couverture de la doublure interne \u00a0 <\/p>\n<p style=\"text-align: left\">Pour une meilleure stabilit\u00e9 du tronc et une meilleure position du corps afin de r\u00e9duire la tra\u00een\u00e9e. Avec un profil de pression maximal et uniform\u00e9ment r\u00e9parti et une sensation de verrouillage dans les jambes et le torse (combinaison pour femmes uniquement).\u00a0<\/p>\n<p><img loading=\"lazy\" decoding=\"async\" src=\"https:\/\/infinitri.be\/wp-content\/uploads\/2023\/02\/arena-powerskin-carbon-core-fx-large-internal-coverage-800x730-1-600x628.webp\" width=\"600\" height=\"628\" title=\"arena-powerskin-carbon-core-fx-large-internal-coverage-800x730\" alt=\"arena-powerskin-carbon-core-fx-large-internal-coverage-800x730\" \/><br \/>\n<img loading=\"lazy\" decoding=\"async\" src=\"https:\/\/infinitri.be\/wp-content\/uploads\/2023\/02\/powerskin-carbon-corefx-new-panel-structure-2022-800x730_all-580x600.webp\" width=\"580\" height=\"600\" title=\"powerskin-carbon-corefx-new-panel-structure-2022-800x730_all\" alt=\"powerskin-carbon-corefx-new-panel-structure-2022-800x730_all\" \/><\/p>\n<h3><b>FLEXIBILIT\u00c9 DU HAUT DU CORPS<br \/><\/b><\/h3>\n<p>Ouverture frontale de la poitrine dans la doublure<\/p>\n<p>Pour une meilleure flexibilit\u00e9 du haut du corps, sans compromettre la compression et le soutien globaux (combinaison pour femmes uniquement).<\/p>\n<p><!--\/themify_builder_static--><\/p>","protected":false},"excerpt":{"rendered":"<p>La fa\u00e7on dont vous vous sentez dans l&#8217;eau a un impact \u00e9norme sur votre course. Nos combinaisons Powerskin Carbon Core FX Jammers sont con\u00e7ues pour procurer une sensation de force maximale. Cette combinaison technique pour hommes compresse intens\u00e9ment, oxyg\u00e9nant les groupes de muscles sp\u00e9cifiques qui entrent en action lors de la natation. Elle est coup\u00e9e dans un tissu Carbon Cage avec des bandes horizontales et verticales qui se fixent sur le corps. Des lignes parall\u00e8les de double bande \u00e0 l&#8217;arri\u00e8re des jambes aident \u00e0 maintenir une position horizontale et soulev\u00e9e dans l&#8217;eau, m\u00eame lorsque vous \u00eates fatigu\u00e9. Ressentez un soutien puissant et une stabilit\u00e9 du tronc \u00e0 l&#8217;int\u00e9rieur gr\u00e2ce au syst\u00e8me de bandes internes. Verrouill\u00e9, soulev\u00e9 et pr\u00eat \u00e0 partir.<\/p>","protected":false},"featured_media":28249,"comment_status":"open","ping_status":"closed","template":"","meta":[],"product_brand":[326],"product_cat":[60,126,41],"product_tag":[],"class_list":{"0":"post-28771","1":"product","2":"type-product","3":"status-publish","4":"has-post-thumbnail","6":"product_brand-arena","7":"product_cat-fina","8":"product_cat-maillot-competition","9":"product_cat-natation","10":"zank_product_brands-arena","11":"nt-post-class","12":"","18":"first","19":"instock","20":"sale","21":"taxable","22":"shipping-taxable","23":"purchasable","24":"product-type-variable"},"_links":{"self":[{"href":"https:\/\/www.infinitri.be\/pt\/wp-json\/wp\/v2\/product\/28771","targetHints":{"allow":["GET"]}}],"collection":[{"href":"https:\/\/www.infinitri.be\/pt\/wp-json\/wp\/v2\/product"}],"about":[{"href":"https:\/\/www.infinitri.be\/pt\/wp-json\/wp\/v2\/types\/product"}],"replies":[{"embeddable":true,"href":"https:\/\/www.infinitri.be\/pt\/wp-json\/wp\/v2\/comments?post=28771"}],"wp:featuredmedia":[{"embeddable":true,"href":"https:\/\/www.infinitri.be\/pt\/wp-json\/wp\/v2\/media\/28249"}],"wp:attachment":[{"href":"https:\/\/www.infinitri.be\/pt\/wp-json\/wp\/v2\/media?parent=28771"}],"wp:term":[{"taxonomy":"product_brand","embeddable":true,"href":"https:\/\/www.infinitri.be\/pt\/wp-json\/wp\/v2\/product_brand?post=28771"},{"taxonomy":"product_cat","embeddable":true,"href":"https:\/\/www.infinitri.be\/pt\/wp-json\/wp\/v2\/product_cat?post=28771"},{"taxonomy":"product_tag","embeddable":true,"href":"https:\/\/www.infinitri.be\/pt\/wp-json\/wp\/v2\/product_tag?post=28771"}],"curies":[{"name":"wp","href":"https:\/\/api.w.org\/{rel}","templated":true}]}}