{"id":28803,"date":"2025-12-25T16:47:33","date_gmt":"2025-12-25T16:47:33","guid":{"rendered":"https:\/\/www.infinitri.be\/?post_type=product&#038;p=28803"},"modified":"2026-04-04T17:29:50","modified_gmt":"2026-04-04T16:29:50","slug":"arena-powerskin-carbon-core-fx-diamonds-open-back","status":"publish","type":"product","link":"https:\/\/www.infinitri.be\/pt\/produto\/arena-powerskin-carbon-core-fx-diamonds-open-back\/","title":{"rendered":"Arena - Powerskin Carbon Core FX Diamonds Open Back"},"content":{"rendered":"<p>O exterior \u00e9 fabricado com o nosso tecido Carbon Cage com riscas horizontais e verticais que se fixam ao corpo para uma compress\u00e3o e pot\u00eancia intensas. A parte de tr\u00e1s aberta desta joelheira aprovada pela FINA garante uma sensa\u00e7\u00e3o de proximidade com a \u00e1gua.<\/p>\n<p><!--themify_builder_static--><!--\/themify_builder_static--><\/p>","protected":false},"excerpt":{"rendered":"<p>Com um novo design do nosso log\u00f3tipo hist\u00f3rico, o nosso fato de mergulho Diamonds Open Back Powerskin Carbon Core FX \u00e9 um fato de mergulho t\u00e9cnico orientado para o desempenho para mulher. A banda dupla na parte de tr\u00e1s das pernas ajuda a elevar o corpo atrav\u00e9s da \u00e1gua, mesmo quando est\u00e1 cansada. O forro Carbon Band aumenta a estabilidade do n\u00facleo para reduzir a resist\u00eancia e tem um recorte por baixo do peito para garantir uma total amplitude de movimentos.<\/p>","protected":false},"featured_media":28879,"comment_status":"open","ping_status":"closed","template":"","meta":[],"product_brand":[326],"product_cat":[60,126,41],"product_tag":[],"class_list":{"0":"post-28803","1":"product","2":"type-product","3":"status-publish","4":"has-post-thumbnail","6":"product_brand-arena","7":"product_cat-fina","8":"product_cat-maillot-competition","9":"product_cat-natation","10":"zank_product_brands-arena","11":"nt-post-class","12":"","18":"first","19":"instock","20":"sale","21":"taxable","22":"shipping-taxable","23":"purchasable","24":"product-type-variable"},"_links":{"self":[{"href":"https:\/\/www.infinitri.be\/pt\/wp-json\/wp\/v2\/product\/28803","targetHints":{"allow":["GET"]}}],"collection":[{"href":"https:\/\/www.infinitri.be\/pt\/wp-json\/wp\/v2\/product"}],"about":[{"href":"https:\/\/www.infinitri.be\/pt\/wp-json\/wp\/v2\/types\/product"}],"replies":[{"embeddable":true,"href":"https:\/\/www.infinitri.be\/pt\/wp-json\/wp\/v2\/comments?post=28803"}],"wp:featuredmedia":[{"embeddable":true,"href":"https:\/\/www.infinitri.be\/pt\/wp-json\/wp\/v2\/media\/28879"}],"wp:attachment":[{"href":"https:\/\/www.infinitri.be\/pt\/wp-json\/wp\/v2\/media?parent=28803"}],"wp:term":[{"taxonomy":"product_brand","embeddable":true,"href":"https:\/\/www.infinitri.be\/pt\/wp-json\/wp\/v2\/product_brand?post=28803"},{"taxonomy":"product_cat","embeddable":true,"href":"https:\/\/www.infinitri.be\/pt\/wp-json\/wp\/v2\/product_cat?post=28803"},{"taxonomy":"product_tag","embeddable":true,"href":"https:\/\/www.infinitri.be\/pt\/wp-json\/wp\/v2\/product_tag?post=28803"}],"curies":[{"name":"wp","href":"https:\/\/api.w.org\/{rel}","templated":true}]}}