{"id":28927,"date":"2025-12-25T16:59:49","date_gmt":"2025-12-25T16:59:49","guid":{"rendered":"https:\/\/www.infinitri.be\/?post_type=product&#038;p=28927"},"modified":"2026-04-21T17:11:17","modified_gmt":"2026-04-21T16:11:17","slug":"huub-ceinture-porte-dossard","status":"publish","type":"product","link":"https:\/\/www.infinitri.be\/pt\/produto\/huub-ceinture-porte-dossard\/","title":{"rendered":"Huub \u2013 Cinto para dorsal"},"content":{"rendered":"","protected":false},"excerpt":{"rendered":"<p>Un essentiel du triathlon qui sert \u00e0 maintenir votre num\u00e9ro de course en place pendant la natation, le v\u00e9lo et la course \u00e0 pied ; la fa\u00e7on la plus simple de gagner du temps en transition ! Il suffit d&#8217;attacher votre num\u00e9ro \u00e0 la ceinture \u00e0 l&#8217;aide des boutons et vous \u00eates pr\u00eat \u00e0 partir.<\/p>","protected":false},"featured_media":28979,"comment_status":"open","ping_status":"closed","template":"","meta":[],"product_brand":[286],"product_cat":[40,139,16,59],"product_tag":[],"class_list":{"0":"post-28927","1":"product","2":"type-product","3":"status-publish","4":"has-post-thumbnail","6":"product_brand-huub","7":"product_cat-accessoires","8":"product_cat-accessoires-running","9":"product_cat-course","10":"product_cat-triathlon","11":"zank_product_brands-huub","12":"nt-post-class","13":"","19":"first","20":"instock","21":"taxable","22":"shipping-taxable","23":"purchasable","24":"product-type-simple"},"_links":{"self":[{"href":"https:\/\/www.infinitri.be\/pt\/wp-json\/wp\/v2\/product\/28927","targetHints":{"allow":["GET"]}}],"collection":[{"href":"https:\/\/www.infinitri.be\/pt\/wp-json\/wp\/v2\/product"}],"about":[{"href":"https:\/\/www.infinitri.be\/pt\/wp-json\/wp\/v2\/types\/product"}],"replies":[{"embeddable":true,"href":"https:\/\/www.infinitri.be\/pt\/wp-json\/wp\/v2\/comments?post=28927"}],"wp:featuredmedia":[{"embeddable":true,"href":"https:\/\/www.infinitri.be\/pt\/wp-json\/wp\/v2\/media\/28979"}],"wp:attachment":[{"href":"https:\/\/www.infinitri.be\/pt\/wp-json\/wp\/v2\/media?parent=28927"}],"wp:term":[{"taxonomy":"product_brand","embeddable":true,"href":"https:\/\/www.infinitri.be\/pt\/wp-json\/wp\/v2\/product_brand?post=28927"},{"taxonomy":"product_cat","embeddable":true,"href":"https:\/\/www.infinitri.be\/pt\/wp-json\/wp\/v2\/product_cat?post=28927"},{"taxonomy":"product_tag","embeddable":true,"href":"https:\/\/www.infinitri.be\/pt\/wp-json\/wp\/v2\/product_tag?post=28927"}],"curies":[{"name":"wp","href":"https:\/\/api.w.org\/{rel}","templated":true}]}}