{"id":28938,"date":"2025-12-25T17:00:34","date_gmt":"2025-12-25T17:00:34","guid":{"rendered":"https:\/\/www.infinitri.be\/?post_type=product&#038;p=28938"},"modified":"2026-04-04T17:35:31","modified_gmt":"2026-04-04T16:35:31","slug":"huub-safety-tow-float","status":"publish","type":"product","link":"https:\/\/www.infinitri.be\/pt\/produto\/huub-safety-tow-float\/","title":{"rendered":"Huub \u2013 Flutuador de reboque de seguran\u00e7a"},"content":{"rendered":"<p>Uma vez insuflado, o flutuador de reboque de seguran\u00e7a de 16 litros pode ser fixado com um cinto ajust\u00e1vel e uma trela. Fabricada em PVC resistente, \u00e9 100 % \u00e0 prova de \u00e1gua e pode conter objectos pessoais, para que possa manter as suas coisas seguras e secas enquanto nada.<\/p>","protected":false},"excerpt":{"rendered":"<p>As b\u00f3ias de reboque de cores vivas s\u00e3o um artigo essencial para os nadadores ao ar livre e, em algumas provas, s\u00e3o obrigat\u00f3rias. Ideal para as \u00e1guas onde h\u00e1 barcos, a boia de reboque aumenta a sua visibilidade na \u00e1gua, quer esteja a nadar sozinho ou em grupo, interferindo muito pouco com a sua nata\u00e7\u00e3o (n\u00e3o se aperceber\u00e1 da sua presen\u00e7a). Se precisar de descansar ou de ajuda, a boia de reboque dar-lhe-\u00e1 um apoio flutuante capaz de suportar o seu peso e ser\u00e1 mais f\u00e1cil localiz\u00e1-lo. Se levar os seus filhos para o mar, uma boia de reboque permitir-lhe-\u00e1 localiz\u00e1-los muito rapidamente.<\/p>","protected":false},"featured_media":28989,"comment_status":"open","ping_status":"closed","template":"","meta":[],"product_brand":[286],"product_cat":[40,137,57,41,59],"product_tag":[],"class_list":{"0":"post-28938","1":"product","2":"type-product","3":"status-publish","4":"has-post-thumbnail","6":"product_brand-huub","7":"product_cat-accessoires","8":"product_cat-accessoires-eau-libre","9":"product_cat-accessoires-natation","10":"product_cat-natation","11":"product_cat-triathlon","12":"zank_product_brands-huub","13":"nt-post-class","14":"","20":"first","21":"instock","22":"taxable","23":"shipping-taxable","24":"purchasable","25":"product-type-variable"},"_links":{"self":[{"href":"https:\/\/www.infinitri.be\/pt\/wp-json\/wp\/v2\/product\/28938","targetHints":{"allow":["GET"]}}],"collection":[{"href":"https:\/\/www.infinitri.be\/pt\/wp-json\/wp\/v2\/product"}],"about":[{"href":"https:\/\/www.infinitri.be\/pt\/wp-json\/wp\/v2\/types\/product"}],"replies":[{"embeddable":true,"href":"https:\/\/www.infinitri.be\/pt\/wp-json\/wp\/v2\/comments?post=28938"}],"wp:featuredmedia":[{"embeddable":true,"href":"https:\/\/www.infinitri.be\/pt\/wp-json\/wp\/v2\/media\/28989"}],"wp:attachment":[{"href":"https:\/\/www.infinitri.be\/pt\/wp-json\/wp\/v2\/media?parent=28938"}],"wp:term":[{"taxonomy":"product_brand","embeddable":true,"href":"https:\/\/www.infinitri.be\/pt\/wp-json\/wp\/v2\/product_brand?post=28938"},{"taxonomy":"product_cat","embeddable":true,"href":"https:\/\/www.infinitri.be\/pt\/wp-json\/wp\/v2\/product_cat?post=28938"},{"taxonomy":"product_tag","embeddable":true,"href":"https:\/\/www.infinitri.be\/pt\/wp-json\/wp\/v2\/product_tag?post=28938"}],"curies":[{"name":"wp","href":"https:\/\/api.w.org\/{rel}","templated":true}]}}